{"id":131,"date":"2026-04-06T08:58:52","date_gmt":"2026-04-06T08:58:52","guid":{"rendered":"https:\/\/shalonchemicalindustries.com\/?page_id=131"},"modified":"2026-04-10T02:56:19","modified_gmt":"2026-04-10T02:56:19","slug":"nosotros","status":"publish","type":"page","link":"https:\/\/shalonchemicalindustries.com\/index.php\/nosotros\/","title":{"rendered":"Nosotros"},"content":{"rendered":"\n<div class=\"wp-block-cover\"><img loading=\"lazy\" decoding=\"async\" width=\"1024\" height=\"576\" class=\"wp-block-cover__image-background wp-image-134 size-large\" alt=\"\" src=\"https:\/\/shalonchemicalindustries.com\/wp-content\/uploads\/2026\/04\/fondo-ahora-si-1024x576.png\" data-object-fit=\"cover\" srcset=\"https:\/\/shalonchemicalindustries.com\/wp-content\/uploads\/2026\/04\/fondo-ahora-si-1024x576.png 1024w, https:\/\/shalonchemicalindustries.com\/wp-content\/uploads\/2026\/04\/fondo-ahora-si-600x338.png 600w, https:\/\/shalonchemicalindustries.com\/wp-content\/uploads\/2026\/04\/fondo-ahora-si-300x169.png 300w, https:\/\/shalonchemicalindustries.com\/wp-content\/uploads\/2026\/04\/fondo-ahora-si-768x432.png 768w, https:\/\/shalonchemicalindustries.com\/wp-content\/uploads\/2026\/04\/fondo-ahora-si-1536x864.png 1536w, https:\/\/shalonchemicalindustries.com\/wp-content\/uploads\/2026\/04\/fondo-ahora-si.png 1920w\" sizes=\"auto, (max-width: 1024px) 100vw, 1024px\" \/><span aria-hidden=\"true\" class=\"wp-block-cover__background has-background-dim\" style=\"background-color:#b94111\"><\/span><div class=\"wp-block-cover__inner-container is-layout-constrained wp-block-cover-is-layout-constrained\">\n<div class=\"wp-block-group has-background\" style=\"background-color:#00000099\"><div class=\"wp-block-group__inner-container is-layout-constrained wp-block-group-is-layout-constrained\">\n<div class=\"wp-block-columns is-layout-flex wp-container-core-columns-is-layout-9d6595d7 wp-block-columns-is-layout-flex\">\n<div class=\"wp-block-column is-layout-flow wp-block-column-is-layout-flow\"><div class=\"wp-block-image\">\n<figure class=\"aligncenter size-full is-resized\"><img loading=\"lazy\" decoding=\"async\" width=\"50\" height=\"50\" src=\"https:\/\/shalonchemicalindustries.com\/wp-content\/uploads\/2026\/04\/1-2.png\" alt=\"\" class=\"wp-image-141\" style=\"width:94px;height:auto\"\/><\/figure>\n<\/div>\n\n\n<h2 class=\"wp-block-heading has-text-align-center\">Misi\u00f3n<\/h2>\n\n\n\n<p class=\"has-text-align-center\">Satisfacer necesidades de la industria nacional e internacional con productos refractarios y servicios especializados, con prestigio de nuestra marca y continuo perfeccionamiento tecnol\u00f3gico, promoviendo el desarrollo de nuestro personal y preservaci\u00f3n del medio ambiente.<\/p>\n<\/div>\n\n\n\n<div class=\"wp-block-column is-layout-flow wp-block-column-is-layout-flow\"><div class=\"wp-block-image\">\n<figure class=\"aligncenter size-full is-resized\"><img loading=\"lazy\" decoding=\"async\" width=\"50\" height=\"50\" src=\"https:\/\/shalonchemicalindustries.com\/wp-content\/uploads\/2026\/04\/2-1.png\" alt=\"\" class=\"wp-image-142\" style=\"width:92px;height:auto\"\/><\/figure>\n<\/div>\n\n\n<h2 class=\"wp-block-heading has-text-align-center\">Visi\u00f3n<\/h2>\n\n\n\n<p class=\"has-text-align-center\">Ser lider en servicios refractarios y desarrollo humano.<\/p>\n<\/div>\n\n\n\n<div class=\"wp-block-column is-layout-flow wp-block-column-is-layout-flow\"><div class=\"wp-block-image\">\n<figure class=\"aligncenter size-full is-resized\"><img loading=\"lazy\" decoding=\"async\" width=\"50\" height=\"50\" src=\"https:\/\/shalonchemicalindustries.com\/wp-content\/uploads\/2026\/04\/3-1.png\" alt=\"\" class=\"wp-image-143\" style=\"width:92px;height:auto\"\/><\/figure>\n<\/div>\n\n\n<h2 class=\"wp-block-heading has-text-align-center\">Valores<\/h2>\n\n\n\n<p class=\"has-text-align-center\">Honradez, puntualidad y calidad.<\/p>\n<\/div>\n<\/div>\n\n\n\n<h2 class=\"wp-block-heading\"><\/h2>\n<\/div><\/div>\n<\/div><\/div>\n\n\n\n<p class=\"has-white-color has-text-color has-link-color wp-elements-7e4ac651328708ea719ac0894fa30934\">.<\/p>\n\n\n\n<h2 class=\"wp-block-heading has-text-align-center has-vivid-red-color has-text-color has-link-color wp-elements-c5e87378518efcd338217b25c62e4085\" style=\"font-size:46px\"><strong>NUESTRO EQUIPO<\/strong><\/h2>\n\n\n\n<p class=\"has-text-align-center has-black-color has-text-color has-link-color wp-elements-ca2ede3bafab150d5908895a51d418e0\">Profesionales a tu servicio<\/p>\n\n\n<div class=\"wp-block-image\">\n<figure class=\"aligncenter size-full\"><img loading=\"lazy\" decoding=\"async\" width=\"946\" height=\"578\" src=\"https:\/\/shalonchemicalindustries.com\/wp-content\/uploads\/2026\/04\/Personal.jpg\" alt=\"\" class=\"wp-image-157\" srcset=\"https:\/\/shalonchemicalindustries.com\/wp-content\/uploads\/2026\/04\/Personal.jpg 946w, https:\/\/shalonchemicalindustries.com\/wp-content\/uploads\/2026\/04\/Personal-600x367.jpg 600w, https:\/\/shalonchemicalindustries.com\/wp-content\/uploads\/2026\/04\/Personal-300x183.jpg 300w, https:\/\/shalonchemicalindustries.com\/wp-content\/uploads\/2026\/04\/Personal-768x469.jpg 768w\" sizes=\"auto, (max-width: 946px) 100vw, 946px\" \/><\/figure>\n<\/div>\n\n\n<p class=\"has-white-color has-text-color has-link-color wp-elements-7e4ac651328708ea719ac0894fa30934\">.<\/p>\n\n\n\n<h2 class=\"wp-block-heading has-text-align-center has-vivid-red-color has-text-color has-link-color wp-elements-f59a8627bfd00892b62e25c6fd12fe19\" style=\"font-size:46px\"><strong>LOCALES Y PERSONAL<\/strong><\/h2>\n\n\n\n<p class=\"has-text-align-center has-black-color has-text-color has-link-color wp-elements-ca2ede3bafab150d5908895a51d418e0\">Profesionales a tu servicio<\/p>\n\n\n<div class=\"wp-block-image\">\n<figure class=\"aligncenter size-full\"><img loading=\"lazy\" decoding=\"async\" width=\"920\" height=\"669\" src=\"https:\/\/shalonchemicalindustries.com\/wp-content\/uploads\/2026\/04\/Locales-y-personal.jpg\" alt=\"\" class=\"wp-image-160\" srcset=\"https:\/\/shalonchemicalindustries.com\/wp-content\/uploads\/2026\/04\/Locales-y-personal.jpg 920w, https:\/\/shalonchemicalindustries.com\/wp-content\/uploads\/2026\/04\/Locales-y-personal-600x436.jpg 600w, https:\/\/shalonchemicalindustries.com\/wp-content\/uploads\/2026\/04\/Locales-y-personal-300x218.jpg 300w, https:\/\/shalonchemicalindustries.com\/wp-content\/uploads\/2026\/04\/Locales-y-personal-768x558.jpg 768w\" sizes=\"auto, (max-width: 920px) 100vw, 920px\" \/><\/figure>\n<\/div>\n\n\n<p class=\"has-white-color has-text-color has-link-color wp-elements-7e4ac651328708ea719ac0894fa30934\">.<\/p>\n\n\n\n<h2 class=\"wp-block-heading has-text-align-center has-vivid-red-color has-text-color has-link-color wp-elements-d1dd4661237a95852af29b6ae3d40f74\" style=\"font-size:46px\"><strong>GARANT\u00cdA Y CALIDAD<\/strong><\/h2>\n\n\n\n<p class=\"has-text-align-center has-black-color has-text-color has-link-color wp-elements-fad72e4a917f5f87d5ec57d64b1e15f6\">Contamos con un grupo de t\u00e9cnicos que le dar\u00e1n atenci\u00f3n de calidad, poniendo a su alcance los \u00faltimos avances tecnol\u00f3gicos para brindarle el mejor servicio t\u00e9cnico que usted merece.<\/p>\n\n\n\n<p><\/p>\n","protected":false},"excerpt":{"rendered":"<p>. NUESTRO EQUIPO Profesionales a tu servicio . LOCALES Y PERSONAL Profesionales a tu servicio . GARANT\u00cdA Y CALIDAD Contamos con un grupo de t\u00e9cnicos que le dar\u00e1n atenci\u00f3n de &#8230;<\/p>\n","protected":false},"author":1,"featured_media":0,"parent":0,"menu_order":0,"comment_status":"closed","ping_status":"closed","template":"template-fullwidth.php","meta":{"_joinchat":[],"footnotes":""},"class_list":["post-131","page","type-page","status-publish","hentry"],"yoast_head":"<!-- This site is optimized with the Yoast SEO plugin v27.4 - https:\/\/yoast.com\/product\/yoast-seo-wordpress\/ -->\n<title>Nosotros - Shalon Chemical Industries S.a.C<\/title>\n<meta name=\"robots\" content=\"index, follow, max-snippet:-1, max-image-preview:large, max-video-preview:-1\" \/>\n<link rel=\"canonical\" href=\"https:\/\/shalonchemicalindustries.com\/index.php\/nosotros\/\" \/>\n<meta property=\"og:locale\" content=\"es_ES\" \/>\n<meta property=\"og:type\" content=\"article\" \/>\n<meta property=\"og:title\" content=\"Nosotros - Shalon Chemical Industries S.a.C\" \/>\n<meta property=\"og:description\" content=\". NUESTRO EQUIPO Profesionales a tu servicio . LOCALES Y PERSONAL Profesionales a tu servicio . GARANT\u00cdA Y CALIDAD Contamos con un grupo de t\u00e9cnicos que le dar\u00e1n atenci\u00f3n de ...\" \/>\n<meta property=\"og:url\" content=\"https:\/\/shalonchemicalindustries.com\/index.php\/nosotros\/\" \/>\n<meta property=\"og:site_name\" content=\"Shalon Chemical Industries S.a.C\" \/>\n<meta property=\"article:modified_time\" content=\"2026-04-10T02:56:19+00:00\" \/>\n<meta property=\"og:image\" content=\"https:\/\/shalonchemicalindustries.com\/wp-content\/uploads\/2026\/04\/fondo-ahora-si.png\" \/>\n\t<meta property=\"og:image:width\" content=\"1920\" \/>\n\t<meta property=\"og:image:height\" content=\"1080\" \/>\n\t<meta property=\"og:image:type\" content=\"image\/png\" \/>\n<meta name=\"twitter:card\" content=\"summary_large_image\" \/>\n<meta name=\"twitter:label1\" content=\"Tiempo de lectura\" \/>\n\t<meta name=\"twitter:data1\" content=\"1 minuto\" \/>\n<script type=\"application\/ld+json\" class=\"yoast-schema-graph\">{\"@context\":\"https:\\\/\\\/schema.org\",\"@graph\":[{\"@type\":\"WebPage\",\"@id\":\"https:\\\/\\\/shalonchemicalindustries.com\\\/index.php\\\/nosotros\\\/\",\"url\":\"https:\\\/\\\/shalonchemicalindustries.com\\\/index.php\\\/nosotros\\\/\",\"name\":\"Nosotros - Shalon Chemical Industries S.a.C\",\"isPartOf\":{\"@id\":\"https:\\\/\\\/shalonchemicalindustries.com\\\/#website\"},\"primaryImageOfPage\":{\"@id\":\"https:\\\/\\\/shalonchemicalindustries.com\\\/index.php\\\/nosotros\\\/#primaryimage\"},\"image\":{\"@id\":\"https:\\\/\\\/shalonchemicalindustries.com\\\/index.php\\\/nosotros\\\/#primaryimage\"},\"thumbnailUrl\":\"https:\\\/\\\/shalonchemicalindustries.com\\\/wp-content\\\/uploads\\\/2026\\\/04\\\/fondo-ahora-si-1024x576.png\",\"datePublished\":\"2026-04-06T08:58:52+00:00\",\"dateModified\":\"2026-04-10T02:56:19+00:00\",\"breadcrumb\":{\"@id\":\"https:\\\/\\\/shalonchemicalindustries.com\\\/index.php\\\/nosotros\\\/#breadcrumb\"},\"inLanguage\":\"es\",\"potentialAction\":[{\"@type\":\"ReadAction\",\"target\":[\"https:\\\/\\\/shalonchemicalindustries.com\\\/index.php\\\/nosotros\\\/\"]}]},{\"@type\":\"ImageObject\",\"inLanguage\":\"es\",\"@id\":\"https:\\\/\\\/shalonchemicalindustries.com\\\/index.php\\\/nosotros\\\/#primaryimage\",\"url\":\"https:\\\/\\\/shalonchemicalindustries.com\\\/wp-content\\\/uploads\\\/2026\\\/04\\\/fondo-ahora-si.png\",\"contentUrl\":\"https:\\\/\\\/shalonchemicalindustries.com\\\/wp-content\\\/uploads\\\/2026\\\/04\\\/fondo-ahora-si.png\",\"width\":1920,\"height\":1080},{\"@type\":\"BreadcrumbList\",\"@id\":\"https:\\\/\\\/shalonchemicalindustries.com\\\/index.php\\\/nosotros\\\/#breadcrumb\",\"itemListElement\":[{\"@type\":\"ListItem\",\"position\":1,\"name\":\"Portada\",\"item\":\"https:\\\/\\\/shalonchemicalindustries.com\\\/\"},{\"@type\":\"ListItem\",\"position\":2,\"name\":\"Nosotros\"}]},{\"@type\":\"WebSite\",\"@id\":\"https:\\\/\\\/shalonchemicalindustries.com\\\/#website\",\"url\":\"https:\\\/\\\/shalonchemicalindustries.com\\\/\",\"name\":\"Shalon Chemical Industries S.a.C\",\"description\":\"\",\"publisher\":{\"@id\":\"https:\\\/\\\/shalonchemicalindustries.com\\\/#organization\"},\"potentialAction\":[{\"@type\":\"SearchAction\",\"target\":{\"@type\":\"EntryPoint\",\"urlTemplate\":\"https:\\\/\\\/shalonchemicalindustries.com\\\/?s={search_term_string}\"},\"query-input\":{\"@type\":\"PropertyValueSpecification\",\"valueRequired\":true,\"valueName\":\"search_term_string\"}}],\"inLanguage\":\"es\"},{\"@type\":\"Organization\",\"@id\":\"https:\\\/\\\/shalonchemicalindustries.com\\\/#organization\",\"name\":\"Shalon Chemical Industries S.a.C\",\"url\":\"https:\\\/\\\/shalonchemicalindustries.com\\\/\",\"logo\":{\"@type\":\"ImageObject\",\"inLanguage\":\"es\",\"@id\":\"https:\\\/\\\/shalonchemicalindustries.com\\\/#\\\/schema\\\/logo\\\/image\\\/\",\"url\":\"https:\\\/\\\/shalonchemicalindustries.com\\\/wp-content\\\/uploads\\\/2026\\\/04\\\/cropped-logo.png\",\"contentUrl\":\"https:\\\/\\\/shalonchemicalindustries.com\\\/wp-content\\\/uploads\\\/2026\\\/04\\\/cropped-logo.png\",\"width\":163,\"height\":89,\"caption\":\"Shalon Chemical Industries S.a.C\"},\"image\":{\"@id\":\"https:\\\/\\\/shalonchemicalindustries.com\\\/#\\\/schema\\\/logo\\\/image\\\/\"}}]}<\/script>\n<!-- \/ Yoast SEO plugin. -->","yoast_head_json":{"title":"Nosotros - Shalon Chemical Industries S.a.C","robots":{"index":"index","follow":"follow","max-snippet":"max-snippet:-1","max-image-preview":"max-image-preview:large","max-video-preview":"max-video-preview:-1"},"canonical":"https:\/\/shalonchemicalindustries.com\/index.php\/nosotros\/","og_locale":"es_ES","og_type":"article","og_title":"Nosotros - Shalon Chemical Industries S.a.C","og_description":". NUESTRO EQUIPO Profesionales a tu servicio . LOCALES Y PERSONAL Profesionales a tu servicio . GARANT\u00cdA Y CALIDAD Contamos con un grupo de t\u00e9cnicos que le dar\u00e1n atenci\u00f3n de ...","og_url":"https:\/\/shalonchemicalindustries.com\/index.php\/nosotros\/","og_site_name":"Shalon Chemical Industries S.a.C","article_modified_time":"2026-04-10T02:56:19+00:00","og_image":[{"width":1920,"height":1080,"url":"https:\/\/shalonchemicalindustries.com\/wp-content\/uploads\/2026\/04\/fondo-ahora-si.png","type":"image\/png"}],"twitter_card":"summary_large_image","twitter_misc":{"Tiempo de lectura":"1 minuto"},"schema":{"@context":"https:\/\/schema.org","@graph":[{"@type":"WebPage","@id":"https:\/\/shalonchemicalindustries.com\/index.php\/nosotros\/","url":"https:\/\/shalonchemicalindustries.com\/index.php\/nosotros\/","name":"Nosotros - Shalon Chemical Industries S.a.C","isPartOf":{"@id":"https:\/\/shalonchemicalindustries.com\/#website"},"primaryImageOfPage":{"@id":"https:\/\/shalonchemicalindustries.com\/index.php\/nosotros\/#primaryimage"},"image":{"@id":"https:\/\/shalonchemicalindustries.com\/index.php\/nosotros\/#primaryimage"},"thumbnailUrl":"https:\/\/shalonchemicalindustries.com\/wp-content\/uploads\/2026\/04\/fondo-ahora-si-1024x576.png","datePublished":"2026-04-06T08:58:52+00:00","dateModified":"2026-04-10T02:56:19+00:00","breadcrumb":{"@id":"https:\/\/shalonchemicalindustries.com\/index.php\/nosotros\/#breadcrumb"},"inLanguage":"es","potentialAction":[{"@type":"ReadAction","target":["https:\/\/shalonchemicalindustries.com\/index.php\/nosotros\/"]}]},{"@type":"ImageObject","inLanguage":"es","@id":"https:\/\/shalonchemicalindustries.com\/index.php\/nosotros\/#primaryimage","url":"https:\/\/shalonchemicalindustries.com\/wp-content\/uploads\/2026\/04\/fondo-ahora-si.png","contentUrl":"https:\/\/shalonchemicalindustries.com\/wp-content\/uploads\/2026\/04\/fondo-ahora-si.png","width":1920,"height":1080},{"@type":"BreadcrumbList","@id":"https:\/\/shalonchemicalindustries.com\/index.php\/nosotros\/#breadcrumb","itemListElement":[{"@type":"ListItem","position":1,"name":"Portada","item":"https:\/\/shalonchemicalindustries.com\/"},{"@type":"ListItem","position":2,"name":"Nosotros"}]},{"@type":"WebSite","@id":"https:\/\/shalonchemicalindustries.com\/#website","url":"https:\/\/shalonchemicalindustries.com\/","name":"Shalon Chemical Industries S.a.C","description":"","publisher":{"@id":"https:\/\/shalonchemicalindustries.com\/#organization"},"potentialAction":[{"@type":"SearchAction","target":{"@type":"EntryPoint","urlTemplate":"https:\/\/shalonchemicalindustries.com\/?s={search_term_string}"},"query-input":{"@type":"PropertyValueSpecification","valueRequired":true,"valueName":"search_term_string"}}],"inLanguage":"es"},{"@type":"Organization","@id":"https:\/\/shalonchemicalindustries.com\/#organization","name":"Shalon Chemical Industries S.a.C","url":"https:\/\/shalonchemicalindustries.com\/","logo":{"@type":"ImageObject","inLanguage":"es","@id":"https:\/\/shalonchemicalindustries.com\/#\/schema\/logo\/image\/","url":"https:\/\/shalonchemicalindustries.com\/wp-content\/uploads\/2026\/04\/cropped-logo.png","contentUrl":"https:\/\/shalonchemicalindustries.com\/wp-content\/uploads\/2026\/04\/cropped-logo.png","width":163,"height":89,"caption":"Shalon Chemical Industries S.a.C"},"image":{"@id":"https:\/\/shalonchemicalindustries.com\/#\/schema\/logo\/image\/"}}]}},"_links":{"self":[{"href":"https:\/\/shalonchemicalindustries.com\/index.php\/wp-json\/wp\/v2\/pages\/131","targetHints":{"allow":["GET"]}}],"collection":[{"href":"https:\/\/shalonchemicalindustries.com\/index.php\/wp-json\/wp\/v2\/pages"}],"about":[{"href":"https:\/\/shalonchemicalindustries.com\/index.php\/wp-json\/wp\/v2\/types\/page"}],"author":[{"embeddable":true,"href":"https:\/\/shalonchemicalindustries.com\/index.php\/wp-json\/wp\/v2\/users\/1"}],"replies":[{"embeddable":true,"href":"https:\/\/shalonchemicalindustries.com\/index.php\/wp-json\/wp\/v2\/comments?post=131"}],"version-history":[{"count":16,"href":"https:\/\/shalonchemicalindustries.com\/index.php\/wp-json\/wp\/v2\/pages\/131\/revisions"}],"predecessor-version":[{"id":561,"href":"https:\/\/shalonchemicalindustries.com\/index.php\/wp-json\/wp\/v2\/pages\/131\/revisions\/561"}],"wp:attachment":[{"href":"https:\/\/shalonchemicalindustries.com\/index.php\/wp-json\/wp\/v2\/media?parent=131"}],"curies":[{"name":"wp","href":"https:\/\/api.w.org\/{rel}","templated":true}]}}