{"id":193,"date":"2026-04-07T01:56:02","date_gmt":"2026-04-07T01:56:02","guid":{"rendered":"https:\/\/shalonchemicalindustries.com\/?page_id=193"},"modified":"2026-04-07T02:54:08","modified_gmt":"2026-04-07T02:54:08","slug":"servicios","status":"publish","type":"page","link":"https:\/\/shalonchemicalindustries.com\/index.php\/servicios\/","title":{"rendered":"Servicios"},"content":{"rendered":"\n<h2 class=\"wp-block-heading has-text-align-center has-vivid-red-color has-text-color has-link-color wp-elements-9c062a23c64aa5cea7a14fa10291e4e9\" style=\"font-size:46px\"><strong>SERVICIOS<\/strong><\/h2>\n\n\n\n<p class=\"has-text-align-center has-black-color has-text-color has-link-color wp-elements-6c488b003c9a5941a520ede3ac16d954\" id=\"p-rc_b473ebdd97aa5cc6-107\">Servicio t\u00e9cnico, asesoramiento, dise\u00f1o, mantenimiento y construcci\u00f3n de hornos, chimeneas industriales, agregados y piezas refractarias propias para cada industria y proyectos. Fabricaci\u00f3n de muflas, horno rotatorio agroindustrial. As\u00ed como asesor\u00eda en la aplicaci\u00f3n de nuestros productos, y demostraci\u00f3n en Planta del cliente.<sup><\/sup><sup><\/sup><\/p>\n\n\n\n<p class=\"has-text-align-center has-black-color has-text-color has-link-color wp-elements-7f0dced45d129a6706751f464ae1b833\" id=\"p-rc_b473ebdd97aa5cc6-108\">Nuestro personal calificado y tecnolog\u00eda, hace posible la eficiencia y versatilidad de nuestros servicios.<sup><\/sup><sup><\/sup><\/p>\n\n\n\n<p class=\"has-text-align-center has-black-color has-text-color has-link-color wp-elements-4d347e311aec6adabb064fdb06ab6968\" id=\"p-rc_b473ebdd97aa5cc6-109\">Algunas de las \u00e1reas de servicio que atendemo<sup><\/sup>s son:<sup><\/sup><\/p>\n\n\n<div class=\"wp-block-image\">\n<figure class=\"aligncenter size-full is-resized\"><img loading=\"lazy\" decoding=\"async\" width=\"821\" height=\"737\" src=\"https:\/\/shalonchemicalindustries.com\/wp-content\/uploads\/2026\/04\/Servicios-1.jpg\" alt=\"\" class=\"wp-image-204\" style=\"aspect-ratio:1.2684187850064628;width:814px;height:auto\" srcset=\"https:\/\/shalonchemicalindustries.com\/wp-content\/uploads\/2026\/04\/Servicios-1.jpg 821w, https:\/\/shalonchemicalindustries.com\/wp-content\/uploads\/2026\/04\/Servicios-1-300x269.jpg 300w, https:\/\/shalonchemicalindustries.com\/wp-content\/uploads\/2026\/04\/Servicios-1-768x689.jpg 768w, https:\/\/shalonchemicalindustries.com\/wp-content\/uploads\/2026\/04\/Servicios-1-600x539.jpg 600w\" sizes=\"auto, (max-width: 821px) 100vw, 821px\" \/><\/figure>\n<\/div>","protected":false},"excerpt":{"rendered":"<p>SERVICIOS Servicio t\u00e9cnico, asesoramiento, dise\u00f1o, mantenimiento y construcci\u00f3n de hornos, chimeneas industriales, agregados y piezas refractarias propias para cada industria y proyectos. Fabricaci\u00f3n de muflas, horno rotatorio agroindustrial. As\u00ed como &#8230;<\/p>\n","protected":false},"author":1,"featured_media":0,"parent":0,"menu_order":0,"comment_status":"closed","ping_status":"closed","template":"template-fullwidth.php","meta":{"_joinchat":[],"footnotes":""},"class_list":["post-193","page","type-page","status-publish","hentry"],"yoast_head":"<!-- This site is optimized with the Yoast SEO plugin v27.4 - https:\/\/yoast.com\/product\/yoast-seo-wordpress\/ -->\n<title>Servicios - Shalon Chemical Industries S.a.C<\/title>\n<meta name=\"robots\" content=\"index, follow, max-snippet:-1, max-image-preview:large, max-video-preview:-1\" \/>\n<link rel=\"canonical\" href=\"https:\/\/shalonchemicalindustries.com\/index.php\/servicios\/\" \/>\n<meta property=\"og:locale\" content=\"es_ES\" \/>\n<meta property=\"og:type\" content=\"article\" \/>\n<meta property=\"og:title\" content=\"Servicios - Shalon Chemical Industries S.a.C\" \/>\n<meta property=\"og:description\" content=\"SERVICIOS Servicio t\u00e9cnico, asesoramiento, dise\u00f1o, mantenimiento y construcci\u00f3n de hornos, chimeneas industriales, agregados y piezas refractarias propias para cada industria y proyectos. Fabricaci\u00f3n de muflas, horno rotatorio agroindustrial. As\u00ed como ...\" \/>\n<meta property=\"og:url\" content=\"https:\/\/shalonchemicalindustries.com\/index.php\/servicios\/\" \/>\n<meta property=\"og:site_name\" content=\"Shalon Chemical Industries S.a.C\" \/>\n<meta property=\"article:modified_time\" content=\"2026-04-07T02:54:08+00:00\" \/>\n<meta property=\"og:image\" content=\"https:\/\/shalonchemicalindustries.com\/wp-content\/uploads\/2026\/04\/Servicios-1.jpg\" \/>\n\t<meta property=\"og:image:width\" content=\"821\" \/>\n\t<meta property=\"og:image:height\" content=\"737\" \/>\n\t<meta property=\"og:image:type\" content=\"image\/jpeg\" \/>\n<meta name=\"twitter:card\" content=\"summary_large_image\" \/>\n<script type=\"application\/ld+json\" class=\"yoast-schema-graph\">{\"@context\":\"https:\\\/\\\/schema.org\",\"@graph\":[{\"@type\":\"WebPage\",\"@id\":\"https:\\\/\\\/shalonchemicalindustries.com\\\/index.php\\\/servicios\\\/\",\"url\":\"https:\\\/\\\/shalonchemicalindustries.com\\\/index.php\\\/servicios\\\/\",\"name\":\"Servicios - Shalon Chemical Industries S.a.C\",\"isPartOf\":{\"@id\":\"https:\\\/\\\/shalonchemicalindustries.com\\\/#website\"},\"primaryImageOfPage\":{\"@id\":\"https:\\\/\\\/shalonchemicalindustries.com\\\/index.php\\\/servicios\\\/#primaryimage\"},\"image\":{\"@id\":\"https:\\\/\\\/shalonchemicalindustries.com\\\/index.php\\\/servicios\\\/#primaryimage\"},\"thumbnailUrl\":\"https:\\\/\\\/shalonchemicalindustries.com\\\/wp-content\\\/uploads\\\/2026\\\/04\\\/Servicios-1.jpg\",\"datePublished\":\"2026-04-07T01:56:02+00:00\",\"dateModified\":\"2026-04-07T02:54:08+00:00\",\"breadcrumb\":{\"@id\":\"https:\\\/\\\/shalonchemicalindustries.com\\\/index.php\\\/servicios\\\/#breadcrumb\"},\"inLanguage\":\"es\",\"potentialAction\":[{\"@type\":\"ReadAction\",\"target\":[\"https:\\\/\\\/shalonchemicalindustries.com\\\/index.php\\\/servicios\\\/\"]}]},{\"@type\":\"ImageObject\",\"inLanguage\":\"es\",\"@id\":\"https:\\\/\\\/shalonchemicalindustries.com\\\/index.php\\\/servicios\\\/#primaryimage\",\"url\":\"https:\\\/\\\/shalonchemicalindustries.com\\\/wp-content\\\/uploads\\\/2026\\\/04\\\/Servicios-1.jpg\",\"contentUrl\":\"https:\\\/\\\/shalonchemicalindustries.com\\\/wp-content\\\/uploads\\\/2026\\\/04\\\/Servicios-1.jpg\",\"width\":821,\"height\":737},{\"@type\":\"BreadcrumbList\",\"@id\":\"https:\\\/\\\/shalonchemicalindustries.com\\\/index.php\\\/servicios\\\/#breadcrumb\",\"itemListElement\":[{\"@type\":\"ListItem\",\"position\":1,\"name\":\"Portada\",\"item\":\"https:\\\/\\\/shalonchemicalindustries.com\\\/\"},{\"@type\":\"ListItem\",\"position\":2,\"name\":\"Servicios\"}]},{\"@type\":\"WebSite\",\"@id\":\"https:\\\/\\\/shalonchemicalindustries.com\\\/#website\",\"url\":\"https:\\\/\\\/shalonchemicalindustries.com\\\/\",\"name\":\"Shalon Chemical Industries S.a.C\",\"description\":\"\",\"publisher\":{\"@id\":\"https:\\\/\\\/shalonchemicalindustries.com\\\/#organization\"},\"potentialAction\":[{\"@type\":\"SearchAction\",\"target\":{\"@type\":\"EntryPoint\",\"urlTemplate\":\"https:\\\/\\\/shalonchemicalindustries.com\\\/?s={search_term_string}\"},\"query-input\":{\"@type\":\"PropertyValueSpecification\",\"valueRequired\":true,\"valueName\":\"search_term_string\"}}],\"inLanguage\":\"es\"},{\"@type\":\"Organization\",\"@id\":\"https:\\\/\\\/shalonchemicalindustries.com\\\/#organization\",\"name\":\"Shalon Chemical Industries S.a.C\",\"url\":\"https:\\\/\\\/shalonchemicalindustries.com\\\/\",\"logo\":{\"@type\":\"ImageObject\",\"inLanguage\":\"es\",\"@id\":\"https:\\\/\\\/shalonchemicalindustries.com\\\/#\\\/schema\\\/logo\\\/image\\\/\",\"url\":\"https:\\\/\\\/shalonchemicalindustries.com\\\/wp-content\\\/uploads\\\/2026\\\/04\\\/cropped-logo.png\",\"contentUrl\":\"https:\\\/\\\/shalonchemicalindustries.com\\\/wp-content\\\/uploads\\\/2026\\\/04\\\/cropped-logo.png\",\"width\":163,\"height\":89,\"caption\":\"Shalon Chemical Industries S.a.C\"},\"image\":{\"@id\":\"https:\\\/\\\/shalonchemicalindustries.com\\\/#\\\/schema\\\/logo\\\/image\\\/\"}}]}<\/script>\n<!-- \/ Yoast SEO plugin. -->","yoast_head_json":{"title":"Servicios - Shalon Chemical Industries S.a.C","robots":{"index":"index","follow":"follow","max-snippet":"max-snippet:-1","max-image-preview":"max-image-preview:large","max-video-preview":"max-video-preview:-1"},"canonical":"https:\/\/shalonchemicalindustries.com\/index.php\/servicios\/","og_locale":"es_ES","og_type":"article","og_title":"Servicios - Shalon Chemical Industries S.a.C","og_description":"SERVICIOS Servicio t\u00e9cnico, asesoramiento, dise\u00f1o, mantenimiento y construcci\u00f3n de hornos, chimeneas industriales, agregados y piezas refractarias propias para cada industria y proyectos. Fabricaci\u00f3n de muflas, horno rotatorio agroindustrial. As\u00ed como ...","og_url":"https:\/\/shalonchemicalindustries.com\/index.php\/servicios\/","og_site_name":"Shalon Chemical Industries S.a.C","article_modified_time":"2026-04-07T02:54:08+00:00","og_image":[{"width":821,"height":737,"url":"https:\/\/shalonchemicalindustries.com\/wp-content\/uploads\/2026\/04\/Servicios-1.jpg","type":"image\/jpeg"}],"twitter_card":"summary_large_image","schema":{"@context":"https:\/\/schema.org","@graph":[{"@type":"WebPage","@id":"https:\/\/shalonchemicalindustries.com\/index.php\/servicios\/","url":"https:\/\/shalonchemicalindustries.com\/index.php\/servicios\/","name":"Servicios - Shalon Chemical Industries S.a.C","isPartOf":{"@id":"https:\/\/shalonchemicalindustries.com\/#website"},"primaryImageOfPage":{"@id":"https:\/\/shalonchemicalindustries.com\/index.php\/servicios\/#primaryimage"},"image":{"@id":"https:\/\/shalonchemicalindustries.com\/index.php\/servicios\/#primaryimage"},"thumbnailUrl":"https:\/\/shalonchemicalindustries.com\/wp-content\/uploads\/2026\/04\/Servicios-1.jpg","datePublished":"2026-04-07T01:56:02+00:00","dateModified":"2026-04-07T02:54:08+00:00","breadcrumb":{"@id":"https:\/\/shalonchemicalindustries.com\/index.php\/servicios\/#breadcrumb"},"inLanguage":"es","potentialAction":[{"@type":"ReadAction","target":["https:\/\/shalonchemicalindustries.com\/index.php\/servicios\/"]}]},{"@type":"ImageObject","inLanguage":"es","@id":"https:\/\/shalonchemicalindustries.com\/index.php\/servicios\/#primaryimage","url":"https:\/\/shalonchemicalindustries.com\/wp-content\/uploads\/2026\/04\/Servicios-1.jpg","contentUrl":"https:\/\/shalonchemicalindustries.com\/wp-content\/uploads\/2026\/04\/Servicios-1.jpg","width":821,"height":737},{"@type":"BreadcrumbList","@id":"https:\/\/shalonchemicalindustries.com\/index.php\/servicios\/#breadcrumb","itemListElement":[{"@type":"ListItem","position":1,"name":"Portada","item":"https:\/\/shalonchemicalindustries.com\/"},{"@type":"ListItem","position":2,"name":"Servicios"}]},{"@type":"WebSite","@id":"https:\/\/shalonchemicalindustries.com\/#website","url":"https:\/\/shalonchemicalindustries.com\/","name":"Shalon Chemical Industries S.a.C","description":"","publisher":{"@id":"https:\/\/shalonchemicalindustries.com\/#organization"},"potentialAction":[{"@type":"SearchAction","target":{"@type":"EntryPoint","urlTemplate":"https:\/\/shalonchemicalindustries.com\/?s={search_term_string}"},"query-input":{"@type":"PropertyValueSpecification","valueRequired":true,"valueName":"search_term_string"}}],"inLanguage":"es"},{"@type":"Organization","@id":"https:\/\/shalonchemicalindustries.com\/#organization","name":"Shalon Chemical Industries S.a.C","url":"https:\/\/shalonchemicalindustries.com\/","logo":{"@type":"ImageObject","inLanguage":"es","@id":"https:\/\/shalonchemicalindustries.com\/#\/schema\/logo\/image\/","url":"https:\/\/shalonchemicalindustries.com\/wp-content\/uploads\/2026\/04\/cropped-logo.png","contentUrl":"https:\/\/shalonchemicalindustries.com\/wp-content\/uploads\/2026\/04\/cropped-logo.png","width":163,"height":89,"caption":"Shalon Chemical Industries S.a.C"},"image":{"@id":"https:\/\/shalonchemicalindustries.com\/#\/schema\/logo\/image\/"}}]}},"_links":{"self":[{"href":"https:\/\/shalonchemicalindustries.com\/index.php\/wp-json\/wp\/v2\/pages\/193","targetHints":{"allow":["GET"]}}],"collection":[{"href":"https:\/\/shalonchemicalindustries.com\/index.php\/wp-json\/wp\/v2\/pages"}],"about":[{"href":"https:\/\/shalonchemicalindustries.com\/index.php\/wp-json\/wp\/v2\/types\/page"}],"author":[{"embeddable":true,"href":"https:\/\/shalonchemicalindustries.com\/index.php\/wp-json\/wp\/v2\/users\/1"}],"replies":[{"embeddable":true,"href":"https:\/\/shalonchemicalindustries.com\/index.php\/wp-json\/wp\/v2\/comments?post=193"}],"version-history":[{"count":6,"href":"https:\/\/shalonchemicalindustries.com\/index.php\/wp-json\/wp\/v2\/pages\/193\/revisions"}],"predecessor-version":[{"id":208,"href":"https:\/\/shalonchemicalindustries.com\/index.php\/wp-json\/wp\/v2\/pages\/193\/revisions\/208"}],"wp:attachment":[{"href":"https:\/\/shalonchemicalindustries.com\/index.php\/wp-json\/wp\/v2\/media?parent=193"}],"curies":[{"name":"wp","href":"https:\/\/api.w.org\/{rel}","templated":true}]}}