{"id":235,"date":"2026-04-08T00:43:29","date_gmt":"2026-04-08T00:43:29","guid":{"rendered":"https:\/\/shalonchemicalindustries.com\/?page_id=235"},"modified":"2026-04-09T20:05:40","modified_gmt":"2026-04-09T20:05:40","slug":"productos","status":"publish","type":"page","link":"https:\/\/shalonchemicalindustries.com\/index.php\/productos\/","title":{"rendered":"Productos"},"content":{"rendered":"\n<h2 class=\"wp-block-heading has-text-align-center has-vivid-red-color has-text-color has-link-color wp-elements-667a1291775cddbe973830b0ceb22ac2\" style=\"font-size:46px\"><strong>PRODUCTOS<\/strong><\/h2>\n\n\n\n<div class=\"wp-block-buttons is-content-justification-center is-layout-flex wp-container-core-buttons-is-layout-16018d1d wp-block-buttons-is-layout-flex\">\n<div class=\"wp-block-button\"><a class=\"wp-block-button__link has-white-color has-text-color has-link-color wp-element-button\" href=\"https:\/\/shalonchemicalindustries.com\/index.php\/productos-ladrillos\/\">LADRILLOS<\/a><\/div>\n\n\n\n<div class=\"wp-block-button\"><a class=\"wp-block-button__link has-white-color has-text-color has-link-color wp-element-button\" href=\"https:\/\/shalonchemicalindustries.com\/index.php\/productos-morteros\/\">MORTEROS<\/a><\/div>\n\n\n\n<div class=\"wp-block-button\"><a class=\"wp-block-button__link has-white-color has-text-color has-link-color wp-element-button\" href=\"https:\/\/shalonchemicalindustries.com\/index.php\/productos-castables\/\">CASTABLES<\/a><\/div>\n\n\n\n<div class=\"wp-block-button\"><a class=\"wp-block-button__link has-white-color has-text-color has-link-color wp-element-button\" href=\"https:\/\/shalonchemicalindustries.com\/index.php\/productos-plasticos\/\">PLASTICOS<\/a><\/div>\n\n\n\n<div class=\"wp-block-button\"><a class=\"wp-block-button__link has-white-color has-text-color has-link-color wp-element-button\" href=\"https:\/\/shalonchemicalindustries.com\/index.php\/productos-pinturas\/\">PINTURAS<\/a><\/div>\n\n\n\n<div class=\"wp-block-button\"><a class=\"wp-block-button__link has-white-color has-text-color has-link-color wp-element-button\" href=\"https:\/\/shalonchemicalindustries.com\/index.php\/productos-aislantes\/\">AISLANTES<\/a><\/div>\n\n\n\n<div class=\"wp-block-button\"><a class=\"wp-block-button__link has-white-color has-text-color has-link-color wp-element-button\" href=\"https:\/\/shalonchemicalindustries.com\/index.php\/productos-conos\/\">CONOS<\/a><\/div>\n<\/div>\n\n\n\n<p class=\"has-white-color has-text-color has-link-color wp-elements-7e4ac651328708ea719ac0894fa30934\">.<\/p>\n\n\n\n<p class=\"has-text-align-center has-black-color has-text-color has-link-color wp-elements-c7c7beea730bc2b699d833bf17101412\">En Schemin elaboramos nuestros productos con insumos de primera calidad, ricos en al\u00famina, que responden eficientemente a las m\u00e1s altas exigencias de calor en la industria.<\/p>\n\n\n\n<div class=\"wp-block-columns is-layout-flex wp-container-core-columns-is-layout-9d6595d7 wp-block-columns-is-layout-flex\">\n<div class=\"wp-block-column is-layout-flow wp-block-column-is-layout-flow\" style=\"flex-basis:100%\">\n<figure class=\"wp-block-gallery has-nested-images columns-7 is-cropped wp-block-gallery-1 is-layout-flex wp-block-gallery-is-layout-flex\">\n<figure class=\"wp-block-image size-full\"><img loading=\"lazy\" decoding=\"async\" width=\"500\" height=\"500\" data-id=\"462\" src=\"https:\/\/shalonchemicalindustries.com\/wp-content\/uploads\/2026\/04\/Ladrillo-Rectangular2.png\" alt=\"\" class=\"wp-image-462\" srcset=\"https:\/\/shalonchemicalindustries.com\/wp-content\/uploads\/2026\/04\/Ladrillo-Rectangular2.png 500w, https:\/\/shalonchemicalindustries.com\/wp-content\/uploads\/2026\/04\/Ladrillo-Rectangular2-300x300.png 300w, https:\/\/shalonchemicalindustries.com\/wp-content\/uploads\/2026\/04\/Ladrillo-Rectangular2-150x150.png 150w, https:\/\/shalonchemicalindustries.com\/wp-content\/uploads\/2026\/04\/Ladrillo-Rectangular2-100x100.png 100w\" sizes=\"auto, (max-width: 500px) 100vw, 500px\" \/><\/figure>\n\n\n\n<figure class=\"wp-block-image size-full\"><img loading=\"lazy\" decoding=\"async\" width=\"500\" height=\"500\" data-id=\"449\" src=\"https:\/\/shalonchemicalindustries.com\/wp-content\/uploads\/2026\/04\/2-4.png\" alt=\"\" class=\"wp-image-449\" srcset=\"https:\/\/shalonchemicalindustries.com\/wp-content\/uploads\/2026\/04\/2-4.png 500w, https:\/\/shalonchemicalindustries.com\/wp-content\/uploads\/2026\/04\/2-4-300x300.png 300w, https:\/\/shalonchemicalindustries.com\/wp-content\/uploads\/2026\/04\/2-4-150x150.png 150w, https:\/\/shalonchemicalindustries.com\/wp-content\/uploads\/2026\/04\/2-4-100x100.png 100w\" sizes=\"auto, (max-width: 500px) 100vw, 500px\" \/><\/figure>\n\n\n\n<figure class=\"wp-block-image size-full\"><img loading=\"lazy\" decoding=\"async\" width=\"500\" height=\"500\" data-id=\"450\" src=\"https:\/\/shalonchemicalindustries.com\/wp-content\/uploads\/2026\/04\/3-4.png\" alt=\"\" class=\"wp-image-450\" srcset=\"https:\/\/shalonchemicalindustries.com\/wp-content\/uploads\/2026\/04\/3-4.png 500w, https:\/\/shalonchemicalindustries.com\/wp-content\/uploads\/2026\/04\/3-4-300x300.png 300w, https:\/\/shalonchemicalindustries.com\/wp-content\/uploads\/2026\/04\/3-4-150x150.png 150w, https:\/\/shalonchemicalindustries.com\/wp-content\/uploads\/2026\/04\/3-4-100x100.png 100w\" sizes=\"auto, (max-width: 500px) 100vw, 500px\" \/><\/figure>\n\n\n\n<figure class=\"wp-block-image size-full\"><img loading=\"lazy\" decoding=\"async\" width=\"500\" height=\"500\" data-id=\"451\" src=\"https:\/\/shalonchemicalindustries.com\/wp-content\/uploads\/2026\/04\/4-2.png\" alt=\"\" class=\"wp-image-451\" srcset=\"https:\/\/shalonchemicalindustries.com\/wp-content\/uploads\/2026\/04\/4-2.png 500w, https:\/\/shalonchemicalindustries.com\/wp-content\/uploads\/2026\/04\/4-2-300x300.png 300w, https:\/\/shalonchemicalindustries.com\/wp-content\/uploads\/2026\/04\/4-2-150x150.png 150w, https:\/\/shalonchemicalindustries.com\/wp-content\/uploads\/2026\/04\/4-2-100x100.png 100w\" sizes=\"auto, (max-width: 500px) 100vw, 500px\" \/><\/figure>\n\n\n\n<figure class=\"wp-block-image size-full\"><img loading=\"lazy\" decoding=\"async\" width=\"500\" height=\"500\" data-id=\"452\" src=\"https:\/\/shalonchemicalindustries.com\/wp-content\/uploads\/2026\/04\/5-2.png\" alt=\"\" class=\"wp-image-452\" srcset=\"https:\/\/shalonchemicalindustries.com\/wp-content\/uploads\/2026\/04\/5-2.png 500w, https:\/\/shalonchemicalindustries.com\/wp-content\/uploads\/2026\/04\/5-2-300x300.png 300w, https:\/\/shalonchemicalindustries.com\/wp-content\/uploads\/2026\/04\/5-2-150x150.png 150w, https:\/\/shalonchemicalindustries.com\/wp-content\/uploads\/2026\/04\/5-2-100x100.png 100w\" sizes=\"auto, (max-width: 500px) 100vw, 500px\" \/><\/figure>\n\n\n\n<figure class=\"wp-block-image size-full\"><img loading=\"lazy\" decoding=\"async\" width=\"500\" height=\"500\" data-id=\"453\" src=\"https:\/\/shalonchemicalindustries.com\/wp-content\/uploads\/2026\/04\/6-2.png\" alt=\"\" class=\"wp-image-453\" srcset=\"https:\/\/shalonchemicalindustries.com\/wp-content\/uploads\/2026\/04\/6-2.png 500w, https:\/\/shalonchemicalindustries.com\/wp-content\/uploads\/2026\/04\/6-2-300x300.png 300w, https:\/\/shalonchemicalindustries.com\/wp-content\/uploads\/2026\/04\/6-2-150x150.png 150w, https:\/\/shalonchemicalindustries.com\/wp-content\/uploads\/2026\/04\/6-2-100x100.png 100w\" sizes=\"auto, (max-width: 500px) 100vw, 500px\" \/><\/figure>\n\n\n\n<figure class=\"wp-block-image size-full\"><img loading=\"lazy\" decoding=\"async\" width=\"500\" height=\"500\" data-id=\"454\" src=\"https:\/\/shalonchemicalindustries.com\/wp-content\/uploads\/2026\/04\/7-2.png\" alt=\"\" class=\"wp-image-454\" srcset=\"https:\/\/shalonchemicalindustries.com\/wp-content\/uploads\/2026\/04\/7-2.png 500w, https:\/\/shalonchemicalindustries.com\/wp-content\/uploads\/2026\/04\/7-2-300x300.png 300w, https:\/\/shalonchemicalindustries.com\/wp-content\/uploads\/2026\/04\/7-2-150x150.png 150w, https:\/\/shalonchemicalindustries.com\/wp-content\/uploads\/2026\/04\/7-2-100x100.png 100w\" sizes=\"auto, (max-width: 500px) 100vw, 500px\" \/><\/figure>\n\n\n\n<figure class=\"wp-block-image size-full\"><img loading=\"lazy\" decoding=\"async\" width=\"500\" height=\"500\" data-id=\"455\" src=\"https:\/\/shalonchemicalindustries.com\/wp-content\/uploads\/2026\/04\/8-1.png\" alt=\"\" class=\"wp-image-455\" srcset=\"https:\/\/shalonchemicalindustries.com\/wp-content\/uploads\/2026\/04\/8-1.png 500w, https:\/\/shalonchemicalindustries.com\/wp-content\/uploads\/2026\/04\/8-1-300x300.png 300w, https:\/\/shalonchemicalindustries.com\/wp-content\/uploads\/2026\/04\/8-1-150x150.png 150w, https:\/\/shalonchemicalindustries.com\/wp-content\/uploads\/2026\/04\/8-1-100x100.png 100w\" sizes=\"auto, (max-width: 500px) 100vw, 500px\" \/><\/figure>\n\n\n\n<figure class=\"wp-block-image size-full\"><img loading=\"lazy\" decoding=\"async\" width=\"500\" height=\"500\" data-id=\"456\" src=\"https:\/\/shalonchemicalindustries.com\/wp-content\/uploads\/2026\/04\/9-2.png\" alt=\"\" class=\"wp-image-456\" srcset=\"https:\/\/shalonchemicalindustries.com\/wp-content\/uploads\/2026\/04\/9-2.png 500w, https:\/\/shalonchemicalindustries.com\/wp-content\/uploads\/2026\/04\/9-2-300x300.png 300w, https:\/\/shalonchemicalindustries.com\/wp-content\/uploads\/2026\/04\/9-2-150x150.png 150w, https:\/\/shalonchemicalindustries.com\/wp-content\/uploads\/2026\/04\/9-2-100x100.png 100w\" sizes=\"auto, (max-width: 500px) 100vw, 500px\" \/><\/figure>\n\n\n\n<figure class=\"wp-block-image size-full\"><img loading=\"lazy\" decoding=\"async\" width=\"500\" height=\"500\" data-id=\"457\" src=\"https:\/\/shalonchemicalindustries.com\/wp-content\/uploads\/2026\/04\/10-1.png\" alt=\"\" class=\"wp-image-457\" srcset=\"https:\/\/shalonchemicalindustries.com\/wp-content\/uploads\/2026\/04\/10-1.png 500w, https:\/\/shalonchemicalindustries.com\/wp-content\/uploads\/2026\/04\/10-1-300x300.png 300w, https:\/\/shalonchemicalindustries.com\/wp-content\/uploads\/2026\/04\/10-1-150x150.png 150w, https:\/\/shalonchemicalindustries.com\/wp-content\/uploads\/2026\/04\/10-1-100x100.png 100w\" sizes=\"auto, (max-width: 500px) 100vw, 500px\" \/><\/figure>\n\n\n\n<figure class=\"wp-block-image size-full\"><img loading=\"lazy\" decoding=\"async\" width=\"500\" height=\"500\" data-id=\"458\" src=\"https:\/\/shalonchemicalindustries.com\/wp-content\/uploads\/2026\/04\/11-2.png\" alt=\"\" class=\"wp-image-458\" srcset=\"https:\/\/shalonchemicalindustries.com\/wp-content\/uploads\/2026\/04\/11-2.png 500w, https:\/\/shalonchemicalindustries.com\/wp-content\/uploads\/2026\/04\/11-2-300x300.png 300w, https:\/\/shalonchemicalindustries.com\/wp-content\/uploads\/2026\/04\/11-2-150x150.png 150w, https:\/\/shalonchemicalindustries.com\/wp-content\/uploads\/2026\/04\/11-2-100x100.png 100w\" sizes=\"auto, (max-width: 500px) 100vw, 500px\" \/><\/figure>\n\n\n\n<figure class=\"wp-block-image size-full\"><img loading=\"lazy\" decoding=\"async\" width=\"500\" height=\"500\" data-id=\"459\" src=\"https:\/\/shalonchemicalindustries.com\/wp-content\/uploads\/2026\/04\/12-1.png\" alt=\"\" class=\"wp-image-459\" srcset=\"https:\/\/shalonchemicalindustries.com\/wp-content\/uploads\/2026\/04\/12-1.png 500w, https:\/\/shalonchemicalindustries.com\/wp-content\/uploads\/2026\/04\/12-1-300x300.png 300w, https:\/\/shalonchemicalindustries.com\/wp-content\/uploads\/2026\/04\/12-1-150x150.png 150w, https:\/\/shalonchemicalindustries.com\/wp-content\/uploads\/2026\/04\/12-1-100x100.png 100w\" sizes=\"auto, (max-width: 500px) 100vw, 500px\" \/><\/figure>\n\n\n\n<figure class=\"wp-block-image size-full\"><img loading=\"lazy\" decoding=\"async\" width=\"500\" height=\"500\" data-id=\"460\" src=\"https:\/\/shalonchemicalindustries.com\/wp-content\/uploads\/2026\/04\/13-2.png\" alt=\"\" class=\"wp-image-460\" srcset=\"https:\/\/shalonchemicalindustries.com\/wp-content\/uploads\/2026\/04\/13-2.png 500w, https:\/\/shalonchemicalindustries.com\/wp-content\/uploads\/2026\/04\/13-2-300x300.png 300w, https:\/\/shalonchemicalindustries.com\/wp-content\/uploads\/2026\/04\/13-2-150x150.png 150w, https:\/\/shalonchemicalindustries.com\/wp-content\/uploads\/2026\/04\/13-2-100x100.png 100w\" sizes=\"auto, (max-width: 500px) 100vw, 500px\" \/><\/figure>\n\n\n\n<figure class=\"wp-block-image size-full\"><img loading=\"lazy\" decoding=\"async\" width=\"500\" height=\"500\" data-id=\"461\" src=\"https:\/\/shalonchemicalindustries.com\/wp-content\/uploads\/2026\/04\/14-2.png\" alt=\"\" class=\"wp-image-461\" srcset=\"https:\/\/shalonchemicalindustries.com\/wp-content\/uploads\/2026\/04\/14-2.png 500w, https:\/\/shalonchemicalindustries.com\/wp-content\/uploads\/2026\/04\/14-2-300x300.png 300w, https:\/\/shalonchemicalindustries.com\/wp-content\/uploads\/2026\/04\/14-2-150x150.png 150w, https:\/\/shalonchemicalindustries.com\/wp-content\/uploads\/2026\/04\/14-2-100x100.png 100w\" sizes=\"auto, (max-width: 500px) 100vw, 500px\" \/><\/figure>\n<\/figure>\n<\/div>\n<\/div>\n\n\n\n<p class=\"has-white-color has-text-color has-link-color wp-elements-7e4ac651328708ea719ac0894fa30934\">.<\/p>\n\n\n\n<p class=\"has-text-align-center has-black-color has-text-color has-link-color wp-elements-a3f5b38169010d712c143d471a3d0d7a\">Cuando se requiera construir o dar mantenimiento a la zona refractaria de un equipo Industrial, cualquiera sea su tecnolog\u00eda de operaci\u00f3n siempre existir\u00e1 un refractario Schemin apto para resolver el problema m\u00e1s severo de su equipo refractario.<br><\/p>\n","protected":false},"excerpt":{"rendered":"<p>PRODUCTOS . En Schemin elaboramos nuestros productos con insumos de primera calidad, ricos en al\u00famina, que responden eficientemente a las m\u00e1s altas exigencias de calor en la industria. . Cuando &#8230;<\/p>\n","protected":false},"author":1,"featured_media":0,"parent":0,"menu_order":0,"comment_status":"closed","ping_status":"closed","template":"template-fullwidth.php","meta":{"_joinchat":[],"footnotes":""},"class_list":["post-235","page","type-page","status-publish","hentry"],"yoast_head":"<!-- This site is optimized with the Yoast SEO plugin v27.4 - https:\/\/yoast.com\/product\/yoast-seo-wordpress\/ -->\n<title>Productos - Shalon Chemical Industries S.a.C<\/title>\n<meta name=\"robots\" content=\"index, follow, max-snippet:-1, max-image-preview:large, max-video-preview:-1\" \/>\n<link rel=\"canonical\" href=\"https:\/\/shalonchemicalindustries.com\/index.php\/productos\/\" \/>\n<meta property=\"og:locale\" content=\"es_ES\" \/>\n<meta property=\"og:type\" content=\"article\" \/>\n<meta property=\"og:title\" content=\"Productos - Shalon Chemical Industries S.a.C\" \/>\n<meta property=\"og:description\" content=\"PRODUCTOS . En Schemin elaboramos nuestros productos con insumos de primera calidad, ricos en al\u00famina, que responden eficientemente a las m\u00e1s altas exigencias de calor en la industria. . Cuando ...\" \/>\n<meta property=\"og:url\" content=\"https:\/\/shalonchemicalindustries.com\/index.php\/productos\/\" \/>\n<meta property=\"og:site_name\" content=\"Shalon Chemical Industries S.a.C\" \/>\n<meta property=\"article:modified_time\" content=\"2026-04-09T20:05:40+00:00\" \/>\n<meta property=\"og:image\" content=\"https:\/\/shalonchemicalindustries.com\/wp-content\/uploads\/2026\/04\/Ladrillo-Rectangular2.png\" \/>\n\t<meta property=\"og:image:width\" content=\"500\" \/>\n\t<meta property=\"og:image:height\" content=\"500\" \/>\n\t<meta property=\"og:image:type\" content=\"image\/png\" \/>\n<meta name=\"twitter:card\" content=\"summary_large_image\" \/>\n<script type=\"application\/ld+json\" class=\"yoast-schema-graph\">{\"@context\":\"https:\\\/\\\/schema.org\",\"@graph\":[{\"@type\":\"WebPage\",\"@id\":\"https:\\\/\\\/shalonchemicalindustries.com\\\/index.php\\\/productos\\\/\",\"url\":\"https:\\\/\\\/shalonchemicalindustries.com\\\/index.php\\\/productos\\\/\",\"name\":\"Productos - Shalon Chemical Industries S.a.C\",\"isPartOf\":{\"@id\":\"https:\\\/\\\/shalonchemicalindustries.com\\\/#website\"},\"primaryImageOfPage\":{\"@id\":\"https:\\\/\\\/shalonchemicalindustries.com\\\/index.php\\\/productos\\\/#primaryimage\"},\"image\":{\"@id\":\"https:\\\/\\\/shalonchemicalindustries.com\\\/index.php\\\/productos\\\/#primaryimage\"},\"thumbnailUrl\":\"https:\\\/\\\/shalonchemicalindustries.com\\\/wp-content\\\/uploads\\\/2026\\\/04\\\/Ladrillo-Rectangular2.png\",\"datePublished\":\"2026-04-08T00:43:29+00:00\",\"dateModified\":\"2026-04-09T20:05:40+00:00\",\"breadcrumb\":{\"@id\":\"https:\\\/\\\/shalonchemicalindustries.com\\\/index.php\\\/productos\\\/#breadcrumb\"},\"inLanguage\":\"es\",\"potentialAction\":[{\"@type\":\"ReadAction\",\"target\":[\"https:\\\/\\\/shalonchemicalindustries.com\\\/index.php\\\/productos\\\/\"]}]},{\"@type\":\"ImageObject\",\"inLanguage\":\"es\",\"@id\":\"https:\\\/\\\/shalonchemicalindustries.com\\\/index.php\\\/productos\\\/#primaryimage\",\"url\":\"https:\\\/\\\/shalonchemicalindustries.com\\\/wp-content\\\/uploads\\\/2026\\\/04\\\/Ladrillo-Rectangular2.png\",\"contentUrl\":\"https:\\\/\\\/shalonchemicalindustries.com\\\/wp-content\\\/uploads\\\/2026\\\/04\\\/Ladrillo-Rectangular2.png\",\"width\":500,\"height\":500},{\"@type\":\"BreadcrumbList\",\"@id\":\"https:\\\/\\\/shalonchemicalindustries.com\\\/index.php\\\/productos\\\/#breadcrumb\",\"itemListElement\":[{\"@type\":\"ListItem\",\"position\":1,\"name\":\"Portada\",\"item\":\"https:\\\/\\\/shalonchemicalindustries.com\\\/\"},{\"@type\":\"ListItem\",\"position\":2,\"name\":\"Productos\"}]},{\"@type\":\"WebSite\",\"@id\":\"https:\\\/\\\/shalonchemicalindustries.com\\\/#website\",\"url\":\"https:\\\/\\\/shalonchemicalindustries.com\\\/\",\"name\":\"Shalon Chemical Industries S.a.C\",\"description\":\"\",\"publisher\":{\"@id\":\"https:\\\/\\\/shalonchemicalindustries.com\\\/#organization\"},\"potentialAction\":[{\"@type\":\"SearchAction\",\"target\":{\"@type\":\"EntryPoint\",\"urlTemplate\":\"https:\\\/\\\/shalonchemicalindustries.com\\\/?s={search_term_string}\"},\"query-input\":{\"@type\":\"PropertyValueSpecification\",\"valueRequired\":true,\"valueName\":\"search_term_string\"}}],\"inLanguage\":\"es\"},{\"@type\":\"Organization\",\"@id\":\"https:\\\/\\\/shalonchemicalindustries.com\\\/#organization\",\"name\":\"Shalon Chemical Industries S.a.C\",\"url\":\"https:\\\/\\\/shalonchemicalindustries.com\\\/\",\"logo\":{\"@type\":\"ImageObject\",\"inLanguage\":\"es\",\"@id\":\"https:\\\/\\\/shalonchemicalindustries.com\\\/#\\\/schema\\\/logo\\\/image\\\/\",\"url\":\"https:\\\/\\\/shalonchemicalindustries.com\\\/wp-content\\\/uploads\\\/2026\\\/04\\\/cropped-logo.png\",\"contentUrl\":\"https:\\\/\\\/shalonchemicalindustries.com\\\/wp-content\\\/uploads\\\/2026\\\/04\\\/cropped-logo.png\",\"width\":163,\"height\":89,\"caption\":\"Shalon Chemical Industries S.a.C\"},\"image\":{\"@id\":\"https:\\\/\\\/shalonchemicalindustries.com\\\/#\\\/schema\\\/logo\\\/image\\\/\"}}]}<\/script>\n<!-- \/ Yoast SEO plugin. -->","yoast_head_json":{"title":"Productos - Shalon Chemical Industries S.a.C","robots":{"index":"index","follow":"follow","max-snippet":"max-snippet:-1","max-image-preview":"max-image-preview:large","max-video-preview":"max-video-preview:-1"},"canonical":"https:\/\/shalonchemicalindustries.com\/index.php\/productos\/","og_locale":"es_ES","og_type":"article","og_title":"Productos - Shalon Chemical Industries S.a.C","og_description":"PRODUCTOS . En Schemin elaboramos nuestros productos con insumos de primera calidad, ricos en al\u00famina, que responden eficientemente a las m\u00e1s altas exigencias de calor en la industria. . Cuando ...","og_url":"https:\/\/shalonchemicalindustries.com\/index.php\/productos\/","og_site_name":"Shalon Chemical Industries S.a.C","article_modified_time":"2026-04-09T20:05:40+00:00","og_image":[{"width":500,"height":500,"url":"https:\/\/shalonchemicalindustries.com\/wp-content\/uploads\/2026\/04\/Ladrillo-Rectangular2.png","type":"image\/png"}],"twitter_card":"summary_large_image","schema":{"@context":"https:\/\/schema.org","@graph":[{"@type":"WebPage","@id":"https:\/\/shalonchemicalindustries.com\/index.php\/productos\/","url":"https:\/\/shalonchemicalindustries.com\/index.php\/productos\/","name":"Productos - Shalon Chemical Industries S.a.C","isPartOf":{"@id":"https:\/\/shalonchemicalindustries.com\/#website"},"primaryImageOfPage":{"@id":"https:\/\/shalonchemicalindustries.com\/index.php\/productos\/#primaryimage"},"image":{"@id":"https:\/\/shalonchemicalindustries.com\/index.php\/productos\/#primaryimage"},"thumbnailUrl":"https:\/\/shalonchemicalindustries.com\/wp-content\/uploads\/2026\/04\/Ladrillo-Rectangular2.png","datePublished":"2026-04-08T00:43:29+00:00","dateModified":"2026-04-09T20:05:40+00:00","breadcrumb":{"@id":"https:\/\/shalonchemicalindustries.com\/index.php\/productos\/#breadcrumb"},"inLanguage":"es","potentialAction":[{"@type":"ReadAction","target":["https:\/\/shalonchemicalindustries.com\/index.php\/productos\/"]}]},{"@type":"ImageObject","inLanguage":"es","@id":"https:\/\/shalonchemicalindustries.com\/index.php\/productos\/#primaryimage","url":"https:\/\/shalonchemicalindustries.com\/wp-content\/uploads\/2026\/04\/Ladrillo-Rectangular2.png","contentUrl":"https:\/\/shalonchemicalindustries.com\/wp-content\/uploads\/2026\/04\/Ladrillo-Rectangular2.png","width":500,"height":500},{"@type":"BreadcrumbList","@id":"https:\/\/shalonchemicalindustries.com\/index.php\/productos\/#breadcrumb","itemListElement":[{"@type":"ListItem","position":1,"name":"Portada","item":"https:\/\/shalonchemicalindustries.com\/"},{"@type":"ListItem","position":2,"name":"Productos"}]},{"@type":"WebSite","@id":"https:\/\/shalonchemicalindustries.com\/#website","url":"https:\/\/shalonchemicalindustries.com\/","name":"Shalon Chemical Industries S.a.C","description":"","publisher":{"@id":"https:\/\/shalonchemicalindustries.com\/#organization"},"potentialAction":[{"@type":"SearchAction","target":{"@type":"EntryPoint","urlTemplate":"https:\/\/shalonchemicalindustries.com\/?s={search_term_string}"},"query-input":{"@type":"PropertyValueSpecification","valueRequired":true,"valueName":"search_term_string"}}],"inLanguage":"es"},{"@type":"Organization","@id":"https:\/\/shalonchemicalindustries.com\/#organization","name":"Shalon Chemical Industries S.a.C","url":"https:\/\/shalonchemicalindustries.com\/","logo":{"@type":"ImageObject","inLanguage":"es","@id":"https:\/\/shalonchemicalindustries.com\/#\/schema\/logo\/image\/","url":"https:\/\/shalonchemicalindustries.com\/wp-content\/uploads\/2026\/04\/cropped-logo.png","contentUrl":"https:\/\/shalonchemicalindustries.com\/wp-content\/uploads\/2026\/04\/cropped-logo.png","width":163,"height":89,"caption":"Shalon Chemical Industries S.a.C"},"image":{"@id":"https:\/\/shalonchemicalindustries.com\/#\/schema\/logo\/image\/"}}]}},"_links":{"self":[{"href":"https:\/\/shalonchemicalindustries.com\/index.php\/wp-json\/wp\/v2\/pages\/235","targetHints":{"allow":["GET"]}}],"collection":[{"href":"https:\/\/shalonchemicalindustries.com\/index.php\/wp-json\/wp\/v2\/pages"}],"about":[{"href":"https:\/\/shalonchemicalindustries.com\/index.php\/wp-json\/wp\/v2\/types\/page"}],"author":[{"embeddable":true,"href":"https:\/\/shalonchemicalindustries.com\/index.php\/wp-json\/wp\/v2\/users\/1"}],"replies":[{"embeddable":true,"href":"https:\/\/shalonchemicalindustries.com\/index.php\/wp-json\/wp\/v2\/comments?post=235"}],"version-history":[{"count":18,"href":"https:\/\/shalonchemicalindustries.com\/index.php\/wp-json\/wp\/v2\/pages\/235\/revisions"}],"predecessor-version":[{"id":541,"href":"https:\/\/shalonchemicalindustries.com\/index.php\/wp-json\/wp\/v2\/pages\/235\/revisions\/541"}],"wp:attachment":[{"href":"https:\/\/shalonchemicalindustries.com\/index.php\/wp-json\/wp\/v2\/media?parent=235"}],"curies":[{"name":"wp","href":"https:\/\/api.w.org\/{rel}","templated":true}]}}