{"id":241,"date":"2026-04-08T01:21:46","date_gmt":"2026-04-08T01:21:46","guid":{"rendered":"https:\/\/shalonchemicalindustries.com\/?page_id=241"},"modified":"2026-04-09T20:01:59","modified_gmt":"2026-04-09T20:01:59","slug":"productos-ladrillos","status":"publish","type":"page","link":"https:\/\/shalonchemicalindustries.com\/index.php\/productos-ladrillos\/","title":{"rendered":"Ladrillos"},"content":{"rendered":"\n<h2 class=\"wp-block-heading has-text-align-center has-vivid-red-color has-text-color has-link-color wp-elements-667a1291775cddbe973830b0ceb22ac2\" style=\"font-size:46px\"><strong>PRODUCTOS<\/strong><\/h2>\n\n\n\n<div class=\"wp-block-buttons is-content-justification-center is-layout-flex wp-container-core-buttons-is-layout-16018d1d wp-block-buttons-is-layout-flex\">\n<div class=\"wp-block-button\"><a class=\"wp-block-button__link has-white-color has-text-color has-link-color wp-element-button\" href=\"https:\/\/shalonchemicalindustries.com\/index.php\/productos-ladrillos\/\">LADRILLOS<\/a><\/div>\n\n\n\n<div class=\"wp-block-button\"><a class=\"wp-block-button__link has-white-color has-text-color has-link-color wp-element-button\" href=\"https:\/\/shalonchemicalindustries.com\/index.php\/productos-morteros\/\">MORTEROS<\/a><\/div>\n\n\n\n<div class=\"wp-block-button\"><a class=\"wp-block-button__link has-white-color has-text-color has-link-color wp-element-button\" href=\"https:\/\/shalonchemicalindustries.com\/index.php\/productos-castables\/\">CASTABLES<\/a><\/div>\n\n\n\n<div class=\"wp-block-button\"><a class=\"wp-block-button__link has-white-color has-text-color has-link-color wp-element-button\" href=\"https:\/\/shalonchemicalindustries.com\/index.php\/productos-plasticos\/\">PLASTICOS<\/a><\/div>\n\n\n\n<div class=\"wp-block-button\"><a class=\"wp-block-button__link has-white-color has-text-color has-link-color wp-element-button\" href=\"https:\/\/shalonchemicalindustries.com\/index.php\/productos-pinturas\/\">PINTURAS<\/a><\/div>\n\n\n\n<div class=\"wp-block-button\"><a class=\"wp-block-button__link has-white-color has-text-color has-link-color wp-element-button\" href=\"https:\/\/shalonchemicalindustries.com\/index.php\/productos-aislantes\/\">AISLANTES<\/a><\/div>\n\n\n\n<div class=\"wp-block-button\"><a class=\"wp-block-button__link has-white-color has-text-color has-link-color wp-element-button\" href=\"https:\/\/shalonchemicalindustries.com\/index.php\/productos-conos\/\">CONOS<\/a><\/div>\n<\/div>\n\n\n\n<p class=\"has-text-align-center\"><\/p>\n\n\n\n<p class=\"has-white-color has-text-color has-link-color wp-elements-7e4ac651328708ea719ac0894fa30934\">.<\/p>\n\n\n\n<h2 class=\"wp-block-heading has-text-align-center has-vivid-red-color has-text-color has-link-color wp-elements-a7a5a804123f7a7f848d4aa241704fd4\" style=\"font-size:40px\"><strong>LADRILLOS SCHEMIN<\/strong><\/h2>\n\n\n\n<p><\/p>\n\n\n\n<p class=\"has-black-color has-text-color has-link-color wp-elements-9b2cd73c414c0475f5f0233c3db3d17b\">Productos refractarios preformados, a base de \u00f3xidos naturales no met\u00e1licos de alto punto de fusi\u00f3n, que brindan alta performance de refractariedad y expansi\u00f3n t\u00e9rmica, que los hacen compatibles para soportar acciones mec\u00e1nicas presentes en la operaci\u00f3n.<\/p>\n\n\n\n<div class=\"wp-block-columns is-not-stacked-on-mobile is-layout-flex wp-container-core-columns-is-layout-9d6595d7 wp-block-columns-is-layout-flex\">\n<div class=\"wp-block-column is-layout-flow wp-block-column-is-layout-flow\"><div class=\"wp-block-image\">\n<figure class=\"aligncenter size-full is-resized\"><img loading=\"lazy\" decoding=\"async\" width=\"500\" height=\"500\" src=\"https:\/\/shalonchemicalindustries.com\/wp-content\/uploads\/2026\/04\/1-6.png\" alt=\"\" class=\"wp-image-475\" style=\"width:166px;height:auto\" srcset=\"https:\/\/shalonchemicalindustries.com\/wp-content\/uploads\/2026\/04\/1-6.png 500w, https:\/\/shalonchemicalindustries.com\/wp-content\/uploads\/2026\/04\/1-6-300x300.png 300w, https:\/\/shalonchemicalindustries.com\/wp-content\/uploads\/2026\/04\/1-6-150x150.png 150w, https:\/\/shalonchemicalindustries.com\/wp-content\/uploads\/2026\/04\/1-6-100x100.png 100w\" sizes=\"auto, (max-width: 500px) 100vw, 500px\" \/><\/figure>\n<\/div><\/div>\n\n\n\n<div class=\"wp-block-column is-layout-flow wp-block-column-is-layout-flow\"><div class=\"wp-block-image\">\n<figure class=\"aligncenter size-full is-resized\"><img loading=\"lazy\" decoding=\"async\" width=\"500\" height=\"500\" src=\"https:\/\/shalonchemicalindustries.com\/wp-content\/uploads\/2026\/04\/2-6.png\" alt=\"\" class=\"wp-image-476\" style=\"width:166px\" srcset=\"https:\/\/shalonchemicalindustries.com\/wp-content\/uploads\/2026\/04\/2-6.png 500w, https:\/\/shalonchemicalindustries.com\/wp-content\/uploads\/2026\/04\/2-6-300x300.png 300w, https:\/\/shalonchemicalindustries.com\/wp-content\/uploads\/2026\/04\/2-6-150x150.png 150w, https:\/\/shalonchemicalindustries.com\/wp-content\/uploads\/2026\/04\/2-6-100x100.png 100w\" sizes=\"auto, (max-width: 500px) 100vw, 500px\" \/><\/figure>\n<\/div><\/div>\n\n\n\n<div class=\"wp-block-column is-layout-flow wp-block-column-is-layout-flow\"><div class=\"wp-block-image\">\n<figure class=\"aligncenter size-full is-resized\"><img loading=\"lazy\" decoding=\"async\" width=\"500\" height=\"500\" src=\"https:\/\/shalonchemicalindustries.com\/wp-content\/uploads\/2026\/04\/3-6.png\" alt=\"\" class=\"wp-image-477\" style=\"width:166px\" srcset=\"https:\/\/shalonchemicalindustries.com\/wp-content\/uploads\/2026\/04\/3-6.png 500w, https:\/\/shalonchemicalindustries.com\/wp-content\/uploads\/2026\/04\/3-6-300x300.png 300w, https:\/\/shalonchemicalindustries.com\/wp-content\/uploads\/2026\/04\/3-6-150x150.png 150w, https:\/\/shalonchemicalindustries.com\/wp-content\/uploads\/2026\/04\/3-6-100x100.png 100w\" sizes=\"auto, (max-width: 500px) 100vw, 500px\" \/><\/figure>\n<\/div><\/div>\n<\/div>\n\n\n\n<div class=\"wp-block-columns is-not-stacked-on-mobile is-layout-flex wp-container-core-columns-is-layout-9d6595d7 wp-block-columns-is-layout-flex\">\n<div class=\"wp-block-column is-layout-flow wp-block-column-is-layout-flow\"><div class=\"wp-block-image\">\n<figure class=\"aligncenter size-full is-resized\"><img loading=\"lazy\" decoding=\"async\" width=\"500\" height=\"500\" src=\"https:\/\/shalonchemicalindustries.com\/wp-content\/uploads\/2026\/04\/4-4.png\" alt=\"\" class=\"wp-image-478\" style=\"width:166px\" srcset=\"https:\/\/shalonchemicalindustries.com\/wp-content\/uploads\/2026\/04\/4-4.png 500w, https:\/\/shalonchemicalindustries.com\/wp-content\/uploads\/2026\/04\/4-4-300x300.png 300w, https:\/\/shalonchemicalindustries.com\/wp-content\/uploads\/2026\/04\/4-4-150x150.png 150w, https:\/\/shalonchemicalindustries.com\/wp-content\/uploads\/2026\/04\/4-4-100x100.png 100w\" sizes=\"auto, (max-width: 500px) 100vw, 500px\" \/><\/figure>\n<\/div><\/div>\n\n\n\n<div class=\"wp-block-column is-layout-flow wp-block-column-is-layout-flow\"><div class=\"wp-block-image\">\n<figure class=\"aligncenter size-full is-resized\"><img loading=\"lazy\" decoding=\"async\" width=\"500\" height=\"500\" src=\"https:\/\/shalonchemicalindustries.com\/wp-content\/uploads\/2026\/04\/5-5.png\" alt=\"\" class=\"wp-image-480\" style=\"width:166px\" srcset=\"https:\/\/shalonchemicalindustries.com\/wp-content\/uploads\/2026\/04\/5-5.png 500w, https:\/\/shalonchemicalindustries.com\/wp-content\/uploads\/2026\/04\/5-5-300x300.png 300w, https:\/\/shalonchemicalindustries.com\/wp-content\/uploads\/2026\/04\/5-5-150x150.png 150w, https:\/\/shalonchemicalindustries.com\/wp-content\/uploads\/2026\/04\/5-5-100x100.png 100w\" sizes=\"auto, (max-width: 500px) 100vw, 500px\" \/><\/figure>\n<\/div><\/div>\n\n\n\n<div class=\"wp-block-column is-layout-flow wp-block-column-is-layout-flow\"><div class=\"wp-block-image\">\n<figure class=\"aligncenter size-full is-resized\"><img loading=\"lazy\" decoding=\"async\" width=\"500\" height=\"500\" src=\"https:\/\/shalonchemicalindustries.com\/wp-content\/uploads\/2026\/04\/6-4.png\" alt=\"\" class=\"wp-image-481\" style=\"width:166px\" srcset=\"https:\/\/shalonchemicalindustries.com\/wp-content\/uploads\/2026\/04\/6-4.png 500w, https:\/\/shalonchemicalindustries.com\/wp-content\/uploads\/2026\/04\/6-4-300x300.png 300w, https:\/\/shalonchemicalindustries.com\/wp-content\/uploads\/2026\/04\/6-4-150x150.png 150w, https:\/\/shalonchemicalindustries.com\/wp-content\/uploads\/2026\/04\/6-4-100x100.png 100w\" sizes=\"auto, (max-width: 500px) 100vw, 500px\" \/><\/figure>\n<\/div><\/div>\n<\/div>\n\n\n\n<div class=\"wp-block-columns is-not-stacked-on-mobile is-layout-flex wp-container-core-columns-is-layout-9d6595d7 wp-block-columns-is-layout-flex\">\n<div class=\"wp-block-column is-layout-flow wp-block-column-is-layout-flow\"><\/div>\n\n\n\n<div class=\"wp-block-column is-layout-flow wp-block-column-is-layout-flow\"><div class=\"wp-block-image\">\n<figure class=\"aligncenter size-full is-resized\"><img loading=\"lazy\" decoding=\"async\" width=\"500\" height=\"500\" src=\"https:\/\/shalonchemicalindustries.com\/wp-content\/uploads\/2026\/04\/7-5.png\" alt=\"\" class=\"wp-image-494\" style=\"width:166px\" srcset=\"https:\/\/shalonchemicalindustries.com\/wp-content\/uploads\/2026\/04\/7-5.png 500w, https:\/\/shalonchemicalindustries.com\/wp-content\/uploads\/2026\/04\/7-5-300x300.png 300w, https:\/\/shalonchemicalindustries.com\/wp-content\/uploads\/2026\/04\/7-5-150x150.png 150w, https:\/\/shalonchemicalindustries.com\/wp-content\/uploads\/2026\/04\/7-5-100x100.png 100w\" sizes=\"auto, (max-width: 500px) 100vw, 500px\" \/><\/figure>\n<\/div><\/div>\n\n\n\n<div class=\"wp-block-column is-layout-flow wp-block-column-is-layout-flow\"><\/div>\n<\/div>\n\n\n\n<h2 class=\"wp-block-heading has-text-align-center has-vivid-red-color has-text-color has-link-color wp-elements-99a5c644707812abfb1eab845d1228e1\" style=\"font-size:40px\"><strong>INSTALACI\u00d3N<\/strong><\/h2>\n\n\n\n<div class=\"wp-block-columns is-not-stacked-on-mobile is-layout-flex wp-container-core-columns-is-layout-9d6595d7 wp-block-columns-is-layout-flex\">\n<div class=\"wp-block-column is-layout-flow wp-block-column-is-layout-flow\">\n<figure class=\"wp-block-image size-full\"><img loading=\"lazy\" decoding=\"async\" width=\"759\" height=\"570\" src=\"https:\/\/shalonchemicalindustries.com\/wp-content\/uploads\/2026\/04\/Formacion_Rectangular.png\" alt=\"\" class=\"wp-image-499\" srcset=\"https:\/\/shalonchemicalindustries.com\/wp-content\/uploads\/2026\/04\/Formacion_Rectangular.png 759w, https:\/\/shalonchemicalindustries.com\/wp-content\/uploads\/2026\/04\/Formacion_Rectangular-300x225.png 300w, https:\/\/shalonchemicalindustries.com\/wp-content\/uploads\/2026\/04\/Formacion_Rectangular-600x451.png 600w\" sizes=\"auto, (max-width: 759px) 100vw, 759px\" \/><\/figure>\n<\/div>\n\n\n\n<div class=\"wp-block-column is-layout-flow wp-block-column-is-layout-flow\">\n<figure class=\"wp-block-image size-full\"><img loading=\"lazy\" decoding=\"async\" width=\"759\" height=\"571\" src=\"https:\/\/shalonchemicalindustries.com\/wp-content\/uploads\/2026\/04\/Formacion_Circular.png\" alt=\"\" class=\"wp-image-500\" srcset=\"https:\/\/shalonchemicalindustries.com\/wp-content\/uploads\/2026\/04\/Formacion_Circular.png 759w, https:\/\/shalonchemicalindustries.com\/wp-content\/uploads\/2026\/04\/Formacion_Circular-300x226.png 300w, https:\/\/shalonchemicalindustries.com\/wp-content\/uploads\/2026\/04\/Formacion_Circular-600x451.png 600w\" sizes=\"auto, (max-width: 759px) 100vw, 759px\" \/><\/figure>\n<\/div>\n<\/div>\n\n\n\n<div class=\"wp-block-columns is-layout-flex wp-container-core-columns-is-layout-9d6595d7 wp-block-columns-is-layout-flex\">\n<div class=\"wp-block-column is-layout-flow wp-block-column-is-layout-flow\">\n<ul class=\"wp-block-list\">\n<li class=\"has-black-color has-text-color has-link-color wp-elements-31770b16d50fb31f7d42648418604a71\">Colocado a Soga : Standard 2.1\/2&#8243;, 3&#8243;<\/li>\n\n\n\n<li class=\"has-black-color has-text-color has-link-color wp-elements-aa1fed9fed24813cad43daf53997a542\">Colocado a Tiz\u00f3n : Standard 2.1\/2&#8243;, 3&#8243;<\/li>\n\n\n\n<li class=\"has-black-color has-text-color has-link-color wp-elements-b60d1dc4d21fb3e18df1c499ed0d4f2d\">Enchape de Canto : Parr. 3\/4&#8243;, Div. 1&#8243;, 1.1\/4&#8243;<\/li>\n\n\n\n<li class=\"has-black-color has-text-color has-link-color wp-elements-bf720ed76e964176cdb16b6a838727aa\">Enchape de Piso : Div. 1.1\/2&#8243;, 2&#8243;, 2.1\/2&#8243;<\/li>\n\n\n\n<li class=\"has-black-color has-text-color has-link-color wp-elements-42aa085cdcf8bf6fba545485dbc551c0\">Pared Tipo Soga: 72 piezas x m2<\/li>\n\n\n\n<li class=\"has-black-color has-text-color has-link-color wp-elements-f3cdc2e0acf7158b00b99b5dd9eed9c3\">Pared Tipo Cabeza (Tiz\u00f3n): 144 piezas x m2<\/li>\n\n\n\n<li class=\"has-black-color has-text-color has-link-color wp-elements-c2b9c8995e1685158dbdad6d50bf8478\">Enchape: 42 piezas x m2 (cualquier medida)<\/li>\n<\/ul>\n<\/div>\n\n\n\n<div class=\"wp-block-column is-vertically-aligned-center is-layout-flow wp-block-column-is-layout-flow\">\n<ul class=\"wp-block-list\">\n<li class=\"has-black-color has-text-color has-link-color wp-elements-a58563a999dce8608e53db33db23a53a\">Di\u00e1metros Grandes : Arco, Cu\u00f1a, Standard<\/li>\n\n\n\n<li class=\"has-black-color has-text-color has-link-color wp-elements-0aa84c2294f25a25aa5d5aa3a8472185\">Di\u00e1metros Peque\u00f1os : Junior (Arco, Cu\u00f1a, Recto)<\/li>\n\n\n\n<li class=\"has-black-color has-text-color has-link-color wp-elements-b5fc8fc68ec52dc9823e42ad8ce2ab7f\">Semic\u00edrculos : Arco, Cu\u00f1a, Recto, Junior<\/li>\n\n\n\n<li class=\"has-black-color has-text-color has-link-color wp-elements-0d1da75f496d804243c20ecfd5913231\">Tipo Arco (Pared 4.1\/2&#8243;)<\/li>\n\n\n\n<li class=\"has-black-color has-text-color has-link-color wp-elements-9781a778ee46140329ccbcd2586e86f4\">Tipo Cu\u00f1a (Pared 9&#8243;)<\/li>\n\n\n\n<li class=\"has-black-color has-text-color has-link-color wp-elements-557fd204a0070a28c955037a07dea68e\">Tipo Junior (Pared 2.1\/4&#8243;)<\/li>\n\n\n\n<li class=\"has-black-color has-text-color has-link-color wp-elements-9a3d62cf4a32eeba847aa7af07698638\">Solicitar asesor\u00eda de Schemin para el c\u00e1lculo de los anillos..<\/li>\n<\/ul>\n<\/div>\n<\/div>\n\n\n\n<h2 class=\"wp-block-heading has-text-align-center has-vivid-red-color has-text-color has-link-color wp-elements-72c9891ba23abd1da992c3a2b1c285e6\" style=\"font-size:40px\"><strong>DOSIFICACI\u00d3N DE LADRILLOS<\/strong><\/h2>\n\n\n<div class=\"wp-block-image\">\n<figure class=\"aligncenter size-full\"><img loading=\"lazy\" decoding=\"async\" width=\"797\" height=\"419\" src=\"https:\/\/shalonchemicalindustries.com\/wp-content\/uploads\/2026\/04\/Dosif-Lad.png\" alt=\"\" class=\"wp-image-505\" srcset=\"https:\/\/shalonchemicalindustries.com\/wp-content\/uploads\/2026\/04\/Dosif-Lad.png 797w, https:\/\/shalonchemicalindustries.com\/wp-content\/uploads\/2026\/04\/Dosif-Lad-300x158.png 300w, https:\/\/shalonchemicalindustries.com\/wp-content\/uploads\/2026\/04\/Dosif-Lad-768x404.png 768w, https:\/\/shalonchemicalindustries.com\/wp-content\/uploads\/2026\/04\/Dosif-Lad-600x315.png 600w\" sizes=\"auto, (max-width: 797px) 100vw, 797px\" \/><\/figure>\n<\/div>\n\n\n<p class=\"has-text-align-center has-vivid-red-color has-text-color has-link-color wp-elements-1267405f798a3d7c4bc39e9cf9d5d3b9\" style=\"font-size:40px\"><strong>RECOMENDACIONES<\/strong><\/p>\n\n\n\n<ul class=\"wp-block-list\">\n<li class=\"has-black-color has-text-color has-link-color wp-elements-fb118f9bb9931ba2d1ca7aaa3083d7bc\">Instalar el Ladrillo seco a 1 mm. de junta entre ladrillos.<\/li>\n\n\n\n<li class=\"has-black-color has-text-color has-link-color wp-elements-7c290ed154976a8e86e6d57afc81c826\">Cuidar en la instalaci\u00f3n el nivel y la adherencia necesaria.<\/li>\n\n\n\n<li class=\"has-black-color has-text-color has-link-color wp-elements-712c5d7c61cee8901749e87e703f005b\">Para estructuras cil\u00edndricas, usar Ladrillos Arco o Cu\u00f1a, seg\u00fan necesidad y para el c\u00e1lculo solicitar la asesor\u00eda de SCHEMIN.<\/li>\n<\/ul>\n","protected":false},"excerpt":{"rendered":"<p>PRODUCTOS . LADRILLOS SCHEMIN Productos refractarios preformados, a base de \u00f3xidos naturales no met\u00e1licos de alto punto de fusi\u00f3n, que brindan alta performance de refractariedad y expansi\u00f3n t\u00e9rmica, que los &#8230;<\/p>\n","protected":false},"author":1,"featured_media":0,"parent":0,"menu_order":0,"comment_status":"closed","ping_status":"closed","template":"","meta":{"_joinchat":[],"footnotes":""},"class_list":["post-241","page","type-page","status-publish","hentry"],"yoast_head":"<!-- This site is optimized with the Yoast SEO plugin v27.4 - https:\/\/yoast.com\/product\/yoast-seo-wordpress\/ -->\n<title>Ladrillos - Shalon Chemical Industries S.a.C<\/title>\n<meta name=\"robots\" content=\"index, follow, max-snippet:-1, max-image-preview:large, max-video-preview:-1\" \/>\n<link rel=\"canonical\" href=\"https:\/\/shalonchemicalindustries.com\/index.php\/productos-ladrillos\/\" \/>\n<meta property=\"og:locale\" content=\"es_ES\" \/>\n<meta property=\"og:type\" content=\"article\" \/>\n<meta property=\"og:title\" content=\"Ladrillos - Shalon Chemical Industries S.a.C\" \/>\n<meta property=\"og:description\" content=\"PRODUCTOS . LADRILLOS SCHEMIN Productos refractarios preformados, a base de \u00f3xidos naturales no met\u00e1licos de alto punto de fusi\u00f3n, que brindan alta performance de refractariedad y expansi\u00f3n t\u00e9rmica, que los ...\" \/>\n<meta property=\"og:url\" content=\"https:\/\/shalonchemicalindustries.com\/index.php\/productos-ladrillos\/\" \/>\n<meta property=\"og:site_name\" content=\"Shalon Chemical Industries S.a.C\" \/>\n<meta property=\"article:modified_time\" content=\"2026-04-09T20:01:59+00:00\" \/>\n<meta property=\"og:image\" content=\"https:\/\/shalonchemicalindustries.com\/wp-content\/uploads\/2026\/04\/1-6.png\" \/>\n\t<meta property=\"og:image:width\" content=\"500\" \/>\n\t<meta property=\"og:image:height\" content=\"500\" \/>\n\t<meta property=\"og:image:type\" content=\"image\/png\" \/>\n<meta name=\"twitter:card\" content=\"summary_large_image\" \/>\n<meta name=\"twitter:label1\" content=\"Tiempo de lectura\" \/>\n\t<meta name=\"twitter:data1\" content=\"1 minuto\" \/>\n<script type=\"application\/ld+json\" class=\"yoast-schema-graph\">{\"@context\":\"https:\\\/\\\/schema.org\",\"@graph\":[{\"@type\":\"WebPage\",\"@id\":\"https:\\\/\\\/shalonchemicalindustries.com\\\/index.php\\\/productos-ladrillos\\\/\",\"url\":\"https:\\\/\\\/shalonchemicalindustries.com\\\/index.php\\\/productos-ladrillos\\\/\",\"name\":\"Ladrillos - Shalon Chemical Industries S.a.C\",\"isPartOf\":{\"@id\":\"https:\\\/\\\/shalonchemicalindustries.com\\\/#website\"},\"primaryImageOfPage\":{\"@id\":\"https:\\\/\\\/shalonchemicalindustries.com\\\/index.php\\\/productos-ladrillos\\\/#primaryimage\"},\"image\":{\"@id\":\"https:\\\/\\\/shalonchemicalindustries.com\\\/index.php\\\/productos-ladrillos\\\/#primaryimage\"},\"thumbnailUrl\":\"https:\\\/\\\/shalonchemicalindustries.com\\\/wp-content\\\/uploads\\\/2026\\\/04\\\/1-6.png\",\"datePublished\":\"2026-04-08T01:21:46+00:00\",\"dateModified\":\"2026-04-09T20:01:59+00:00\",\"breadcrumb\":{\"@id\":\"https:\\\/\\\/shalonchemicalindustries.com\\\/index.php\\\/productos-ladrillos\\\/#breadcrumb\"},\"inLanguage\":\"es\",\"potentialAction\":[{\"@type\":\"ReadAction\",\"target\":[\"https:\\\/\\\/shalonchemicalindustries.com\\\/index.php\\\/productos-ladrillos\\\/\"]}]},{\"@type\":\"ImageObject\",\"inLanguage\":\"es\",\"@id\":\"https:\\\/\\\/shalonchemicalindustries.com\\\/index.php\\\/productos-ladrillos\\\/#primaryimage\",\"url\":\"https:\\\/\\\/shalonchemicalindustries.com\\\/wp-content\\\/uploads\\\/2026\\\/04\\\/1-6.png\",\"contentUrl\":\"https:\\\/\\\/shalonchemicalindustries.com\\\/wp-content\\\/uploads\\\/2026\\\/04\\\/1-6.png\",\"width\":500,\"height\":500},{\"@type\":\"BreadcrumbList\",\"@id\":\"https:\\\/\\\/shalonchemicalindustries.com\\\/index.php\\\/productos-ladrillos\\\/#breadcrumb\",\"itemListElement\":[{\"@type\":\"ListItem\",\"position\":1,\"name\":\"Portada\",\"item\":\"https:\\\/\\\/shalonchemicalindustries.com\\\/\"},{\"@type\":\"ListItem\",\"position\":2,\"name\":\"Ladrillos\"}]},{\"@type\":\"WebSite\",\"@id\":\"https:\\\/\\\/shalonchemicalindustries.com\\\/#website\",\"url\":\"https:\\\/\\\/shalonchemicalindustries.com\\\/\",\"name\":\"Shalon Chemical Industries S.a.C\",\"description\":\"\",\"publisher\":{\"@id\":\"https:\\\/\\\/shalonchemicalindustries.com\\\/#organization\"},\"potentialAction\":[{\"@type\":\"SearchAction\",\"target\":{\"@type\":\"EntryPoint\",\"urlTemplate\":\"https:\\\/\\\/shalonchemicalindustries.com\\\/?s={search_term_string}\"},\"query-input\":{\"@type\":\"PropertyValueSpecification\",\"valueRequired\":true,\"valueName\":\"search_term_string\"}}],\"inLanguage\":\"es\"},{\"@type\":\"Organization\",\"@id\":\"https:\\\/\\\/shalonchemicalindustries.com\\\/#organization\",\"name\":\"Shalon Chemical Industries S.a.C\",\"url\":\"https:\\\/\\\/shalonchemicalindustries.com\\\/\",\"logo\":{\"@type\":\"ImageObject\",\"inLanguage\":\"es\",\"@id\":\"https:\\\/\\\/shalonchemicalindustries.com\\\/#\\\/schema\\\/logo\\\/image\\\/\",\"url\":\"https:\\\/\\\/shalonchemicalindustries.com\\\/wp-content\\\/uploads\\\/2026\\\/04\\\/cropped-logo.png\",\"contentUrl\":\"https:\\\/\\\/shalonchemicalindustries.com\\\/wp-content\\\/uploads\\\/2026\\\/04\\\/cropped-logo.png\",\"width\":163,\"height\":89,\"caption\":\"Shalon Chemical Industries S.a.C\"},\"image\":{\"@id\":\"https:\\\/\\\/shalonchemicalindustries.com\\\/#\\\/schema\\\/logo\\\/image\\\/\"}}]}<\/script>\n<!-- \/ Yoast SEO plugin. -->","yoast_head_json":{"title":"Ladrillos - Shalon Chemical Industries S.a.C","robots":{"index":"index","follow":"follow","max-snippet":"max-snippet:-1","max-image-preview":"max-image-preview:large","max-video-preview":"max-video-preview:-1"},"canonical":"https:\/\/shalonchemicalindustries.com\/index.php\/productos-ladrillos\/","og_locale":"es_ES","og_type":"article","og_title":"Ladrillos - Shalon Chemical Industries S.a.C","og_description":"PRODUCTOS . LADRILLOS SCHEMIN Productos refractarios preformados, a base de \u00f3xidos naturales no met\u00e1licos de alto punto de fusi\u00f3n, que brindan alta performance de refractariedad y expansi\u00f3n t\u00e9rmica, que los ...","og_url":"https:\/\/shalonchemicalindustries.com\/index.php\/productos-ladrillos\/","og_site_name":"Shalon Chemical Industries S.a.C","article_modified_time":"2026-04-09T20:01:59+00:00","og_image":[{"width":500,"height":500,"url":"https:\/\/shalonchemicalindustries.com\/wp-content\/uploads\/2026\/04\/1-6.png","type":"image\/png"}],"twitter_card":"summary_large_image","twitter_misc":{"Tiempo de lectura":"1 minuto"},"schema":{"@context":"https:\/\/schema.org","@graph":[{"@type":"WebPage","@id":"https:\/\/shalonchemicalindustries.com\/index.php\/productos-ladrillos\/","url":"https:\/\/shalonchemicalindustries.com\/index.php\/productos-ladrillos\/","name":"Ladrillos - Shalon Chemical Industries S.a.C","isPartOf":{"@id":"https:\/\/shalonchemicalindustries.com\/#website"},"primaryImageOfPage":{"@id":"https:\/\/shalonchemicalindustries.com\/index.php\/productos-ladrillos\/#primaryimage"},"image":{"@id":"https:\/\/shalonchemicalindustries.com\/index.php\/productos-ladrillos\/#primaryimage"},"thumbnailUrl":"https:\/\/shalonchemicalindustries.com\/wp-content\/uploads\/2026\/04\/1-6.png","datePublished":"2026-04-08T01:21:46+00:00","dateModified":"2026-04-09T20:01:59+00:00","breadcrumb":{"@id":"https:\/\/shalonchemicalindustries.com\/index.php\/productos-ladrillos\/#breadcrumb"},"inLanguage":"es","potentialAction":[{"@type":"ReadAction","target":["https:\/\/shalonchemicalindustries.com\/index.php\/productos-ladrillos\/"]}]},{"@type":"ImageObject","inLanguage":"es","@id":"https:\/\/shalonchemicalindustries.com\/index.php\/productos-ladrillos\/#primaryimage","url":"https:\/\/shalonchemicalindustries.com\/wp-content\/uploads\/2026\/04\/1-6.png","contentUrl":"https:\/\/shalonchemicalindustries.com\/wp-content\/uploads\/2026\/04\/1-6.png","width":500,"height":500},{"@type":"BreadcrumbList","@id":"https:\/\/shalonchemicalindustries.com\/index.php\/productos-ladrillos\/#breadcrumb","itemListElement":[{"@type":"ListItem","position":1,"name":"Portada","item":"https:\/\/shalonchemicalindustries.com\/"},{"@type":"ListItem","position":2,"name":"Ladrillos"}]},{"@type":"WebSite","@id":"https:\/\/shalonchemicalindustries.com\/#website","url":"https:\/\/shalonchemicalindustries.com\/","name":"Shalon Chemical Industries S.a.C","description":"","publisher":{"@id":"https:\/\/shalonchemicalindustries.com\/#organization"},"potentialAction":[{"@type":"SearchAction","target":{"@type":"EntryPoint","urlTemplate":"https:\/\/shalonchemicalindustries.com\/?s={search_term_string}"},"query-input":{"@type":"PropertyValueSpecification","valueRequired":true,"valueName":"search_term_string"}}],"inLanguage":"es"},{"@type":"Organization","@id":"https:\/\/shalonchemicalindustries.com\/#organization","name":"Shalon Chemical Industries S.a.C","url":"https:\/\/shalonchemicalindustries.com\/","logo":{"@type":"ImageObject","inLanguage":"es","@id":"https:\/\/shalonchemicalindustries.com\/#\/schema\/logo\/image\/","url":"https:\/\/shalonchemicalindustries.com\/wp-content\/uploads\/2026\/04\/cropped-logo.png","contentUrl":"https:\/\/shalonchemicalindustries.com\/wp-content\/uploads\/2026\/04\/cropped-logo.png","width":163,"height":89,"caption":"Shalon Chemical Industries S.a.C"},"image":{"@id":"https:\/\/shalonchemicalindustries.com\/#\/schema\/logo\/image\/"}}]}},"_links":{"self":[{"href":"https:\/\/shalonchemicalindustries.com\/index.php\/wp-json\/wp\/v2\/pages\/241","targetHints":{"allow":["GET"]}}],"collection":[{"href":"https:\/\/shalonchemicalindustries.com\/index.php\/wp-json\/wp\/v2\/pages"}],"about":[{"href":"https:\/\/shalonchemicalindustries.com\/index.php\/wp-json\/wp\/v2\/types\/page"}],"author":[{"embeddable":true,"href":"https:\/\/shalonchemicalindustries.com\/index.php\/wp-json\/wp\/v2\/users\/1"}],"replies":[{"embeddable":true,"href":"https:\/\/shalonchemicalindustries.com\/index.php\/wp-json\/wp\/v2\/comments?post=241"}],"version-history":[{"count":29,"href":"https:\/\/shalonchemicalindustries.com\/index.php\/wp-json\/wp\/v2\/pages\/241\/revisions"}],"predecessor-version":[{"id":539,"href":"https:\/\/shalonchemicalindustries.com\/index.php\/wp-json\/wp\/v2\/pages\/241\/revisions\/539"}],"wp:attachment":[{"href":"https:\/\/shalonchemicalindustries.com\/index.php\/wp-json\/wp\/v2\/media?parent=241"}],"curies":[{"name":"wp","href":"https:\/\/api.w.org\/{rel}","templated":true}]}}