{"id":267,"date":"2026-04-08T01:32:21","date_gmt":"2026-04-08T01:32:21","guid":{"rendered":"https:\/\/shalonchemicalindustries.com\/?page_id=267"},"modified":"2026-04-09T20:25:45","modified_gmt":"2026-04-09T20:25:45","slug":"productos-morteros","status":"publish","type":"page","link":"https:\/\/shalonchemicalindustries.com\/index.php\/productos-morteros\/","title":{"rendered":"Morteros"},"content":{"rendered":"\n<h2 class=\"wp-block-heading has-text-align-center has-vivid-red-color has-text-color has-link-color wp-elements-667a1291775cddbe973830b0ceb22ac2\" style=\"font-size:46px\"><strong>PRODUCTOS<\/strong><\/h2>\n\n\n\n<div class=\"wp-block-buttons is-content-justification-center is-layout-flex wp-container-core-buttons-is-layout-16018d1d wp-block-buttons-is-layout-flex\">\n<div class=\"wp-block-button\"><a class=\"wp-block-button__link has-white-color has-text-color has-link-color wp-element-button\" href=\"https:\/\/shalonchemicalindustries.com\/index.php\/productos-ladrillos\/\">LADRILLOS<\/a><\/div>\n\n\n\n<div class=\"wp-block-button\"><a class=\"wp-block-button__link has-white-color has-text-color has-link-color wp-element-button\" href=\"https:\/\/shalonchemicalindustries.com\/index.php\/productos-morteros\/\">MORTEROS<\/a><\/div>\n\n\n\n<div class=\"wp-block-button\"><a class=\"wp-block-button__link has-white-color has-text-color has-link-color wp-element-button\" href=\"https:\/\/shalonchemicalindustries.com\/index.php\/productos-castables\/\">CASTABLES<\/a><\/div>\n\n\n\n<div class=\"wp-block-button\"><a class=\"wp-block-button__link has-white-color has-text-color has-link-color wp-element-button\" href=\"https:\/\/shalonchemicalindustries.com\/index.php\/productos-plasticos\/\">PLASTICOS<\/a><\/div>\n\n\n\n<div class=\"wp-block-button\"><a class=\"wp-block-button__link has-white-color has-text-color has-link-color wp-element-button\" href=\"https:\/\/shalonchemicalindustries.com\/index.php\/productos-pinturas\/\">PINTURAS<\/a><\/div>\n\n\n\n<div class=\"wp-block-button\"><a class=\"wp-block-button__link has-white-color has-text-color has-link-color wp-element-button\" href=\"https:\/\/shalonchemicalindustries.com\/index.php\/productos-aislantes\/\">AISLANTES<\/a><\/div>\n\n\n\n<div class=\"wp-block-button\"><a class=\"wp-block-button__link has-white-color has-text-color has-link-color wp-element-button\" href=\"https:\/\/shalonchemicalindustries.com\/index.php\/productos-conos\/\">CONOS<\/a><\/div>\n<\/div>\n\n\n\n<p class=\"has-white-color has-text-color has-link-color wp-elements-c645e628e62f8fbab9d9726851472d16\"><\/p>\n\n\n\n<p class=\"has-text-align-center has-vivid-red-color has-text-color has-link-color wp-elements-fc4f654278cb5dbe8007ea1dc4d66fdb\" style=\"font-size:40px\"><strong><strong>MORTEROS SCHEMIN<\/strong><\/strong><\/p>\n\n\n<div class=\"wp-block-image\">\n<figure class=\"aligncenter size-full is-resized\"><img loading=\"lazy\" decoding=\"async\" width=\"506\" height=\"433\" src=\"https:\/\/shalonchemicalindustries.com\/wp-content\/uploads\/2026\/04\/2.1.Morteros-Web-P-rbg.png\" alt=\"\" class=\"wp-image-508\" style=\"aspect-ratio:1.103000811030008;width:195px;height:auto\" srcset=\"https:\/\/shalonchemicalindustries.com\/wp-content\/uploads\/2026\/04\/2.1.Morteros-Web-P-rbg.png 506w, https:\/\/shalonchemicalindustries.com\/wp-content\/uploads\/2026\/04\/2.1.Morteros-Web-P-rbg-300x257.png 300w\" sizes=\"auto, (max-width: 506px) 100vw, 506px\" \/><\/figure>\n<\/div>\n\n\n<p class=\"has-black-color has-text-color has-link-color wp-elements-61fc52e292c6fc5f53539c005c120ffb\">Material que se utiliza en la uni\u00f3n de ladrillos, para producir una estructura m\u00e1s estable y para sellar las juntas. Es una mezcla de materiales altamente refractarios, arcillas ricas en al\u00famina, \u00f3xidos naturales, \u00e1ridos, al\u00famina y otros.<\/p>\n\n\n\n<p class=\"has-black-color has-text-color has-link-color wp-elements-b077f2cdd3afced9171560ac621f273d\"><strong>TIPOS:<\/strong><\/p>\n\n\n\n<ol class=\"wp-block-list\">\n<li class=\"has-black-color has-text-color has-link-color wp-elements-0dfcc98457ea194ecf4ae0151952d27e\">Mortero F Schemin<\/li>\n\n\n\n<li class=\"has-black-color has-text-color has-link-color wp-elements-dd07c0df95f25912de6ad3b2ad00af6d\">Mortero Schemin EFB&nbsp; Alta Al\u00famina<\/li>\n\n\n\n<li class=\"has-black-color has-text-color has-link-color wp-elements-9cae2684c92a0074bafc97a9fa3a01ea\">Mortero Schemin Extra Fr\u00edo Alta Al\u00famina<\/li>\n\n\n\n<li class=\"has-black-color has-text-color has-link-color wp-elements-5253cdfb952a759e2c73dc9c2638fb5e\">Mortero Schemin Maxil Alta Al\u00famina<\/li>\n<\/ol>\n\n\n\n<p class=\"has-black-color has-text-color has-link-color wp-elements-10adcc7839e82d0b84ad4dba0dffcf36\"><strong>USOS:<\/strong><\/p>\n\n\n\n<p class=\"has-black-color has-text-color has-link-color wp-elements-6877793ce320fb828235408c987843a0\">Se utilizan para unir ladrillos refractarios en general, en fragua t\u00e9rmica, fragua hidr\u00e1ulica, para construcciones que requieran alta performance y construcci\u00f3n de hornos Industriales en general.<\/p>\n\n\n\n<p class=\"has-black-color has-text-color has-link-color wp-elements-6ab848fb6173efd1e8f5534e914535b6\"><strong>APLICACI\u00d3N:<\/strong><\/p>\n\n\n\n<ul class=\"wp-block-list\">\n<li class=\"has-black-color has-text-color has-link-color wp-elements-72938fe7585bb82ee762e8c40b37a145\">Emplear 17% de agua y mezclar hasta lograr una masa homogenea.<\/li>\n\n\n\n<li class=\"has-black-color has-text-color has-link-color wp-elements-a770888f6af3343a80011024a2cc4673\">Instalar mediante untado o inmersi\u00f3n.<\/li>\n\n\n\n<li class=\"has-black-color has-text-color has-link-color wp-elements-2aaf3ee8ff693e251ca0508107fe4f00\">En la t\u00e9cnica de untado, aplicar con badilejo la mezcla preparada sobre ladrillo.<\/li>\n\n\n\n<li class=\"has-black-color has-text-color has-link-color wp-elements-5b0441d0fa943b50193e9ad5390c9ecd\">Para la t\u00e9cnica de inmersi\u00f3n, sumergir completamente la cara del ladrillo a instalar en la mezcla preparada.<\/li>\n\n\n\n<li class=\"has-black-color has-text-color has-link-color wp-elements-1985cf0b929fdc52dbcfbbcc3376845e\">Instalar el ladrillo con el nivel y la adherencia necesaria.<\/li>\n<\/ul>\n\n\n\n<p class=\"has-black-color has-text-color has-link-color wp-elements-2d0f05fcc2f36703aeaaaaac34c50618\"><strong>RECOMENDACIONES:<\/strong><\/p>\n\n\n\n<ul class=\"wp-block-list\">\n<li class=\"has-black-color has-text-color has-link-color wp-elements-5d8db35e6587a192132eed65a987f73f\">Limpiar la zona de trabajo o instalaci\u00f3n. Antes de iniciar cualquier instalaci\u00f3n de Refractarios Schemin,&nbsp;<\/li>\n\n\n\n<li class=\"has-black-color has-text-color has-link-color wp-elements-0accd14db12473f561e9287a10b44421\">Emplear en la instalaci\u00f3n de ladrillos.<\/li>\n\n\n\n<li class=\"has-black-color has-text-color has-link-color wp-elements-45c99c4bb5de21c2da63c633b839f599\">En zonas de mayor concentraci\u00f3n de calor considerar un espesor de 1mm. en las juntas.<\/li>\n\n\n\n<li class=\"has-black-color has-text-color has-link-color wp-elements-dab81db57d5b9b41e974676e08d114ee\">El producto debe ser almacenado sobre parihuelas en lugares secos.<\/li>\n\n\n\n<li class=\"has-black-color has-text-color has-link-color wp-elements-5ae6f46c1e587e6f4ee167f29977c1ec\">Utilizar 12 horas de fraguado y 24 horas de secado.<\/li>\n\n\n\n<li class=\"has-black-color has-text-color has-link-color wp-elements-992c6c59329b2b6d69c295841d7b02d0\">Emplear 6 bolsas de 40Kg. Por millar de ladrillos.<\/li>\n<\/ul>\n\n\n\n<h2 class=\"wp-block-heading has-text-align-center has-vivid-red-color has-text-color has-link-color wp-elements-11ffde4c7fb52ed7a681fc8787a93fc3\" style=\"font-size:40px\"><strong>CEMENTOS<\/strong> <strong>SCHEMIN<\/strong><\/h2>\n\n\n<div class=\"wp-block-image\">\n<figure class=\"aligncenter size-full is-resized\"><img loading=\"lazy\" decoding=\"async\" width=\"720\" height=\"596\" src=\"https:\/\/shalonchemicalindustries.com\/wp-content\/uploads\/2026\/04\/3.2.Cementos-BBQ_Yell-x-5Kg.png\" alt=\"\" class=\"wp-image-510\" style=\"aspect-ratio:1.2081014401285215;width:249px;height:auto\" srcset=\"https:\/\/shalonchemicalindustries.com\/wp-content\/uploads\/2026\/04\/3.2.Cementos-BBQ_Yell-x-5Kg.png 720w, https:\/\/shalonchemicalindustries.com\/wp-content\/uploads\/2026\/04\/3.2.Cementos-BBQ_Yell-x-5Kg-300x248.png 300w, https:\/\/shalonchemicalindustries.com\/wp-content\/uploads\/2026\/04\/3.2.Cementos-BBQ_Yell-x-5Kg-600x497.png 600w\" sizes=\"auto, (max-width: 720px) 100vw, 720px\" \/><\/figure>\n<\/div>\n\n\n<p class=\"has-black-color has-text-color has-link-color wp-elements-b44ead7b81ecebf5e1767a3cd7c1e874\">Producto que sirve como uni\u00f3n, para hacer una estructura s\u00f3lida. Es obtenido qu\u00edmicamente con un porcentaje de al\u00famina elevado, dise\u00f1ado para soportar temperaturas moderadas.<\/p>\n\n\n\n<p class=\"has-black-color has-text-color has-link-color wp-elements-f123ae8e8ae224391e2211e105757529\"><strong>USOS Y APLICACI\u00d3N:<\/strong><\/p>\n\n\n\n<ul class=\"wp-block-list\">\n<li class=\"has-black-color has-text-color has-link-color wp-elements-c580947cd2a92aaa7a74a73d6d8e0626\">Usado en construcciones de la industria dom\u00e9stica, e industrias donde las condiciones de temperatura sea moderada.<\/li>\n\n\n\n<li class=\"has-black-color has-text-color has-link-color wp-elements-e9f8231e7b3a149f79288e29ee6beace\">Instalaci\u00f3n de paredes, enchapes de parrillas, chimeneas, barbiquiur, hornos de poller\u00edas, hornos de panificaci\u00f3n fijos y rodantes, etc.<\/li>\n\n\n\n<li class=\"has-black-color has-text-color has-link-color wp-elements-fb76d3d2c1a684032d5eea9ba18e714e\">En la industria petrolera de explotaci\u00f3n, fabricaci\u00f3n de piezas y\/o accesorios refractarios o ceramistas.<\/li>\n\n\n\n<li class=\"has-black-color has-text-color has-link-color wp-elements-387e418ac39735a8295a7b89169d451f\">Agregue agua al material y mezcle hasta lograr una masa homogenea.<\/li>\n\n\n\n<li class=\"has-black-color has-text-color has-link-color wp-elements-ec552cb48098e534f48ab1f52c296fb2\">Sumergir en agua el ladrillo antes de instalar.<\/li>\n\n\n\n<li class=\"has-black-color has-text-color has-link-color wp-elements-97d438f298e0dd3d338f160466ea78c0\">Utilizar el 17% de agua en la mezcla.<\/li>\n\n\n\n<li class=\"has-black-color has-text-color has-link-color wp-elements-743fe76a14ea735a2b0756ff730f7a72\">Aplicar la mezcla preparada sobre el ladrillo con el badilejo en el untado o sumergir la cara del ladrillo a instalar en la inmersi\u00f3n.<\/li>\n\n\n\n<li class=\"has-black-color has-text-color has-link-color wp-elements-1985cf0b929fdc52dbcfbbcc3376845e\">Instalar el ladrillo con el nivel y la adherencia necesaria.<\/li>\n<\/ul>\n\n\n\n<figure class=\"wp-block-image size-full\"><img loading=\"lazy\" decoding=\"async\" width=\"750\" height=\"375\" src=\"https:\/\/shalonchemicalindustries.com\/wp-content\/uploads\/2026\/04\/Dosif-Cem-Ench.png\" alt=\"\" class=\"wp-image-519\" srcset=\"https:\/\/shalonchemicalindustries.com\/wp-content\/uploads\/2026\/04\/Dosif-Cem-Ench.png 750w, https:\/\/shalonchemicalindustries.com\/wp-content\/uploads\/2026\/04\/Dosif-Cem-Ench-300x150.png 300w, https:\/\/shalonchemicalindustries.com\/wp-content\/uploads\/2026\/04\/Dosif-Cem-Ench-600x300.png 600w\" sizes=\"auto, (max-width: 750px) 100vw, 750px\" \/><\/figure>\n\n\n\n<figure class=\"wp-block-image size-full\"><img loading=\"lazy\" decoding=\"async\" width=\"750\" height=\"226\" src=\"https:\/\/shalonchemicalindustries.com\/wp-content\/uploads\/2026\/04\/Dosif-Cem-Frag.png\" alt=\"\" class=\"wp-image-520\" srcset=\"https:\/\/shalonchemicalindustries.com\/wp-content\/uploads\/2026\/04\/Dosif-Cem-Frag.png 750w, https:\/\/shalonchemicalindustries.com\/wp-content\/uploads\/2026\/04\/Dosif-Cem-Frag-300x90.png 300w, https:\/\/shalonchemicalindustries.com\/wp-content\/uploads\/2026\/04\/Dosif-Cem-Frag-600x181.png 600w\" sizes=\"auto, (max-width: 750px) 100vw, 750px\" \/><\/figure>\n\n\n\n<p class=\"has-black-color has-text-color has-link-color wp-elements-2d0f05fcc2f36703aeaaaaac34c50618\"><strong>RECOMENDACIONES:<\/strong><\/p>\n\n\n\n<ul class=\"wp-block-list\">\n<li class=\"has-black-color has-text-color has-link-color wp-elements-ce06217eca121067ed80a732092f726d\">Emplear para unir ladrillos en paredes y enchapes.<\/li>\n\n\n\n<li class=\"has-black-color has-text-color has-link-color wp-elements-d348845debe3df873d0bbaf1de51aa74\">Aplicar fraguado de la c\u00e1mara con Cemento, para el sellado de las juntas.<\/li>\n\n\n\n<li class=\"has-black-color has-text-color has-link-color wp-elements-22c8aac029eecc06c1bee5240eccdd0f\">Utilizar para el revestimiento en zonas donde la temperatura no exceda los 1000\u00baC.<\/li>\n\n\n\n<li class=\"has-black-color has-text-color has-link-color wp-elements-b92b15e174f890f3e0af151d77466988\">Proteger de la humedad y el calor.<\/li>\n<\/ul>\n\n\n\n<h2 class=\"wp-block-heading has-text-align-center has-vivid-red-color has-text-color has-link-color wp-elements-412dbd02f282b72a1be0569ec2e9a98e\" style=\"font-size:40px\"><strong>TIERRA SCHEMIN<\/strong><\/h2>\n\n\n\n<div class=\"wp-block-columns is-not-stacked-on-mobile is-layout-flex wp-container-core-columns-is-layout-9d6595d7 wp-block-columns-is-layout-flex\">\n<div class=\"wp-block-column is-layout-flow wp-block-column-is-layout-flow\"><div class=\"wp-block-image\">\n<figure class=\"alignright size-full is-resized\"><img loading=\"lazy\" decoding=\"async\" width=\"493\" height=\"450\" src=\"https:\/\/shalonchemicalindustries.com\/wp-content\/uploads\/2026\/04\/Bolsa-tierra-2.gif\" alt=\"\" class=\"wp-image-516\" style=\"aspect-ratio:1.0955854450394231;width:218px;height:auto\"\/><\/figure>\n<\/div><\/div>\n\n\n\n<div class=\"wp-block-column is-layout-flow wp-block-column-is-layout-flow\"><div class=\"wp-block-image\">\n<figure class=\"alignleft size-full is-resized\"><img loading=\"lazy\" decoding=\"async\" width=\"265\" height=\"198\" src=\"https:\/\/shalonchemicalindustries.com\/wp-content\/uploads\/2026\/04\/4.2.tierra.gif\" alt=\"\" class=\"wp-image-514\" style=\"aspect-ratio:1.3384262796027502;width:220px;height:auto\"\/><\/figure>\n<\/div><\/div>\n<\/div>\n\n\n\n<p class=\"has-black-color has-text-color has-link-color wp-elements-47acae0b0338e58be337d2e03d11567d\">Producto de alta refractariedad con mezclas de arcillas refractarias calcinadas y crudas, es de fragua t\u00e9rmica, por consiguiente su endurecimiento se realiza a temperatura de trabajo superior a 1000\u00baC.<\/p>\n\n\n\n<p class=\"has-black-color has-text-color has-link-color wp-elements-f123ae8e8ae224391e2211e105757529\"><strong>USOS Y APLICACI\u00d3N:<\/strong><\/p>\n\n\n\n<ul class=\"wp-block-list\">\n<li class=\"has-black-color has-text-color has-link-color wp-elements-fcc962c3b8e7d17312d00b11cc846888\">Se emplea para rellenos en lugares vac\u00edos, en donde se requiere productos de moderado rendimiento, o no existan trabajos muy severos.<\/li>\n\n\n\n<li class=\"has-black-color has-text-color has-link-color wp-elements-39334706d495d97813168ab50b5bae4e\">Se puede usar con un fraguador refractario schemin para una mejor plasticidad y manejabilidad.<\/li>\n<\/ul>\n","protected":false},"excerpt":{"rendered":"<p>PRODUCTOS MORTEROS SCHEMIN Material que se utiliza en la uni\u00f3n de ladrillos, para producir una estructura m\u00e1s estable y para sellar las juntas. Es una mezcla de materiales altamente refractarios, &#8230;<\/p>\n","protected":false},"author":1,"featured_media":0,"parent":0,"menu_order":0,"comment_status":"closed","ping_status":"closed","template":"","meta":{"_joinchat":[],"footnotes":""},"class_list":["post-267","page","type-page","status-publish","hentry"],"yoast_head":"<!-- This site is optimized with the Yoast SEO plugin v27.4 - https:\/\/yoast.com\/product\/yoast-seo-wordpress\/ -->\n<title>Morteros - Shalon Chemical Industries S.a.C<\/title>\n<meta name=\"robots\" content=\"index, follow, max-snippet:-1, max-image-preview:large, max-video-preview:-1\" \/>\n<link rel=\"canonical\" href=\"https:\/\/shalonchemicalindustries.com\/index.php\/productos-morteros\/\" \/>\n<meta property=\"og:locale\" content=\"es_ES\" \/>\n<meta property=\"og:type\" content=\"article\" \/>\n<meta property=\"og:title\" content=\"Morteros - Shalon Chemical Industries S.a.C\" \/>\n<meta property=\"og:description\" content=\"PRODUCTOS MORTEROS SCHEMIN Material que se utiliza en la uni\u00f3n de ladrillos, para producir una estructura m\u00e1s estable y para sellar las juntas. Es una mezcla de materiales altamente refractarios, ...\" \/>\n<meta property=\"og:url\" content=\"https:\/\/shalonchemicalindustries.com\/index.php\/productos-morteros\/\" \/>\n<meta property=\"og:site_name\" content=\"Shalon Chemical Industries S.a.C\" \/>\n<meta property=\"article:modified_time\" content=\"2026-04-09T20:25:45+00:00\" \/>\n<meta property=\"og:image\" content=\"https:\/\/shalonchemicalindustries.com\/wp-content\/uploads\/2026\/04\/2.1.Morteros-Web-P-rbg.png\" \/>\n\t<meta property=\"og:image:width\" content=\"506\" \/>\n\t<meta property=\"og:image:height\" content=\"433\" \/>\n\t<meta property=\"og:image:type\" content=\"image\/png\" \/>\n<meta name=\"twitter:card\" content=\"summary_large_image\" \/>\n<meta name=\"twitter:label1\" content=\"Tiempo de lectura\" \/>\n\t<meta name=\"twitter:data1\" content=\"3 minutos\" \/>\n<script type=\"application\/ld+json\" class=\"yoast-schema-graph\">{\"@context\":\"https:\\\/\\\/schema.org\",\"@graph\":[{\"@type\":\"WebPage\",\"@id\":\"https:\\\/\\\/shalonchemicalindustries.com\\\/index.php\\\/productos-morteros\\\/\",\"url\":\"https:\\\/\\\/shalonchemicalindustries.com\\\/index.php\\\/productos-morteros\\\/\",\"name\":\"Morteros - Shalon Chemical Industries S.a.C\",\"isPartOf\":{\"@id\":\"https:\\\/\\\/shalonchemicalindustries.com\\\/#website\"},\"primaryImageOfPage\":{\"@id\":\"https:\\\/\\\/shalonchemicalindustries.com\\\/index.php\\\/productos-morteros\\\/#primaryimage\"},\"image\":{\"@id\":\"https:\\\/\\\/shalonchemicalindustries.com\\\/index.php\\\/productos-morteros\\\/#primaryimage\"},\"thumbnailUrl\":\"https:\\\/\\\/shalonchemicalindustries.com\\\/wp-content\\\/uploads\\\/2026\\\/04\\\/2.1.Morteros-Web-P-rbg.png\",\"datePublished\":\"2026-04-08T01:32:21+00:00\",\"dateModified\":\"2026-04-09T20:25:45+00:00\",\"breadcrumb\":{\"@id\":\"https:\\\/\\\/shalonchemicalindustries.com\\\/index.php\\\/productos-morteros\\\/#breadcrumb\"},\"inLanguage\":\"es\",\"potentialAction\":[{\"@type\":\"ReadAction\",\"target\":[\"https:\\\/\\\/shalonchemicalindustries.com\\\/index.php\\\/productos-morteros\\\/\"]}]},{\"@type\":\"ImageObject\",\"inLanguage\":\"es\",\"@id\":\"https:\\\/\\\/shalonchemicalindustries.com\\\/index.php\\\/productos-morteros\\\/#primaryimage\",\"url\":\"https:\\\/\\\/shalonchemicalindustries.com\\\/wp-content\\\/uploads\\\/2026\\\/04\\\/2.1.Morteros-Web-P-rbg.png\",\"contentUrl\":\"https:\\\/\\\/shalonchemicalindustries.com\\\/wp-content\\\/uploads\\\/2026\\\/04\\\/2.1.Morteros-Web-P-rbg.png\",\"width\":506,\"height\":433},{\"@type\":\"BreadcrumbList\",\"@id\":\"https:\\\/\\\/shalonchemicalindustries.com\\\/index.php\\\/productos-morteros\\\/#breadcrumb\",\"itemListElement\":[{\"@type\":\"ListItem\",\"position\":1,\"name\":\"Portada\",\"item\":\"https:\\\/\\\/shalonchemicalindustries.com\\\/\"},{\"@type\":\"ListItem\",\"position\":2,\"name\":\"Morteros\"}]},{\"@type\":\"WebSite\",\"@id\":\"https:\\\/\\\/shalonchemicalindustries.com\\\/#website\",\"url\":\"https:\\\/\\\/shalonchemicalindustries.com\\\/\",\"name\":\"Shalon Chemical Industries S.a.C\",\"description\":\"\",\"publisher\":{\"@id\":\"https:\\\/\\\/shalonchemicalindustries.com\\\/#organization\"},\"potentialAction\":[{\"@type\":\"SearchAction\",\"target\":{\"@type\":\"EntryPoint\",\"urlTemplate\":\"https:\\\/\\\/shalonchemicalindustries.com\\\/?s={search_term_string}\"},\"query-input\":{\"@type\":\"PropertyValueSpecification\",\"valueRequired\":true,\"valueName\":\"search_term_string\"}}],\"inLanguage\":\"es\"},{\"@type\":\"Organization\",\"@id\":\"https:\\\/\\\/shalonchemicalindustries.com\\\/#organization\",\"name\":\"Shalon Chemical Industries S.a.C\",\"url\":\"https:\\\/\\\/shalonchemicalindustries.com\\\/\",\"logo\":{\"@type\":\"ImageObject\",\"inLanguage\":\"es\",\"@id\":\"https:\\\/\\\/shalonchemicalindustries.com\\\/#\\\/schema\\\/logo\\\/image\\\/\",\"url\":\"https:\\\/\\\/shalonchemicalindustries.com\\\/wp-content\\\/uploads\\\/2026\\\/04\\\/cropped-logo.png\",\"contentUrl\":\"https:\\\/\\\/shalonchemicalindustries.com\\\/wp-content\\\/uploads\\\/2026\\\/04\\\/cropped-logo.png\",\"width\":163,\"height\":89,\"caption\":\"Shalon Chemical Industries S.a.C\"},\"image\":{\"@id\":\"https:\\\/\\\/shalonchemicalindustries.com\\\/#\\\/schema\\\/logo\\\/image\\\/\"}}]}<\/script>\n<!-- \/ Yoast SEO plugin. -->","yoast_head_json":{"title":"Morteros - Shalon Chemical Industries S.a.C","robots":{"index":"index","follow":"follow","max-snippet":"max-snippet:-1","max-image-preview":"max-image-preview:large","max-video-preview":"max-video-preview:-1"},"canonical":"https:\/\/shalonchemicalindustries.com\/index.php\/productos-morteros\/","og_locale":"es_ES","og_type":"article","og_title":"Morteros - Shalon Chemical Industries S.a.C","og_description":"PRODUCTOS MORTEROS SCHEMIN Material que se utiliza en la uni\u00f3n de ladrillos, para producir una estructura m\u00e1s estable y para sellar las juntas. Es una mezcla de materiales altamente refractarios, ...","og_url":"https:\/\/shalonchemicalindustries.com\/index.php\/productos-morteros\/","og_site_name":"Shalon Chemical Industries S.a.C","article_modified_time":"2026-04-09T20:25:45+00:00","og_image":[{"width":506,"height":433,"url":"https:\/\/shalonchemicalindustries.com\/wp-content\/uploads\/2026\/04\/2.1.Morteros-Web-P-rbg.png","type":"image\/png"}],"twitter_card":"summary_large_image","twitter_misc":{"Tiempo de lectura":"3 minutos"},"schema":{"@context":"https:\/\/schema.org","@graph":[{"@type":"WebPage","@id":"https:\/\/shalonchemicalindustries.com\/index.php\/productos-morteros\/","url":"https:\/\/shalonchemicalindustries.com\/index.php\/productos-morteros\/","name":"Morteros - Shalon Chemical Industries S.a.C","isPartOf":{"@id":"https:\/\/shalonchemicalindustries.com\/#website"},"primaryImageOfPage":{"@id":"https:\/\/shalonchemicalindustries.com\/index.php\/productos-morteros\/#primaryimage"},"image":{"@id":"https:\/\/shalonchemicalindustries.com\/index.php\/productos-morteros\/#primaryimage"},"thumbnailUrl":"https:\/\/shalonchemicalindustries.com\/wp-content\/uploads\/2026\/04\/2.1.Morteros-Web-P-rbg.png","datePublished":"2026-04-08T01:32:21+00:00","dateModified":"2026-04-09T20:25:45+00:00","breadcrumb":{"@id":"https:\/\/shalonchemicalindustries.com\/index.php\/productos-morteros\/#breadcrumb"},"inLanguage":"es","potentialAction":[{"@type":"ReadAction","target":["https:\/\/shalonchemicalindustries.com\/index.php\/productos-morteros\/"]}]},{"@type":"ImageObject","inLanguage":"es","@id":"https:\/\/shalonchemicalindustries.com\/index.php\/productos-morteros\/#primaryimage","url":"https:\/\/shalonchemicalindustries.com\/wp-content\/uploads\/2026\/04\/2.1.Morteros-Web-P-rbg.png","contentUrl":"https:\/\/shalonchemicalindustries.com\/wp-content\/uploads\/2026\/04\/2.1.Morteros-Web-P-rbg.png","width":506,"height":433},{"@type":"BreadcrumbList","@id":"https:\/\/shalonchemicalindustries.com\/index.php\/productos-morteros\/#breadcrumb","itemListElement":[{"@type":"ListItem","position":1,"name":"Portada","item":"https:\/\/shalonchemicalindustries.com\/"},{"@type":"ListItem","position":2,"name":"Morteros"}]},{"@type":"WebSite","@id":"https:\/\/shalonchemicalindustries.com\/#website","url":"https:\/\/shalonchemicalindustries.com\/","name":"Shalon Chemical Industries S.a.C","description":"","publisher":{"@id":"https:\/\/shalonchemicalindustries.com\/#organization"},"potentialAction":[{"@type":"SearchAction","target":{"@type":"EntryPoint","urlTemplate":"https:\/\/shalonchemicalindustries.com\/?s={search_term_string}"},"query-input":{"@type":"PropertyValueSpecification","valueRequired":true,"valueName":"search_term_string"}}],"inLanguage":"es"},{"@type":"Organization","@id":"https:\/\/shalonchemicalindustries.com\/#organization","name":"Shalon Chemical Industries S.a.C","url":"https:\/\/shalonchemicalindustries.com\/","logo":{"@type":"ImageObject","inLanguage":"es","@id":"https:\/\/shalonchemicalindustries.com\/#\/schema\/logo\/image\/","url":"https:\/\/shalonchemicalindustries.com\/wp-content\/uploads\/2026\/04\/cropped-logo.png","contentUrl":"https:\/\/shalonchemicalindustries.com\/wp-content\/uploads\/2026\/04\/cropped-logo.png","width":163,"height":89,"caption":"Shalon Chemical Industries S.a.C"},"image":{"@id":"https:\/\/shalonchemicalindustries.com\/#\/schema\/logo\/image\/"}}]}},"_links":{"self":[{"href":"https:\/\/shalonchemicalindustries.com\/index.php\/wp-json\/wp\/v2\/pages\/267","targetHints":{"allow":["GET"]}}],"collection":[{"href":"https:\/\/shalonchemicalindustries.com\/index.php\/wp-json\/wp\/v2\/pages"}],"about":[{"href":"https:\/\/shalonchemicalindustries.com\/index.php\/wp-json\/wp\/v2\/types\/page"}],"author":[{"embeddable":true,"href":"https:\/\/shalonchemicalindustries.com\/index.php\/wp-json\/wp\/v2\/users\/1"}],"replies":[{"embeddable":true,"href":"https:\/\/shalonchemicalindustries.com\/index.php\/wp-json\/wp\/v2\/comments?post=267"}],"version-history":[{"count":20,"href":"https:\/\/shalonchemicalindustries.com\/index.php\/wp-json\/wp\/v2\/pages\/267\/revisions"}],"predecessor-version":[{"id":548,"href":"https:\/\/shalonchemicalindustries.com\/index.php\/wp-json\/wp\/v2\/pages\/267\/revisions\/548"}],"wp:attachment":[{"href":"https:\/\/shalonchemicalindustries.com\/index.php\/wp-json\/wp\/v2\/media?parent=267"}],"curies":[{"name":"wp","href":"https:\/\/api.w.org\/{rel}","templated":true}]}}