{"id":282,"date":"2026-04-08T01:49:14","date_gmt":"2026-04-08T01:49:14","guid":{"rendered":"https:\/\/shalonchemicalindustries.com\/?page_id=282"},"modified":"2026-04-09T20:15:58","modified_gmt":"2026-04-09T20:15:58","slug":"productos-castables","status":"publish","type":"page","link":"https:\/\/shalonchemicalindustries.com\/index.php\/productos-castables\/","title":{"rendered":"Castables"},"content":{"rendered":"\n<h2 class=\"wp-block-heading has-text-align-center has-vivid-red-color has-text-color has-link-color wp-elements-667a1291775cddbe973830b0ceb22ac2\" style=\"font-size:46px\"><strong>PRODUCTOS<\/strong><\/h2>\n\n\n\n<div class=\"wp-block-buttons is-content-justification-center is-layout-flex wp-container-core-buttons-is-layout-16018d1d wp-block-buttons-is-layout-flex\">\n<div class=\"wp-block-button\"><a class=\"wp-block-button__link has-white-color has-text-color has-link-color wp-element-button\" href=\"https:\/\/shalonchemicalindustries.com\/index.php\/productos-ladrillos\/\">LADRILLOS<\/a><\/div>\n\n\n\n<div class=\"wp-block-button\"><a class=\"wp-block-button__link has-white-color has-text-color has-link-color wp-element-button\" href=\"https:\/\/shalonchemicalindustries.com\/index.php\/productos-morteros\/\">MORTEROS<\/a><\/div>\n\n\n\n<div class=\"wp-block-button\"><a class=\"wp-block-button__link has-white-color has-text-color has-link-color wp-element-button\" href=\"https:\/\/shalonchemicalindustries.com\/index.php\/productos-castables\/\">CASTABLES<\/a><\/div>\n\n\n\n<div class=\"wp-block-button\"><a class=\"wp-block-button__link has-white-color has-text-color has-link-color wp-element-button\" href=\"https:\/\/shalonchemicalindustries.com\/index.php\/productos-plasticos\/\">PLASTICOS<\/a><\/div>\n\n\n\n<div class=\"wp-block-button\"><a class=\"wp-block-button__link has-white-color has-text-color has-link-color wp-element-button\" href=\"https:\/\/shalonchemicalindustries.com\/index.php\/productos-pinturas\/\">PINTURAS<\/a><\/div>\n\n\n\n<div class=\"wp-block-button\"><a class=\"wp-block-button__link has-white-color has-text-color has-link-color wp-element-button\" href=\"https:\/\/shalonchemicalindustries.com\/index.php\/productos-aislantes\/\">AISLANTES<\/a><\/div>\n\n\n\n<div class=\"wp-block-button\"><a class=\"wp-block-button__link has-white-color has-text-color has-link-color wp-element-button\" href=\"https:\/\/shalonchemicalindustries.com\/index.php\/productos-conos\/\">CONOS<\/a><\/div>\n<\/div>\n\n\n\n<p class=\"has-text-align-center\"><\/p>\n\n\n\n<p class=\"has-white-color has-text-color has-link-color wp-elements-7e4ac651328708ea719ac0894fa30934\">.<\/p>\n\n\n\n<h2 class=\"wp-block-heading has-text-align-center has-vivid-red-color has-text-color has-link-color wp-elements-ecbe986304aea581fc6c4feb21821255\" style=\"font-size:40px\"><strong>CASTABLES<\/strong> <strong>SCHEMIN<\/strong><\/h2>\n\n\n\n<div class=\"wp-block-columns is-not-stacked-on-mobile is-layout-flex wp-container-core-columns-is-layout-9d6595d7 wp-block-columns-is-layout-flex\">\n<div class=\"wp-block-column is-layout-flow wp-block-column-is-layout-flow\"><div class=\"wp-block-image\">\n<figure class=\"alignright size-full is-resized\"><img loading=\"lazy\" decoding=\"async\" width=\"986\" height=\"991\" src=\"https:\/\/shalonchemicalindustries.com\/wp-content\/uploads\/2026\/04\/CASTABLE-1.png\" alt=\"\" class=\"wp-image-524\" style=\"aspect-ratio:0.9949837258280682;width:159px;height:auto\" srcset=\"https:\/\/shalonchemicalindustries.com\/wp-content\/uploads\/2026\/04\/CASTABLE-1.png 986w, https:\/\/shalonchemicalindustries.com\/wp-content\/uploads\/2026\/04\/CASTABLE-1-298x300.png 298w, https:\/\/shalonchemicalindustries.com\/wp-content\/uploads\/2026\/04\/CASTABLE-1-150x150.png 150w, https:\/\/shalonchemicalindustries.com\/wp-content\/uploads\/2026\/04\/CASTABLE-1-768x772.png 768w, https:\/\/shalonchemicalindustries.com\/wp-content\/uploads\/2026\/04\/CASTABLE-1-600x603.png 600w, https:\/\/shalonchemicalindustries.com\/wp-content\/uploads\/2026\/04\/CASTABLE-1-100x100.png 100w\" sizes=\"auto, (max-width: 986px) 100vw, 986px\" \/><\/figure>\n<\/div><\/div>\n\n\n\n<div class=\"wp-block-column is-layout-flow wp-block-column-is-layout-flow\"><div class=\"wp-block-image\">\n<figure class=\"alignleft size-full is-resized\"><img loading=\"lazy\" decoding=\"async\" width=\"430\" height=\"410\" src=\"https:\/\/shalonchemicalindustries.com\/wp-content\/uploads\/2026\/04\/5.2.Cast_Cald-P.png\" alt=\"\" class=\"wp-image-526\" style=\"aspect-ratio:1.0487991927346114;width:154px;height:auto\" srcset=\"https:\/\/shalonchemicalindustries.com\/wp-content\/uploads\/2026\/04\/5.2.Cast_Cald-P.png 430w, https:\/\/shalonchemicalindustries.com\/wp-content\/uploads\/2026\/04\/5.2.Cast_Cald-P-300x286.png 300w\" sizes=\"auto, (max-width: 430px) 100vw, 430px\" \/><\/figure>\n<\/div><\/div>\n<\/div>\n\n\n\n<p class=\"has-black-color has-text-color has-link-color wp-elements-cf54e5cf8bd5d1b5a32b2803a71c4359\">Es un concreto refractario formulado con materiales altamente refractarios ricos en al\u00famina y aditivos de fragua hidr\u00e1ulica que con el agregado de una determinada cantidad de agua, se transforma en una mezcla muy trabajable que endurece r\u00e1pidamente. Su densidad esta en relaci\u00f3n inversa a la cantidad de agua usada.<\/p>\n\n\n\n<p class=\"has-black-color has-text-color has-link-color wp-elements-b077f2cdd3afced9171560ac621f273d\"><strong>TIPOS:<\/strong><\/p>\n\n\n\n<ol class=\"wp-block-list\">\n<li class=\"has-black-color has-text-color has-link-color wp-elements-e318c736aa2cebeeab5364962883fdbb\">Castable Schemin Extra Fuerte Alta Al\u00famina<\/li>\n\n\n\n<li class=\"has-black-color has-text-color has-link-color wp-elements-4224cc4ea6ffb864ee59b43bcf619d36\">Castable Schemin Superior Alta Al\u00famina<\/li>\n\n\n\n<li class=\"has-black-color has-text-color has-link-color wp-elements-cab16e8abb0c16f5923eb8f9358c064e\">Castable Schemin Aliot Alta Al\u00famina<\/li>\n<\/ol>\n\n\n\n<p class=\"has-black-color has-text-color has-link-color wp-elements-10adcc7839e82d0b84ad4dba0dffcf36\"><strong>USOS:<\/strong><\/p>\n\n\n\n<p class=\"has-black-color has-text-color has-link-color wp-elements-f0b65a4467aa1775bbf98df7fcb7841c\">Se puede instalar dependiendo de la necesidad de humedad, con el mezclado manual (badilejo, vaciado o encofrado), o mezclado mec\u00e1nico (mezcladora), despu\u00e9s aplicar vibrado manual (regla) o autom\u00e1tico (pistola neum\u00e1tica), hasta lograr el nivel adecuado.<\/p>\n\n\n\n<p class=\"has-black-color has-text-color has-link-color wp-elements-bb63bbdc67b1720cb22bf49755200379\">Los castables se utilizan para reemplazar los stock de piezas y formas especiales, permitiendo realizar reparaciones y construcciones r\u00e1pidas, seguras y eficaces en el horno, siendo estas fuertes e impermeables.<\/p>\n\n\n\n<p class=\"has-black-color has-text-color has-link-color wp-elements-6ab848fb6173efd1e8f5534e914535b6\"><strong>APLICACI\u00d3N:<\/strong><\/p>\n\n\n\n<ul class=\"wp-block-list has-black-color has-text-color has-link-color wp-elements-d32ea940390f84ed8794e5518611c378\">\n<li>A\u00f1ada agua al material y mezcle en forma manual (con badilejo) hasta lograr una masa homog\u00e9nea.<\/li>\n\n\n\n<li>Utilizar el % de agua en la mezcla, seg\u00fan el material, como se indica en los usos de cada producto.<\/li>\n\n\n\n<li>Verter la mezcla en el molde o encofrado y aplicar t\u00e9cnica de vibrado manual o autom\u00e1tico.<\/li>\n\n\n\n<li>En la t\u00e9cnica de Vibrado Manual, presionar con regla en forma uniforme, en posici\u00f3n horizontal y de ser necesario en forma vertical, introduciendo la regla varias veces hasta que no quede aire en el interior de la mezcla, posteriormente en posici\u00f3n horizontal, hasta lograr el nivel necesario.<\/li>\n<\/ul>\n\n\n\n<ul class=\"wp-block-list has-black-color has-text-color has-link-color wp-elements-86b1cccc9d8d9a0dc37785076ad72561\">\n<li>Para la t\u00e9cnica de Vibrado Automatico, se emplea una maquina (pistola neum\u00e1tica) la cual presiona la mezcla aplicada hasta quitar todo el aire del interior, cuidando que logre el nivel requerido.<\/li>\n<\/ul>\n\n\n\n<p class=\"has-black-color has-text-color has-link-color wp-elements-2d0f05fcc2f36703aeaaaaac34c50618\"><strong>RECOMENDACIONES:<\/strong><\/p>\n\n\n\n<p class=\"has-black-color has-text-color has-link-color wp-elements-96ea8bb5c4cb09d69b7ca40d5583c38c\">Almacenar sobre parihuelas en lugar seco y protegido de la humedad.<\/p>\n\n\n\n<p class=\"has-black-color has-text-color has-link-color wp-elements-36edae08ba96053543365831bf031a1a\">Usar anclajes met\u00e1licos para un mejor resultado.<\/p>\n\n\n\n<p class=\"has-black-color has-text-color has-link-color wp-elements-0a863425b54d5ffc429bb277c1fa2e50\">Despues de instalado emplear 12 horas de fraguado y 24 horas de secado, posteriormente someter a curva de quema para su sinterizado.<\/p>\n","protected":false},"excerpt":{"rendered":"<p>PRODUCTOS . CASTABLES SCHEMIN Es un concreto refractario formulado con materiales altamente refractarios ricos en al\u00famina y aditivos de fragua hidr\u00e1ulica que con el agregado de una determinada cantidad de &#8230;<\/p>\n","protected":false},"author":1,"featured_media":0,"parent":0,"menu_order":0,"comment_status":"closed","ping_status":"closed","template":"","meta":{"_joinchat":[],"footnotes":""},"class_list":["post-282","page","type-page","status-publish","hentry"],"yoast_head":"<!-- This site is optimized with the Yoast SEO plugin v27.4 - https:\/\/yoast.com\/product\/yoast-seo-wordpress\/ -->\n<title>Castables - Shalon Chemical Industries S.a.C<\/title>\n<meta name=\"robots\" content=\"index, follow, max-snippet:-1, max-image-preview:large, max-video-preview:-1\" \/>\n<link rel=\"canonical\" href=\"https:\/\/shalonchemicalindustries.com\/index.php\/productos-castables\/\" \/>\n<meta property=\"og:locale\" content=\"es_ES\" \/>\n<meta property=\"og:type\" content=\"article\" \/>\n<meta property=\"og:title\" content=\"Castables - Shalon Chemical Industries S.a.C\" \/>\n<meta property=\"og:description\" content=\"PRODUCTOS . CASTABLES SCHEMIN Es un concreto refractario formulado con materiales altamente refractarios ricos en al\u00famina y aditivos de fragua hidr\u00e1ulica que con el agregado de una determinada cantidad de ...\" \/>\n<meta property=\"og:url\" content=\"https:\/\/shalonchemicalindustries.com\/index.php\/productos-castables\/\" \/>\n<meta property=\"og:site_name\" content=\"Shalon Chemical Industries S.a.C\" \/>\n<meta property=\"article:modified_time\" content=\"2026-04-09T20:15:58+00:00\" \/>\n<meta property=\"og:image\" content=\"https:\/\/shalonchemicalindustries.com\/wp-content\/uploads\/2026\/04\/CASTABLE-1.png\" \/>\n\t<meta property=\"og:image:width\" content=\"986\" \/>\n\t<meta property=\"og:image:height\" content=\"991\" \/>\n\t<meta property=\"og:image:type\" content=\"image\/png\" \/>\n<meta name=\"twitter:card\" content=\"summary_large_image\" \/>\n<meta name=\"twitter:label1\" content=\"Tiempo de lectura\" \/>\n\t<meta name=\"twitter:data1\" content=\"2 minutos\" \/>\n<script type=\"application\/ld+json\" class=\"yoast-schema-graph\">{\"@context\":\"https:\\\/\\\/schema.org\",\"@graph\":[{\"@type\":\"WebPage\",\"@id\":\"https:\\\/\\\/shalonchemicalindustries.com\\\/index.php\\\/productos-castables\\\/\",\"url\":\"https:\\\/\\\/shalonchemicalindustries.com\\\/index.php\\\/productos-castables\\\/\",\"name\":\"Castables - Shalon Chemical Industries S.a.C\",\"isPartOf\":{\"@id\":\"https:\\\/\\\/shalonchemicalindustries.com\\\/#website\"},\"primaryImageOfPage\":{\"@id\":\"https:\\\/\\\/shalonchemicalindustries.com\\\/index.php\\\/productos-castables\\\/#primaryimage\"},\"image\":{\"@id\":\"https:\\\/\\\/shalonchemicalindustries.com\\\/index.php\\\/productos-castables\\\/#primaryimage\"},\"thumbnailUrl\":\"https:\\\/\\\/shalonchemicalindustries.com\\\/wp-content\\\/uploads\\\/2026\\\/04\\\/CASTABLE-1.png\",\"datePublished\":\"2026-04-08T01:49:14+00:00\",\"dateModified\":\"2026-04-09T20:15:58+00:00\",\"breadcrumb\":{\"@id\":\"https:\\\/\\\/shalonchemicalindustries.com\\\/index.php\\\/productos-castables\\\/#breadcrumb\"},\"inLanguage\":\"es\",\"potentialAction\":[{\"@type\":\"ReadAction\",\"target\":[\"https:\\\/\\\/shalonchemicalindustries.com\\\/index.php\\\/productos-castables\\\/\"]}]},{\"@type\":\"ImageObject\",\"inLanguage\":\"es\",\"@id\":\"https:\\\/\\\/shalonchemicalindustries.com\\\/index.php\\\/productos-castables\\\/#primaryimage\",\"url\":\"https:\\\/\\\/shalonchemicalindustries.com\\\/wp-content\\\/uploads\\\/2026\\\/04\\\/CASTABLE-1.png\",\"contentUrl\":\"https:\\\/\\\/shalonchemicalindustries.com\\\/wp-content\\\/uploads\\\/2026\\\/04\\\/CASTABLE-1.png\",\"width\":986,\"height\":991},{\"@type\":\"BreadcrumbList\",\"@id\":\"https:\\\/\\\/shalonchemicalindustries.com\\\/index.php\\\/productos-castables\\\/#breadcrumb\",\"itemListElement\":[{\"@type\":\"ListItem\",\"position\":1,\"name\":\"Portada\",\"item\":\"https:\\\/\\\/shalonchemicalindustries.com\\\/\"},{\"@type\":\"ListItem\",\"position\":2,\"name\":\"Castables\"}]},{\"@type\":\"WebSite\",\"@id\":\"https:\\\/\\\/shalonchemicalindustries.com\\\/#website\",\"url\":\"https:\\\/\\\/shalonchemicalindustries.com\\\/\",\"name\":\"Shalon Chemical Industries S.a.C\",\"description\":\"\",\"publisher\":{\"@id\":\"https:\\\/\\\/shalonchemicalindustries.com\\\/#organization\"},\"potentialAction\":[{\"@type\":\"SearchAction\",\"target\":{\"@type\":\"EntryPoint\",\"urlTemplate\":\"https:\\\/\\\/shalonchemicalindustries.com\\\/?s={search_term_string}\"},\"query-input\":{\"@type\":\"PropertyValueSpecification\",\"valueRequired\":true,\"valueName\":\"search_term_string\"}}],\"inLanguage\":\"es\"},{\"@type\":\"Organization\",\"@id\":\"https:\\\/\\\/shalonchemicalindustries.com\\\/#organization\",\"name\":\"Shalon Chemical Industries S.a.C\",\"url\":\"https:\\\/\\\/shalonchemicalindustries.com\\\/\",\"logo\":{\"@type\":\"ImageObject\",\"inLanguage\":\"es\",\"@id\":\"https:\\\/\\\/shalonchemicalindustries.com\\\/#\\\/schema\\\/logo\\\/image\\\/\",\"url\":\"https:\\\/\\\/shalonchemicalindustries.com\\\/wp-content\\\/uploads\\\/2026\\\/04\\\/cropped-logo.png\",\"contentUrl\":\"https:\\\/\\\/shalonchemicalindustries.com\\\/wp-content\\\/uploads\\\/2026\\\/04\\\/cropped-logo.png\",\"width\":163,\"height\":89,\"caption\":\"Shalon Chemical Industries S.a.C\"},\"image\":{\"@id\":\"https:\\\/\\\/shalonchemicalindustries.com\\\/#\\\/schema\\\/logo\\\/image\\\/\"}}]}<\/script>\n<!-- \/ Yoast SEO plugin. -->","yoast_head_json":{"title":"Castables - Shalon Chemical Industries S.a.C","robots":{"index":"index","follow":"follow","max-snippet":"max-snippet:-1","max-image-preview":"max-image-preview:large","max-video-preview":"max-video-preview:-1"},"canonical":"https:\/\/shalonchemicalindustries.com\/index.php\/productos-castables\/","og_locale":"es_ES","og_type":"article","og_title":"Castables - Shalon Chemical Industries S.a.C","og_description":"PRODUCTOS . CASTABLES SCHEMIN Es un concreto refractario formulado con materiales altamente refractarios ricos en al\u00famina y aditivos de fragua hidr\u00e1ulica que con el agregado de una determinada cantidad de ...","og_url":"https:\/\/shalonchemicalindustries.com\/index.php\/productos-castables\/","og_site_name":"Shalon Chemical Industries S.a.C","article_modified_time":"2026-04-09T20:15:58+00:00","og_image":[{"width":986,"height":991,"url":"https:\/\/shalonchemicalindustries.com\/wp-content\/uploads\/2026\/04\/CASTABLE-1.png","type":"image\/png"}],"twitter_card":"summary_large_image","twitter_misc":{"Tiempo de lectura":"2 minutos"},"schema":{"@context":"https:\/\/schema.org","@graph":[{"@type":"WebPage","@id":"https:\/\/shalonchemicalindustries.com\/index.php\/productos-castables\/","url":"https:\/\/shalonchemicalindustries.com\/index.php\/productos-castables\/","name":"Castables - Shalon Chemical Industries S.a.C","isPartOf":{"@id":"https:\/\/shalonchemicalindustries.com\/#website"},"primaryImageOfPage":{"@id":"https:\/\/shalonchemicalindustries.com\/index.php\/productos-castables\/#primaryimage"},"image":{"@id":"https:\/\/shalonchemicalindustries.com\/index.php\/productos-castables\/#primaryimage"},"thumbnailUrl":"https:\/\/shalonchemicalindustries.com\/wp-content\/uploads\/2026\/04\/CASTABLE-1.png","datePublished":"2026-04-08T01:49:14+00:00","dateModified":"2026-04-09T20:15:58+00:00","breadcrumb":{"@id":"https:\/\/shalonchemicalindustries.com\/index.php\/productos-castables\/#breadcrumb"},"inLanguage":"es","potentialAction":[{"@type":"ReadAction","target":["https:\/\/shalonchemicalindustries.com\/index.php\/productos-castables\/"]}]},{"@type":"ImageObject","inLanguage":"es","@id":"https:\/\/shalonchemicalindustries.com\/index.php\/productos-castables\/#primaryimage","url":"https:\/\/shalonchemicalindustries.com\/wp-content\/uploads\/2026\/04\/CASTABLE-1.png","contentUrl":"https:\/\/shalonchemicalindustries.com\/wp-content\/uploads\/2026\/04\/CASTABLE-1.png","width":986,"height":991},{"@type":"BreadcrumbList","@id":"https:\/\/shalonchemicalindustries.com\/index.php\/productos-castables\/#breadcrumb","itemListElement":[{"@type":"ListItem","position":1,"name":"Portada","item":"https:\/\/shalonchemicalindustries.com\/"},{"@type":"ListItem","position":2,"name":"Castables"}]},{"@type":"WebSite","@id":"https:\/\/shalonchemicalindustries.com\/#website","url":"https:\/\/shalonchemicalindustries.com\/","name":"Shalon Chemical Industries S.a.C","description":"","publisher":{"@id":"https:\/\/shalonchemicalindustries.com\/#organization"},"potentialAction":[{"@type":"SearchAction","target":{"@type":"EntryPoint","urlTemplate":"https:\/\/shalonchemicalindustries.com\/?s={search_term_string}"},"query-input":{"@type":"PropertyValueSpecification","valueRequired":true,"valueName":"search_term_string"}}],"inLanguage":"es"},{"@type":"Organization","@id":"https:\/\/shalonchemicalindustries.com\/#organization","name":"Shalon Chemical Industries S.a.C","url":"https:\/\/shalonchemicalindustries.com\/","logo":{"@type":"ImageObject","inLanguage":"es","@id":"https:\/\/shalonchemicalindustries.com\/#\/schema\/logo\/image\/","url":"https:\/\/shalonchemicalindustries.com\/wp-content\/uploads\/2026\/04\/cropped-logo.png","contentUrl":"https:\/\/shalonchemicalindustries.com\/wp-content\/uploads\/2026\/04\/cropped-logo.png","width":163,"height":89,"caption":"Shalon Chemical Industries S.a.C"},"image":{"@id":"https:\/\/shalonchemicalindustries.com\/#\/schema\/logo\/image\/"}}]}},"_links":{"self":[{"href":"https:\/\/shalonchemicalindustries.com\/index.php\/wp-json\/wp\/v2\/pages\/282","targetHints":{"allow":["GET"]}}],"collection":[{"href":"https:\/\/shalonchemicalindustries.com\/index.php\/wp-json\/wp\/v2\/pages"}],"about":[{"href":"https:\/\/shalonchemicalindustries.com\/index.php\/wp-json\/wp\/v2\/types\/page"}],"author":[{"embeddable":true,"href":"https:\/\/shalonchemicalindustries.com\/index.php\/wp-json\/wp\/v2\/users\/1"}],"replies":[{"embeddable":true,"href":"https:\/\/shalonchemicalindustries.com\/index.php\/wp-json\/wp\/v2\/comments?post=282"}],"version-history":[{"count":11,"href":"https:\/\/shalonchemicalindustries.com\/index.php\/wp-json\/wp\/v2\/pages\/282\/revisions"}],"predecessor-version":[{"id":543,"href":"https:\/\/shalonchemicalindustries.com\/index.php\/wp-json\/wp\/v2\/pages\/282\/revisions\/543"}],"wp:attachment":[{"href":"https:\/\/shalonchemicalindustries.com\/index.php\/wp-json\/wp\/v2\/media?parent=282"}],"curies":[{"name":"wp","href":"https:\/\/api.w.org\/{rel}","templated":true}]}}