{"id":292,"date":"2026-04-08T01:57:01","date_gmt":"2026-04-08T01:57:01","guid":{"rendered":"https:\/\/shalonchemicalindustries.com\/?page_id=292"},"modified":"2026-04-09T20:16:47","modified_gmt":"2026-04-09T20:16:47","slug":"productos-plasticos","status":"publish","type":"page","link":"https:\/\/shalonchemicalindustries.com\/index.php\/productos-plasticos\/","title":{"rendered":"Plasticos"},"content":{"rendered":"\n<h2 class=\"wp-block-heading has-text-align-center has-vivid-red-color has-text-color has-link-color wp-elements-667a1291775cddbe973830b0ceb22ac2\" style=\"font-size:46px\"><strong>PRODUCTOS<\/strong><\/h2>\n\n\n\n<div class=\"wp-block-buttons is-content-justification-center is-layout-flex wp-container-core-buttons-is-layout-16018d1d wp-block-buttons-is-layout-flex\">\n<div class=\"wp-block-button\"><a class=\"wp-block-button__link has-white-color has-text-color has-link-color wp-element-button\" href=\"https:\/\/shalonchemicalindustries.com\/index.php\/productos-ladrillos\/\">LADRILLOS<\/a><\/div>\n\n\n\n<div class=\"wp-block-button\"><a class=\"wp-block-button__link has-white-color has-text-color has-link-color wp-element-button\" href=\"https:\/\/shalonchemicalindustries.com\/index.php\/productos-morteros\/\">MORTEROS<\/a><\/div>\n\n\n\n<div class=\"wp-block-button\"><a class=\"wp-block-button__link has-white-color has-text-color has-link-color wp-element-button\" href=\"https:\/\/shalonchemicalindustries.com\/index.php\/productos-castables\/\">CASTABLES<\/a><\/div>\n\n\n\n<div class=\"wp-block-button\"><a class=\"wp-block-button__link has-white-color has-text-color has-link-color wp-element-button\" href=\"https:\/\/shalonchemicalindustries.com\/index.php\/productos-plasticos\/\">PLASTICOS<\/a><\/div>\n\n\n\n<div class=\"wp-block-button\"><a class=\"wp-block-button__link has-white-color has-text-color has-link-color wp-element-button\" href=\"https:\/\/shalonchemicalindustries.com\/index.php\/productos-pinturas\/\">PINTURAS<\/a><\/div>\n\n\n\n<div class=\"wp-block-button\"><a class=\"wp-block-button__link has-white-color has-text-color has-link-color wp-element-button\" href=\"https:\/\/shalonchemicalindustries.com\/index.php\/productos-aislantes\/\">AISLANTES<\/a><\/div>\n\n\n\n<div class=\"wp-block-button\"><a class=\"wp-block-button__link has-white-color has-text-color has-link-color wp-element-button\" href=\"https:\/\/shalonchemicalindustries.com\/index.php\/productos-conos\/\">CONOS<\/a><\/div>\n<\/div>\n\n\n\n<p class=\"has-white-color has-text-color has-link-color wp-elements-7e4ac651328708ea719ac0894fa30934\">.<\/p>\n\n\n\n<h2 class=\"wp-block-heading has-text-align-center has-vivid-red-color has-text-color has-link-color wp-elements-56facc94191c9bcdb5c635759ca6475c\" style=\"font-size:40px\"><strong>PLASTICOS SCHEMIN<\/strong><\/h2>\n\n\n\n<div class=\"wp-block-columns is-not-stacked-on-mobile is-layout-flex wp-container-core-columns-is-layout-9d6595d7 wp-block-columns-is-layout-flex\">\n<div class=\"wp-block-column is-layout-flow wp-block-column-is-layout-flow\"><div class=\"wp-block-image\">\n<figure class=\"alignright size-full is-resized\"><img loading=\"lazy\" decoding=\"async\" width=\"988\" height=\"519\" src=\"https:\/\/shalonchemicalindustries.com\/wp-content\/uploads\/2026\/04\/Plasticos_002.png\" alt=\"\" class=\"wp-image-528\" style=\"aspect-ratio:1.9037790256488085;width:227px;height:auto\" srcset=\"https:\/\/shalonchemicalindustries.com\/wp-content\/uploads\/2026\/04\/Plasticos_002.png 988w, https:\/\/shalonchemicalindustries.com\/wp-content\/uploads\/2026\/04\/Plasticos_002-300x158.png 300w, https:\/\/shalonchemicalindustries.com\/wp-content\/uploads\/2026\/04\/Plasticos_002-768x403.png 768w, https:\/\/shalonchemicalindustries.com\/wp-content\/uploads\/2026\/04\/Plasticos_002-600x315.png 600w\" sizes=\"auto, (max-width: 988px) 100vw, 988px\" \/><\/figure>\n<\/div><\/div>\n\n\n\n<div class=\"wp-block-column is-layout-flow wp-block-column-is-layout-flow\"><div class=\"wp-block-image\">\n<figure class=\"alignleft size-full is-resized\"><img loading=\"lazy\" decoding=\"async\" width=\"618\" height=\"540\" src=\"https:\/\/shalonchemicalindustries.com\/wp-content\/uploads\/2026\/04\/6.2.Plastico-Past.png\" alt=\"\" class=\"wp-image-529\" style=\"aspect-ratio:1.1444733360704347;width:174px;height:auto\" srcset=\"https:\/\/shalonchemicalindustries.com\/wp-content\/uploads\/2026\/04\/6.2.Plastico-Past.png 618w, https:\/\/shalonchemicalindustries.com\/wp-content\/uploads\/2026\/04\/6.2.Plastico-Past-300x262.png 300w, https:\/\/shalonchemicalindustries.com\/wp-content\/uploads\/2026\/04\/6.2.Plastico-Past-600x524.png 600w\" sizes=\"auto, (max-width: 618px) 100vw, 618px\" \/><\/figure>\n<\/div><\/div>\n<\/div>\n\n\n\n<p class=\"has-black-color has-text-color has-link-color wp-elements-ab81c1cad2828fac4090e42e590e0e8f\">Son masas pl\u00e1sticas moldeables para apisonar, que forman estructuras monol\u00edticas de una pieza, se comportan como un ladrillo refractario de alta al\u00famina, resultando un revestimiento refractario altamente impermeable a los gases y fluidos de actividad compatible. Soportan cambios bruscos de temperatura y la acci\u00f3n de escorias, son de f\u00e1cil aplicaci\u00f3n, de excelente trabajabilidad y manipuleo, lo cual permite una instalaci\u00f3n r\u00e1pida, ahorrando tiempo y mano de obra.<\/p>\n\n\n\n<p class=\"has-black-color has-text-color has-link-color wp-elements-b077f2cdd3afced9171560ac621f273d\"><strong>TIPOS:<\/strong><\/p>\n\n\n\n<ol class=\"wp-block-list\">\n<li class=\"has-black-color has-text-color has-link-color wp-elements-70b8221aac671f842f186a143851027e\">Pl\u00e1stico Schemin Superior Alta Al\u00famina<\/li>\n\n\n\n<li class=\"has-black-color has-text-color has-link-color wp-elements-2a961b7d69fc2dfcecb75172818a6766\">Pl\u00e1stico Schemin Upachem Alta Al\u00famina<\/li>\n\n\n\n<li class=\"has-black-color has-text-color has-link-color wp-elements-7b64064f20df59f78146c40d97e6cad0\">Pl\u00e1stico Schemin Chivite &#8211; N Alta Al\u00famina<\/li>\n\n\n\n<li class=\"has-black-color has-text-color has-link-color wp-elements-6c472e91b02c351b4a7d4d5b84799fbf\">Pl\u00e1stico Schemin Chivite &#8211; AR Alta Al\u00famina<\/li>\n<\/ol>\n\n\n\n<p class=\"has-black-color has-text-color has-link-color wp-elements-10adcc7839e82d0b84ad4dba0dffcf36\"><strong>USOS:<\/strong><\/p>\n\n\n\n<p class=\"has-black-color has-text-color has-link-color wp-elements-38fc3fe8f55dd6384bc2f0e6da4684f7\">Se emplea en la reparaci\u00f3n de muros de los hornos que han sido da\u00f1ados por desintegraci\u00f3n y ataque de escorias. Requiri\u00e9ndose para el revestimiento de calderas autom\u00e1ticas y estacionarias, cucharas de fundici\u00f3n, hornos de forja, c\u00e1maras de combusti\u00f3n, hornos de temple, incineradores, hornos de foso para recalentamiento, hornos de cemento, entre otros etc.<\/p>\n\n\n\n<p class=\"has-black-color has-text-color has-link-color wp-elements-6ab848fb6173efd1e8f5534e914535b6\"><strong>APLICACI\u00d3N:<\/strong><\/p>\n\n\n\n<ul class=\"wp-block-list\">\n<li class=\"has-black-color has-text-color has-link-color wp-elements-1268e5091cf1821423a6daf89f43ca76\">Limpiar la zona de trabajo o instalaci\u00f3n.<\/li>\n\n\n\n<li class=\"has-black-color has-text-color has-link-color wp-elements-8eae2b419015ac8af0a097fb6f072e11\">Desmenuzar el pl\u00e1stico, moldear manualmente y colocar en la zona a reparar.<\/li>\n\n\n\n<li class=\"has-black-color has-text-color has-link-color wp-elements-c0c8bf35714b67fc8ae5a8e9b62aa839\">Apisonar el pl\u00e1stico en forma mec\u00e1nica o manual.<\/li>\n\n\n\n<li class=\"has-black-color has-text-color has-link-color wp-elements-074c146477db63f1e243857fab38fbfe\">En la Instalaci\u00f3n Mec\u00e1nica, apisonar con m\u00e1quina (martillo neum\u00e1tico) el material, dando golpes uniformes hasta que quede completamente sellada, logrando la densidad requerida.<\/li>\n\n\n\n<li class=\"has-black-color has-text-color has-link-color wp-elements-6f1d9e77232a99baa1abfa55ce273b84\">Para la Instalaci\u00f3n Manual, apisonar con un martillo especial de mano, dando golpes uniformes en toda la zona a cubrir, hasta que quede completamente sellada, alcanzando la densidad necesaria.<\/li>\n<\/ul>\n\n\n\n<p class=\"has-black-color has-text-color has-link-color wp-elements-2d0f05fcc2f36703aeaaaaac34c50618\"><strong>RECOMENDACIONES:<\/strong><\/p>\n\n\n\n<ul class=\"wp-block-list\">\n<li class=\"has-black-color has-text-color has-link-color wp-elements-e2ed7ed6f3b14c9e2e4383657847ef29\">Desmenuzar el producto conforme se va aplicando.<\/li>\n\n\n\n<li class=\"has-black-color has-text-color has-link-color wp-elements-ac73750a2df8e4ebd29fc26185da7dd3\">Realizar el apisonado neum\u00e1tico o manualmente, en forma uniforme hasta que quede totalmente sellado.<\/li>\n\n\n\n<li class=\"has-black-color has-text-color has-link-color wp-elements-bb30ef60307af82f39fc4183242262f1\">Usar anclajes met\u00e1licos especiales para obtener mejor resistencia mec\u00e1nica.<\/li>\n\n\n\n<li class=\"has-black-color has-text-color has-link-color wp-elements-e437299d264360b71f484f42184bf199\">El producto debe almacenarse en lugar seco y protegido de humedad.<\/li>\n\n\n\n<li class=\"has-black-color has-text-color has-link-color wp-elements-8088ecededbc7a22a16fff41bad2ab2a\">Dejar secar y para el sinterizado, someter a curva de quema recomendada por SCHEMIN.<\/li>\n<\/ul>\n\n\n\n<p class=\"has-white-color has-text-color has-link-color wp-elements-c645e628e62f8fbab9d9726851472d16\"><\/p>\n","protected":false},"excerpt":{"rendered":"<p>PRODUCTOS . PLASTICOS SCHEMIN Son masas pl\u00e1sticas moldeables para apisonar, que forman estructuras monol\u00edticas de una pieza, se comportan como un ladrillo refractario de alta al\u00famina, resultando un revestimiento refractario &#8230;<\/p>\n","protected":false},"author":1,"featured_media":0,"parent":0,"menu_order":0,"comment_status":"closed","ping_status":"closed","template":"","meta":{"_joinchat":[],"footnotes":""},"class_list":["post-292","page","type-page","status-publish","hentry"],"yoast_head":"<!-- This site is optimized with the Yoast SEO plugin v27.4 - https:\/\/yoast.com\/product\/yoast-seo-wordpress\/ -->\n<title>Plasticos - Shalon Chemical Industries S.a.C<\/title>\n<meta name=\"robots\" content=\"index, follow, max-snippet:-1, max-image-preview:large, max-video-preview:-1\" \/>\n<link rel=\"canonical\" href=\"https:\/\/shalonchemicalindustries.com\/index.php\/productos-plasticos\/\" \/>\n<meta property=\"og:locale\" content=\"es_ES\" \/>\n<meta property=\"og:type\" content=\"article\" \/>\n<meta property=\"og:title\" content=\"Plasticos - Shalon Chemical Industries S.a.C\" \/>\n<meta property=\"og:description\" content=\"PRODUCTOS . PLASTICOS SCHEMIN Son masas pl\u00e1sticas moldeables para apisonar, que forman estructuras monol\u00edticas de una pieza, se comportan como un ladrillo refractario de alta al\u00famina, resultando un revestimiento refractario ...\" \/>\n<meta property=\"og:url\" content=\"https:\/\/shalonchemicalindustries.com\/index.php\/productos-plasticos\/\" \/>\n<meta property=\"og:site_name\" content=\"Shalon Chemical Industries S.a.C\" \/>\n<meta property=\"article:modified_time\" content=\"2026-04-09T20:16:47+00:00\" \/>\n<meta property=\"og:image\" content=\"https:\/\/shalonchemicalindustries.com\/wp-content\/uploads\/2026\/04\/Plasticos_002.png\" \/>\n\t<meta property=\"og:image:width\" content=\"988\" \/>\n\t<meta property=\"og:image:height\" content=\"519\" \/>\n\t<meta property=\"og:image:type\" content=\"image\/png\" \/>\n<meta name=\"twitter:card\" content=\"summary_large_image\" \/>\n<meta name=\"twitter:label1\" content=\"Tiempo de lectura\" \/>\n\t<meta name=\"twitter:data1\" content=\"2 minutos\" \/>\n<script type=\"application\/ld+json\" class=\"yoast-schema-graph\">{\"@context\":\"https:\\\/\\\/schema.org\",\"@graph\":[{\"@type\":\"WebPage\",\"@id\":\"https:\\\/\\\/shalonchemicalindustries.com\\\/index.php\\\/productos-plasticos\\\/\",\"url\":\"https:\\\/\\\/shalonchemicalindustries.com\\\/index.php\\\/productos-plasticos\\\/\",\"name\":\"Plasticos - Shalon Chemical Industries S.a.C\",\"isPartOf\":{\"@id\":\"https:\\\/\\\/shalonchemicalindustries.com\\\/#website\"},\"primaryImageOfPage\":{\"@id\":\"https:\\\/\\\/shalonchemicalindustries.com\\\/index.php\\\/productos-plasticos\\\/#primaryimage\"},\"image\":{\"@id\":\"https:\\\/\\\/shalonchemicalindustries.com\\\/index.php\\\/productos-plasticos\\\/#primaryimage\"},\"thumbnailUrl\":\"https:\\\/\\\/shalonchemicalindustries.com\\\/wp-content\\\/uploads\\\/2026\\\/04\\\/Plasticos_002.png\",\"datePublished\":\"2026-04-08T01:57:01+00:00\",\"dateModified\":\"2026-04-09T20:16:47+00:00\",\"breadcrumb\":{\"@id\":\"https:\\\/\\\/shalonchemicalindustries.com\\\/index.php\\\/productos-plasticos\\\/#breadcrumb\"},\"inLanguage\":\"es\",\"potentialAction\":[{\"@type\":\"ReadAction\",\"target\":[\"https:\\\/\\\/shalonchemicalindustries.com\\\/index.php\\\/productos-plasticos\\\/\"]}]},{\"@type\":\"ImageObject\",\"inLanguage\":\"es\",\"@id\":\"https:\\\/\\\/shalonchemicalindustries.com\\\/index.php\\\/productos-plasticos\\\/#primaryimage\",\"url\":\"https:\\\/\\\/shalonchemicalindustries.com\\\/wp-content\\\/uploads\\\/2026\\\/04\\\/Plasticos_002.png\",\"contentUrl\":\"https:\\\/\\\/shalonchemicalindustries.com\\\/wp-content\\\/uploads\\\/2026\\\/04\\\/Plasticos_002.png\",\"width\":988,\"height\":519},{\"@type\":\"BreadcrumbList\",\"@id\":\"https:\\\/\\\/shalonchemicalindustries.com\\\/index.php\\\/productos-plasticos\\\/#breadcrumb\",\"itemListElement\":[{\"@type\":\"ListItem\",\"position\":1,\"name\":\"Portada\",\"item\":\"https:\\\/\\\/shalonchemicalindustries.com\\\/\"},{\"@type\":\"ListItem\",\"position\":2,\"name\":\"Plasticos\"}]},{\"@type\":\"WebSite\",\"@id\":\"https:\\\/\\\/shalonchemicalindustries.com\\\/#website\",\"url\":\"https:\\\/\\\/shalonchemicalindustries.com\\\/\",\"name\":\"Shalon Chemical Industries S.a.C\",\"description\":\"\",\"publisher\":{\"@id\":\"https:\\\/\\\/shalonchemicalindustries.com\\\/#organization\"},\"potentialAction\":[{\"@type\":\"SearchAction\",\"target\":{\"@type\":\"EntryPoint\",\"urlTemplate\":\"https:\\\/\\\/shalonchemicalindustries.com\\\/?s={search_term_string}\"},\"query-input\":{\"@type\":\"PropertyValueSpecification\",\"valueRequired\":true,\"valueName\":\"search_term_string\"}}],\"inLanguage\":\"es\"},{\"@type\":\"Organization\",\"@id\":\"https:\\\/\\\/shalonchemicalindustries.com\\\/#organization\",\"name\":\"Shalon Chemical Industries S.a.C\",\"url\":\"https:\\\/\\\/shalonchemicalindustries.com\\\/\",\"logo\":{\"@type\":\"ImageObject\",\"inLanguage\":\"es\",\"@id\":\"https:\\\/\\\/shalonchemicalindustries.com\\\/#\\\/schema\\\/logo\\\/image\\\/\",\"url\":\"https:\\\/\\\/shalonchemicalindustries.com\\\/wp-content\\\/uploads\\\/2026\\\/04\\\/cropped-logo.png\",\"contentUrl\":\"https:\\\/\\\/shalonchemicalindustries.com\\\/wp-content\\\/uploads\\\/2026\\\/04\\\/cropped-logo.png\",\"width\":163,\"height\":89,\"caption\":\"Shalon Chemical Industries S.a.C\"},\"image\":{\"@id\":\"https:\\\/\\\/shalonchemicalindustries.com\\\/#\\\/schema\\\/logo\\\/image\\\/\"}}]}<\/script>\n<!-- \/ Yoast SEO plugin. -->","yoast_head_json":{"title":"Plasticos - Shalon Chemical Industries S.a.C","robots":{"index":"index","follow":"follow","max-snippet":"max-snippet:-1","max-image-preview":"max-image-preview:large","max-video-preview":"max-video-preview:-1"},"canonical":"https:\/\/shalonchemicalindustries.com\/index.php\/productos-plasticos\/","og_locale":"es_ES","og_type":"article","og_title":"Plasticos - Shalon Chemical Industries S.a.C","og_description":"PRODUCTOS . PLASTICOS SCHEMIN Son masas pl\u00e1sticas moldeables para apisonar, que forman estructuras monol\u00edticas de una pieza, se comportan como un ladrillo refractario de alta al\u00famina, resultando un revestimiento refractario ...","og_url":"https:\/\/shalonchemicalindustries.com\/index.php\/productos-plasticos\/","og_site_name":"Shalon Chemical Industries S.a.C","article_modified_time":"2026-04-09T20:16:47+00:00","og_image":[{"width":988,"height":519,"url":"https:\/\/shalonchemicalindustries.com\/wp-content\/uploads\/2026\/04\/Plasticos_002.png","type":"image\/png"}],"twitter_card":"summary_large_image","twitter_misc":{"Tiempo de lectura":"2 minutos"},"schema":{"@context":"https:\/\/schema.org","@graph":[{"@type":"WebPage","@id":"https:\/\/shalonchemicalindustries.com\/index.php\/productos-plasticos\/","url":"https:\/\/shalonchemicalindustries.com\/index.php\/productos-plasticos\/","name":"Plasticos - Shalon Chemical Industries S.a.C","isPartOf":{"@id":"https:\/\/shalonchemicalindustries.com\/#website"},"primaryImageOfPage":{"@id":"https:\/\/shalonchemicalindustries.com\/index.php\/productos-plasticos\/#primaryimage"},"image":{"@id":"https:\/\/shalonchemicalindustries.com\/index.php\/productos-plasticos\/#primaryimage"},"thumbnailUrl":"https:\/\/shalonchemicalindustries.com\/wp-content\/uploads\/2026\/04\/Plasticos_002.png","datePublished":"2026-04-08T01:57:01+00:00","dateModified":"2026-04-09T20:16:47+00:00","breadcrumb":{"@id":"https:\/\/shalonchemicalindustries.com\/index.php\/productos-plasticos\/#breadcrumb"},"inLanguage":"es","potentialAction":[{"@type":"ReadAction","target":["https:\/\/shalonchemicalindustries.com\/index.php\/productos-plasticos\/"]}]},{"@type":"ImageObject","inLanguage":"es","@id":"https:\/\/shalonchemicalindustries.com\/index.php\/productos-plasticos\/#primaryimage","url":"https:\/\/shalonchemicalindustries.com\/wp-content\/uploads\/2026\/04\/Plasticos_002.png","contentUrl":"https:\/\/shalonchemicalindustries.com\/wp-content\/uploads\/2026\/04\/Plasticos_002.png","width":988,"height":519},{"@type":"BreadcrumbList","@id":"https:\/\/shalonchemicalindustries.com\/index.php\/productos-plasticos\/#breadcrumb","itemListElement":[{"@type":"ListItem","position":1,"name":"Portada","item":"https:\/\/shalonchemicalindustries.com\/"},{"@type":"ListItem","position":2,"name":"Plasticos"}]},{"@type":"WebSite","@id":"https:\/\/shalonchemicalindustries.com\/#website","url":"https:\/\/shalonchemicalindustries.com\/","name":"Shalon Chemical Industries S.a.C","description":"","publisher":{"@id":"https:\/\/shalonchemicalindustries.com\/#organization"},"potentialAction":[{"@type":"SearchAction","target":{"@type":"EntryPoint","urlTemplate":"https:\/\/shalonchemicalindustries.com\/?s={search_term_string}"},"query-input":{"@type":"PropertyValueSpecification","valueRequired":true,"valueName":"search_term_string"}}],"inLanguage":"es"},{"@type":"Organization","@id":"https:\/\/shalonchemicalindustries.com\/#organization","name":"Shalon Chemical Industries S.a.C","url":"https:\/\/shalonchemicalindustries.com\/","logo":{"@type":"ImageObject","inLanguage":"es","@id":"https:\/\/shalonchemicalindustries.com\/#\/schema\/logo\/image\/","url":"https:\/\/shalonchemicalindustries.com\/wp-content\/uploads\/2026\/04\/cropped-logo.png","contentUrl":"https:\/\/shalonchemicalindustries.com\/wp-content\/uploads\/2026\/04\/cropped-logo.png","width":163,"height":89,"caption":"Shalon Chemical Industries S.a.C"},"image":{"@id":"https:\/\/shalonchemicalindustries.com\/#\/schema\/logo\/image\/"}}]}},"_links":{"self":[{"href":"https:\/\/shalonchemicalindustries.com\/index.php\/wp-json\/wp\/v2\/pages\/292","targetHints":{"allow":["GET"]}}],"collection":[{"href":"https:\/\/shalonchemicalindustries.com\/index.php\/wp-json\/wp\/v2\/pages"}],"about":[{"href":"https:\/\/shalonchemicalindustries.com\/index.php\/wp-json\/wp\/v2\/types\/page"}],"author":[{"embeddable":true,"href":"https:\/\/shalonchemicalindustries.com\/index.php\/wp-json\/wp\/v2\/users\/1"}],"replies":[{"embeddable":true,"href":"https:\/\/shalonchemicalindustries.com\/index.php\/wp-json\/wp\/v2\/comments?post=292"}],"version-history":[{"count":11,"href":"https:\/\/shalonchemicalindustries.com\/index.php\/wp-json\/wp\/v2\/pages\/292\/revisions"}],"predecessor-version":[{"id":544,"href":"https:\/\/shalonchemicalindustries.com\/index.php\/wp-json\/wp\/v2\/pages\/292\/revisions\/544"}],"wp:attachment":[{"href":"https:\/\/shalonchemicalindustries.com\/index.php\/wp-json\/wp\/v2\/media?parent=292"}],"curies":[{"name":"wp","href":"https:\/\/api.w.org\/{rel}","templated":true}]}}