{"id":313,"date":"2026-04-08T02:16:45","date_gmt":"2026-04-08T02:16:45","guid":{"rendered":"https:\/\/shalonchemicalindustries.com\/?page_id=313"},"modified":"2026-04-09T15:50:27","modified_gmt":"2026-04-09T15:50:27","slug":"productos-aislantes","status":"publish","type":"page","link":"https:\/\/shalonchemicalindustries.com\/index.php\/productos-aislantes\/","title":{"rendered":"Aislantes"},"content":{"rendered":"\n<h2 class=\"wp-block-heading has-text-align-center has-vivid-red-color has-text-color has-link-color wp-elements-667a1291775cddbe973830b0ceb22ac2\" style=\"font-size:46px\"><strong>PRODUCTOS<\/strong><\/h2>\n\n\n\n<div class=\"wp-block-buttons is-content-justification-center is-layout-flex wp-container-core-buttons-is-layout-16018d1d wp-block-buttons-is-layout-flex\">\n<div class=\"wp-block-button\"><a class=\"wp-block-button__link has-white-color has-text-color has-link-color wp-element-button\" href=\"https:\/\/shalonchemicalindustries.com\/index.php\/productos-ladrillos\/\">LADRILLOS<\/a><\/div>\n\n\n\n<div class=\"wp-block-button\"><a class=\"wp-block-button__link has-white-color has-text-color has-link-color wp-element-button\" href=\"https:\/\/shalonchemicalindustries.com\/index.php\/productos-morteros\/\">MORTEROS<\/a><\/div>\n\n\n\n<div class=\"wp-block-button\"><a class=\"wp-block-button__link has-white-color has-text-color has-link-color wp-element-button\" href=\"https:\/\/shalonchemicalindustries.com\/index.php\/productos-castables\/\">CASTABLES<\/a><\/div>\n\n\n\n<div class=\"wp-block-button\"><a class=\"wp-block-button__link has-white-color has-text-color has-link-color wp-element-button\" href=\"https:\/\/shalonchemicalindustries.com\/index.php\/productos-plasticos\/\">PLASTICOS<\/a><\/div>\n\n\n\n<div class=\"wp-block-button\"><a class=\"wp-block-button__link has-white-color has-text-color has-link-color wp-element-button\" href=\"https:\/\/shalonchemicalindustries.com\/index.php\/productos-pinturas\/\">PINTURAS<\/a><\/div>\n\n\n\n<div class=\"wp-block-button\"><a class=\"wp-block-button__link has-white-color has-text-color has-link-color wp-element-button\" href=\"https:\/\/shalonchemicalindustries.com\/index.php\/productos-aislantes\/\">AISLANTES<\/a><\/div>\n\n\n\n<div class=\"wp-block-button\"><a class=\"wp-block-button__link has-white-color has-text-color has-link-color wp-element-button\" href=\"https:\/\/shalonchemicalindustries.com\/index.php\/productos-conos\/\">CONOS<\/a><\/div>\n<\/div>\n\n\n\n<p class=\"has-white-color has-text-color has-link-color wp-elements-3ed1a65d90b2d73893f4f6cbb2501a16\">&#8230;<\/p>\n\n\n\n<h2 class=\"wp-block-heading has-text-align-center has-vivid-red-color has-text-color has-link-color wp-elements-afce6d4afb094d27a59127d0b80cf649\" style=\"font-size:40px\"><strong>LADRILLOS AISLANTES SCHEMIN<\/strong><\/h2>\n\n\n<div class=\"wp-block-image\">\n<figure class=\"aligncenter size-full\"><img loading=\"lazy\" decoding=\"async\" width=\"216\" height=\"195\" src=\"https:\/\/shalonchemicalindustries.com\/wp-content\/uploads\/2026\/04\/Aislantes.jpg\" alt=\"\" class=\"wp-image-315\"\/><\/figure>\n<\/div>\n\n\n<p class=\"has-black-color has-text-color has-link-color wp-elements-00d427ceecf1303d2a5091e988cc022d\">Su composici\u00f3n hace que sean muy estables y fuertes a temperaturas altas, con excelente resistencia al ataque de \u00e1lcali. La micro estructura \u00fanica produce un ladrillo aislante con buena resistencia de choque t\u00e9rmico en relaci\u00f3n con el ladrillo refractario denso. Los ladrillos aislantes son ergon\u00f3micos, de poco peso, con un alto porcentaje de burbujas de aire aislantes dispersas uniformemente por todo el ladrillo. Como resultado, conducen menos calor dentro de un horno o estufa que los otros aislantes mas pesados.<\/p>\n\n\n\n<p class=\"has-black-color has-text-color has-link-color wp-elements-b077f2cdd3afced9171560ac621f273d\"><strong>TIPOS:<\/strong><\/p>\n\n\n\n<ul class=\"wp-block-list\">\n<li class=\"has-black-color has-text-color has-link-color wp-elements-c0c34fc923716cc3100d6e42719f014b\">Ladrillo Aislante K \u2013 20<\/li>\n\n\n\n<li class=\"has-black-color has-text-color has-link-color wp-elements-087837e6352c3335404c6fda5beae136\">Ladrillo Aislante K \u2013 23<\/li>\n\n\n\n<li class=\"has-black-color has-text-color has-link-color wp-elements-e1987c5d637bebc565d4af6c0dc9cc99\">Ladrillo Aislante K \u2013 26<\/li>\n<\/ul>\n\n\n\n<p class=\"has-black-color has-text-color has-link-color wp-elements-f123ae8e8ae224391e2211e105757529\"><strong>USOS Y APLICACI\u00d3N:<\/strong><\/p>\n\n\n\n<ul class=\"wp-block-list\">\n<li class=\"has-black-color has-text-color has-link-color wp-elements-9afc8458cae1d91b643d33913a8eae34\">Se emplea como aislante t\u00e9rmico para el forro o revestimiento de hornos de uso cer\u00e1mico el\u00e9ctricos o a gas.<\/li>\n\n\n\n<li class=\"has-black-color has-text-color has-link-color wp-elements-676ac739230962297d6a194ab06e3ba3\">Aislamiento de respaldo en c\u00e9lulas electrol\u00edticas de aluminio.<\/li>\n\n\n\n<li class=\"has-black-color has-text-color has-link-color wp-elements-4ec4e5b0a2fe0cea08f309529f2fc817\">Forro de hornos de afici\u00f3n.<\/li>\n\n\n\n<li class=\"has-black-color has-text-color has-link-color wp-elements-5f7beaf46b03068d6c05c71e102478f5\">El aislamiento de respaldo para el alto horno.<\/li>\n\n\n\n<li class=\"has-black-color has-text-color has-link-color wp-elements-3587667e9faf798fb3fa68f4989871cb\">Forros para hornos de carburizado.<\/li>\n\n\n\n<li class=\"has-black-color has-text-color has-link-color wp-elements-cde7e1fe4329c409d19f46109bbdf7a2\">Forro de hornos de forja.<\/li>\n\n\n\n<li class=\"has-black-color has-text-color has-link-color wp-elements-5f46b34575e69acc1e12c07e2a905b85\">Revestimiento externo de hornos que cuecen carb\u00f3n.<\/li>\n\n\n\n<li class=\"has-black-color has-text-color has-link-color wp-elements-5184d45789dd50825d1a111b898e9d74\">Para forrar cualquier horno con el fin de evitar perdida de calor.<\/li>\n\n\n\n<li class=\"has-black-color has-text-color has-link-color wp-elements-f857ac9b5dda7e9ca9810465a1a1e588\">Para unir ladrillos aislantes, se recomienda usar Mortero Schemin Maxil.<\/li>\n<\/ul>\n\n\n\n<p class=\"has-black-color has-text-color has-link-color wp-elements-65ec09610c7cb79dbf5fbead76af0bee\"><strong>RESISTENCIA:&nbsp;<\/strong><\/p>\n\n\n\n<p class=\"has-black-color has-text-color has-link-color wp-elements-c2d0e7235defe99c3d0c8365eb47722d\">En la siguiente tabla se detalla el grado de resistencia.<\/p>\n\n\n\n<figure class=\"wp-block-table is-style-regular\"><table class=\"has-black-color has-text-color has-link-color has-fixed-layout\"><tbody><tr><td><strong>Tipo de Ladrillo<\/strong><\/td><td><strong>Temp. M\u00e1x.<\/strong><\/td><\/tr><tr><td><strong>Ladrillo Aislante K \u2013 20<\/strong><\/td><td>1,100\u00ba C<\/td><\/tr><tr><td><strong>Ladrillo Aislante K \u2013 23<\/strong><\/td><td>1,260\u00ba C<\/td><\/tr><tr><td><strong>Ladrillo Aislante K \u2013 26<\/strong><\/td><td>1,425\u00ba C<\/td><\/tr><\/tbody><\/table><\/figure>\n\n\n\n<h2 class=\"wp-block-heading has-text-align-center has-vivid-red-color has-text-color has-link-color wp-elements-8650d2078e7d4d4f65a45c48c47ae9fb\" style=\"font-size:40px\"><strong>FIBRA CER\u00c1MICA SCHEMIN (COLCHONETA O MANTA CER\u00c1MICA)<\/strong><\/h2>\n\n\n<div class=\"wp-block-image\">\n<figure class=\"aligncenter size-full\"><img loading=\"lazy\" decoding=\"async\" width=\"423\" height=\"219\" src=\"https:\/\/shalonchemicalindustries.com\/wp-content\/uploads\/2026\/04\/Fibra.jpg\" alt=\"\" class=\"wp-image-318\" srcset=\"https:\/\/shalonchemicalindustries.com\/wp-content\/uploads\/2026\/04\/Fibra.jpg 423w, https:\/\/shalonchemicalindustries.com\/wp-content\/uploads\/2026\/04\/Fibra-300x155.jpg 300w\" sizes=\"auto, (max-width: 423px) 100vw, 423px\" \/><\/figure>\n<\/div>\n\n\n<p class=\"has-black-color has-text-color has-link-color wp-elements-bf07ed7524fcc7f8e7e8e7db7c0e19ce\">Son mantas que tienen la forma de rollos, poseen excelente resistencia a ataques de qu\u00edmicos, excepto \u00e1cido fluorh\u00eddrico, es un producto muy manejable. Presentados en Cajas de 4.60 m2 x 1\u201d de espesor. Combina la resistencia al calor de un ladrillo refractario con bajo peso y la flexibilidad de una fibra refractaria. Tiene mayor capacidad aislante que un refractario denso, adem\u00e1s de baja conductividad t\u00e9rmica, bajo almacenamiento de calor, resistencia al choque t\u00e9rmico, alta resistencia a la tensi\u00f3n y absorbe el sonido. Puede resistir temperaturas desde 538\u00b0C ( 1000 \u00b0F ) hasta 1482\u00b0C ( 2700\u00b0F ).<\/p>\n\n\n\n<p class=\"has-black-color has-text-color has-link-color wp-elements-f123ae8e8ae224391e2211e105757529\"><strong>USOS Y APLICACI\u00d3N:<\/strong><\/p>\n\n\n\n<ul class=\"wp-block-list\">\n<li class=\"has-black-color has-text-color has-link-color wp-elements-7540c2510d8bc94acfbb5af7fe3d410f\">Hornos de tratamiento t\u00e9rmico.<\/li>\n\n\n\n<li class=\"has-black-color has-text-color has-link-color wp-elements-6b1e750a682fea38f3508fa4e0f5a432\">Sellos y aislamiento en puertas.<\/li>\n\n\n\n<li class=\"has-black-color has-text-color has-link-color wp-elements-c72d8b66da3c9d4b526a479c66d7d562\">Hornos de precalentamiento y tapas de ollas.<\/li>\n\n\n\n<li class=\"has-black-color has-text-color has-link-color wp-elements-adf138c75d323f407d04c3f18b8261c3\">Reparaciones en la cara caliente de los hornos.<\/li>\n\n\n\n<li class=\"has-black-color has-text-color has-link-color wp-elements-d5e3ee3bce666e04775973f4f4b9faf0\">Carros de baja masa t\u00e9rmica.<\/li>\n\n\n\n<li class=\"has-black-color has-text-color has-link-color wp-elements-9c72e6affe4ad6ed089c1453720aed85\">Hornos intermitentes y continuos.<\/li>\n\n\n\n<li class=\"has-black-color has-text-color has-link-color wp-elements-38b4debb48cd280d64360e627471d3c9\">Producto moldeable en cualquier superficie, rapidez y facilidad de instalaci\u00f3n, es muy econ\u00f3mico para instalar.<\/li>\n<\/ul>\n\n\n\n<p class=\"has-black-color has-text-color has-link-color wp-elements-6e7d01ceada5a818601dd0582627e1b7\"><strong>RESISTENCIA:<\/strong><\/p>\n\n\n\n<p class=\"has-black-color has-text-color has-link-color wp-elements-c2d0e7235defe99c3d0c8365eb47722d\">En la siguiente tabla se detalla el grado de resistencia.<\/p>\n\n\n\n<figure class=\"wp-block-table is-style-regular\"><table class=\"has-black-color has-text-color has-link-color has-fixed-layout\"><tbody><tr><td><strong>Tipo de Fibra<\/strong><\/td><td><strong>Temp. M\u00e1x.<\/strong><\/td><\/tr><tr><td><strong>Fibra Cer\u00e1mica Normal<\/strong><\/td><td><strong>1,260\u00ba C<\/strong><\/td><\/tr><tr><td><strong>Fibra Cer\u00e1mica Alta<\/strong><\/td><td><strong>1,425\u00ba C<\/strong><\/td><\/tr><\/tbody><\/table><\/figure>\n\n\n\n<h2 class=\"wp-block-heading has-text-align-center has-vivid-red-color has-text-color has-link-color wp-elements-db28f6e20fce120aa95f6b2fc8e2f094\" style=\"font-size:40px\"><strong>PLACA DE FIBRA CERAMICA SCHEMIN<\/strong><\/h2>\n\n\n<div class=\"wp-block-image\">\n<figure class=\"aligncenter size-full is-resized\"><img loading=\"lazy\" decoding=\"async\" width=\"215\" height=\"223\" src=\"https:\/\/shalonchemicalindustries.com\/wp-content\/uploads\/2026\/04\/PLACA.jpg\" alt=\"\" class=\"wp-image-345\" style=\"width:215px;height:auto\"\/><\/figure>\n<\/div>\n\n\n<p class=\"has-black-color has-text-color has-link-color wp-elements-e6889437f00c337eb68c22331d7a5e2e\">Son tableros compuestos de materiales de fibras refractarias con espesor est\u00e1ndar. Est\u00e1 hecho de material refractario liviano procesado con fibras de al\u00famina &#8211; s\u00edlice y aglutinantes seleccionados, que le brindan baja conductividad t\u00e9rmica, bajo almacenamiento de calor, peso ligero, excelente resistencia al choque t\u00e9rmico y propiedades especiales de gran resistencia, permiti\u00e9ndole aplicar a temperaturas de hasta 1450\u00b0C.<\/p>\n\n\n\n<p class=\"has-black-color has-text-color has-link-color wp-elements-1d021f3bf840b4a1c1eeb2ef0e73b1a9\"><strong>USO Y APLICACI\u00d3N<\/strong><\/p>\n\n\n\n<ul class=\"wp-block-list\">\n<li class=\"has-black-color has-text-color has-link-color wp-elements-09540ec71f7c965e2c9edf4c340b02e0\">Revestimiento aislante para hornos industriales en las paredes, techos, puertas, chimeneas, etc.<\/li>\n\n\n\n<li class=\"has-black-color has-text-color has-link-color wp-elements-f34dce1d7b56906a50c128a8304b5c4c\">Aislamiento de respaldo de ladrillos y refractarios monol\u00edticos.<\/li>\n\n\n\n<li class=\"has-black-color has-text-color has-link-color wp-elements-c8d057eda720b85667fbc775aa82d642\">Revestimientos de c\u00e1mara de combusti\u00f3n, calderas y calentadores.<\/li>\n\n\n\n<li class=\"has-black-color has-text-color has-link-color wp-elements-1ffca7c29020f78cf88c647ab5119a7f\">Juntas de dilataci\u00f3n.<\/li>\n\n\n\n<li class=\"has-black-color has-text-color has-link-color wp-elements-64aa6f34b9cd15f89bc18739734db697\">Cara caliente para capa de alta velocidad o atm\u00f3sfera abrasivo del horno.<\/li>\n\n\n\n<li class=\"has-black-color has-text-color has-link-color wp-elements-67d32e2eef29650ed69125e7ae927e03\">Barrera contra fuego o calor.<\/li>\n<\/ul>\n\n\n\n<p><\/p>\n","protected":false},"excerpt":{"rendered":"<p>PRODUCTOS &#8230; LADRILLOS AISLANTES SCHEMIN Su composici\u00f3n hace que sean muy estables y fuertes a temperaturas altas, con excelente resistencia al ataque de \u00e1lcali. La micro estructura \u00fanica produce un &#8230;<\/p>\n","protected":false},"author":1,"featured_media":0,"parent":0,"menu_order":0,"comment_status":"closed","ping_status":"closed","template":"","meta":{"_joinchat":[],"footnotes":""},"class_list":["post-313","page","type-page","status-publish","hentry"],"yoast_head":"<!-- This site is optimized with the Yoast SEO plugin v27.4 - https:\/\/yoast.com\/product\/yoast-seo-wordpress\/ -->\n<title>Aislantes - Shalon Chemical Industries S.a.C<\/title>\n<meta name=\"robots\" content=\"index, follow, max-snippet:-1, max-image-preview:large, max-video-preview:-1\" \/>\n<link rel=\"canonical\" href=\"https:\/\/shalonchemicalindustries.com\/index.php\/productos-aislantes\/\" \/>\n<meta property=\"og:locale\" content=\"es_ES\" \/>\n<meta property=\"og:type\" content=\"article\" \/>\n<meta property=\"og:title\" content=\"Aislantes - Shalon Chemical Industries S.a.C\" \/>\n<meta property=\"og:description\" content=\"PRODUCTOS &#8230; LADRILLOS AISLANTES SCHEMIN Su composici\u00f3n hace que sean muy estables y fuertes a temperaturas altas, con excelente resistencia al ataque de \u00e1lcali. La micro estructura \u00fanica produce un ...\" \/>\n<meta property=\"og:url\" content=\"https:\/\/shalonchemicalindustries.com\/index.php\/productos-aislantes\/\" \/>\n<meta property=\"og:site_name\" content=\"Shalon Chemical Industries S.a.C\" \/>\n<meta property=\"article:modified_time\" content=\"2026-04-09T15:50:27+00:00\" \/>\n<meta property=\"og:image\" content=\"https:\/\/shalonchemicalindustries.com\/wp-content\/uploads\/2026\/04\/Aislantes.jpg\" \/>\n\t<meta property=\"og:image:width\" content=\"216\" \/>\n\t<meta property=\"og:image:height\" content=\"195\" \/>\n\t<meta property=\"og:image:type\" content=\"image\/jpeg\" \/>\n<meta name=\"twitter:card\" content=\"summary_large_image\" \/>\n<meta name=\"twitter:label1\" content=\"Tiempo de lectura\" \/>\n\t<meta name=\"twitter:data1\" content=\"3 minutos\" \/>\n<script type=\"application\/ld+json\" class=\"yoast-schema-graph\">{\"@context\":\"https:\\\/\\\/schema.org\",\"@graph\":[{\"@type\":\"WebPage\",\"@id\":\"https:\\\/\\\/shalonchemicalindustries.com\\\/index.php\\\/productos-aislantes\\\/\",\"url\":\"https:\\\/\\\/shalonchemicalindustries.com\\\/index.php\\\/productos-aislantes\\\/\",\"name\":\"Aislantes - Shalon Chemical Industries S.a.C\",\"isPartOf\":{\"@id\":\"https:\\\/\\\/shalonchemicalindustries.com\\\/#website\"},\"primaryImageOfPage\":{\"@id\":\"https:\\\/\\\/shalonchemicalindustries.com\\\/index.php\\\/productos-aislantes\\\/#primaryimage\"},\"image\":{\"@id\":\"https:\\\/\\\/shalonchemicalindustries.com\\\/index.php\\\/productos-aislantes\\\/#primaryimage\"},\"thumbnailUrl\":\"https:\\\/\\\/shalonchemicalindustries.com\\\/wp-content\\\/uploads\\\/2026\\\/04\\\/Aislantes.jpg\",\"datePublished\":\"2026-04-08T02:16:45+00:00\",\"dateModified\":\"2026-04-09T15:50:27+00:00\",\"breadcrumb\":{\"@id\":\"https:\\\/\\\/shalonchemicalindustries.com\\\/index.php\\\/productos-aislantes\\\/#breadcrumb\"},\"inLanguage\":\"es\",\"potentialAction\":[{\"@type\":\"ReadAction\",\"target\":[\"https:\\\/\\\/shalonchemicalindustries.com\\\/index.php\\\/productos-aislantes\\\/\"]}]},{\"@type\":\"ImageObject\",\"inLanguage\":\"es\",\"@id\":\"https:\\\/\\\/shalonchemicalindustries.com\\\/index.php\\\/productos-aislantes\\\/#primaryimage\",\"url\":\"https:\\\/\\\/shalonchemicalindustries.com\\\/wp-content\\\/uploads\\\/2026\\\/04\\\/Aislantes.jpg\",\"contentUrl\":\"https:\\\/\\\/shalonchemicalindustries.com\\\/wp-content\\\/uploads\\\/2026\\\/04\\\/Aislantes.jpg\",\"width\":216,\"height\":195},{\"@type\":\"BreadcrumbList\",\"@id\":\"https:\\\/\\\/shalonchemicalindustries.com\\\/index.php\\\/productos-aislantes\\\/#breadcrumb\",\"itemListElement\":[{\"@type\":\"ListItem\",\"position\":1,\"name\":\"Portada\",\"item\":\"https:\\\/\\\/shalonchemicalindustries.com\\\/\"},{\"@type\":\"ListItem\",\"position\":2,\"name\":\"Aislantes\"}]},{\"@type\":\"WebSite\",\"@id\":\"https:\\\/\\\/shalonchemicalindustries.com\\\/#website\",\"url\":\"https:\\\/\\\/shalonchemicalindustries.com\\\/\",\"name\":\"Shalon Chemical Industries S.a.C\",\"description\":\"\",\"publisher\":{\"@id\":\"https:\\\/\\\/shalonchemicalindustries.com\\\/#organization\"},\"potentialAction\":[{\"@type\":\"SearchAction\",\"target\":{\"@type\":\"EntryPoint\",\"urlTemplate\":\"https:\\\/\\\/shalonchemicalindustries.com\\\/?s={search_term_string}\"},\"query-input\":{\"@type\":\"PropertyValueSpecification\",\"valueRequired\":true,\"valueName\":\"search_term_string\"}}],\"inLanguage\":\"es\"},{\"@type\":\"Organization\",\"@id\":\"https:\\\/\\\/shalonchemicalindustries.com\\\/#organization\",\"name\":\"Shalon Chemical Industries S.a.C\",\"url\":\"https:\\\/\\\/shalonchemicalindustries.com\\\/\",\"logo\":{\"@type\":\"ImageObject\",\"inLanguage\":\"es\",\"@id\":\"https:\\\/\\\/shalonchemicalindustries.com\\\/#\\\/schema\\\/logo\\\/image\\\/\",\"url\":\"https:\\\/\\\/shalonchemicalindustries.com\\\/wp-content\\\/uploads\\\/2026\\\/04\\\/cropped-logo.png\",\"contentUrl\":\"https:\\\/\\\/shalonchemicalindustries.com\\\/wp-content\\\/uploads\\\/2026\\\/04\\\/cropped-logo.png\",\"width\":163,\"height\":89,\"caption\":\"Shalon Chemical Industries S.a.C\"},\"image\":{\"@id\":\"https:\\\/\\\/shalonchemicalindustries.com\\\/#\\\/schema\\\/logo\\\/image\\\/\"}}]}<\/script>\n<!-- \/ Yoast SEO plugin. -->","yoast_head_json":{"title":"Aislantes - Shalon Chemical Industries S.a.C","robots":{"index":"index","follow":"follow","max-snippet":"max-snippet:-1","max-image-preview":"max-image-preview:large","max-video-preview":"max-video-preview:-1"},"canonical":"https:\/\/shalonchemicalindustries.com\/index.php\/productos-aislantes\/","og_locale":"es_ES","og_type":"article","og_title":"Aislantes - Shalon Chemical Industries S.a.C","og_description":"PRODUCTOS &#8230; LADRILLOS AISLANTES SCHEMIN Su composici\u00f3n hace que sean muy estables y fuertes a temperaturas altas, con excelente resistencia al ataque de \u00e1lcali. La micro estructura \u00fanica produce un ...","og_url":"https:\/\/shalonchemicalindustries.com\/index.php\/productos-aislantes\/","og_site_name":"Shalon Chemical Industries S.a.C","article_modified_time":"2026-04-09T15:50:27+00:00","og_image":[{"width":216,"height":195,"url":"https:\/\/shalonchemicalindustries.com\/wp-content\/uploads\/2026\/04\/Aislantes.jpg","type":"image\/jpeg"}],"twitter_card":"summary_large_image","twitter_misc":{"Tiempo de lectura":"3 minutos"},"schema":{"@context":"https:\/\/schema.org","@graph":[{"@type":"WebPage","@id":"https:\/\/shalonchemicalindustries.com\/index.php\/productos-aislantes\/","url":"https:\/\/shalonchemicalindustries.com\/index.php\/productos-aislantes\/","name":"Aislantes - Shalon Chemical Industries S.a.C","isPartOf":{"@id":"https:\/\/shalonchemicalindustries.com\/#website"},"primaryImageOfPage":{"@id":"https:\/\/shalonchemicalindustries.com\/index.php\/productos-aislantes\/#primaryimage"},"image":{"@id":"https:\/\/shalonchemicalindustries.com\/index.php\/productos-aislantes\/#primaryimage"},"thumbnailUrl":"https:\/\/shalonchemicalindustries.com\/wp-content\/uploads\/2026\/04\/Aislantes.jpg","datePublished":"2026-04-08T02:16:45+00:00","dateModified":"2026-04-09T15:50:27+00:00","breadcrumb":{"@id":"https:\/\/shalonchemicalindustries.com\/index.php\/productos-aislantes\/#breadcrumb"},"inLanguage":"es","potentialAction":[{"@type":"ReadAction","target":["https:\/\/shalonchemicalindustries.com\/index.php\/productos-aislantes\/"]}]},{"@type":"ImageObject","inLanguage":"es","@id":"https:\/\/shalonchemicalindustries.com\/index.php\/productos-aislantes\/#primaryimage","url":"https:\/\/shalonchemicalindustries.com\/wp-content\/uploads\/2026\/04\/Aislantes.jpg","contentUrl":"https:\/\/shalonchemicalindustries.com\/wp-content\/uploads\/2026\/04\/Aislantes.jpg","width":216,"height":195},{"@type":"BreadcrumbList","@id":"https:\/\/shalonchemicalindustries.com\/index.php\/productos-aislantes\/#breadcrumb","itemListElement":[{"@type":"ListItem","position":1,"name":"Portada","item":"https:\/\/shalonchemicalindustries.com\/"},{"@type":"ListItem","position":2,"name":"Aislantes"}]},{"@type":"WebSite","@id":"https:\/\/shalonchemicalindustries.com\/#website","url":"https:\/\/shalonchemicalindustries.com\/","name":"Shalon Chemical Industries S.a.C","description":"","publisher":{"@id":"https:\/\/shalonchemicalindustries.com\/#organization"},"potentialAction":[{"@type":"SearchAction","target":{"@type":"EntryPoint","urlTemplate":"https:\/\/shalonchemicalindustries.com\/?s={search_term_string}"},"query-input":{"@type":"PropertyValueSpecification","valueRequired":true,"valueName":"search_term_string"}}],"inLanguage":"es"},{"@type":"Organization","@id":"https:\/\/shalonchemicalindustries.com\/#organization","name":"Shalon Chemical Industries S.a.C","url":"https:\/\/shalonchemicalindustries.com\/","logo":{"@type":"ImageObject","inLanguage":"es","@id":"https:\/\/shalonchemicalindustries.com\/#\/schema\/logo\/image\/","url":"https:\/\/shalonchemicalindustries.com\/wp-content\/uploads\/2026\/04\/cropped-logo.png","contentUrl":"https:\/\/shalonchemicalindustries.com\/wp-content\/uploads\/2026\/04\/cropped-logo.png","width":163,"height":89,"caption":"Shalon Chemical Industries S.a.C"},"image":{"@id":"https:\/\/shalonchemicalindustries.com\/#\/schema\/logo\/image\/"}}]}},"_links":{"self":[{"href":"https:\/\/shalonchemicalindustries.com\/index.php\/wp-json\/wp\/v2\/pages\/313","targetHints":{"allow":["GET"]}}],"collection":[{"href":"https:\/\/shalonchemicalindustries.com\/index.php\/wp-json\/wp\/v2\/pages"}],"about":[{"href":"https:\/\/shalonchemicalindustries.com\/index.php\/wp-json\/wp\/v2\/types\/page"}],"author":[{"embeddable":true,"href":"https:\/\/shalonchemicalindustries.com\/index.php\/wp-json\/wp\/v2\/users\/1"}],"replies":[{"embeddable":true,"href":"https:\/\/shalonchemicalindustries.com\/index.php\/wp-json\/wp\/v2\/comments?post=313"}],"version-history":[{"count":8,"href":"https:\/\/shalonchemicalindustries.com\/index.php\/wp-json\/wp\/v2\/pages\/313\/revisions"}],"predecessor-version":[{"id":346,"href":"https:\/\/shalonchemicalindustries.com\/index.php\/wp-json\/wp\/v2\/pages\/313\/revisions\/346"}],"wp:attachment":[{"href":"https:\/\/shalonchemicalindustries.com\/index.php\/wp-json\/wp\/v2\/media?parent=313"}],"curies":[{"name":"wp","href":"https:\/\/api.w.org\/{rel}","templated":true}]}}